{"id":55010,"date":"2024-05-24T13:58:22","date_gmt":"2024-05-24T13:58:22","guid":{"rendered":"https:\/\/scottmax.com\/?page_id=55010"},"modified":"2024-07-22T13:34:35","modified_gmt":"2024-07-22T13:34:35","slug":"verbinden-sie-sich-und-werden-sie-partner","status":"publish","type":"page","link":"https:\/\/scottmax.com\/de\/connect-become-a-partner\/","title":{"rendered":"Verbinden Sie Werden Sie Partner"},"content":{"rendered":"\n<h1 class=\"wp-block-heading has-text-align-center\">Get Connected With The Right Clients<\/h1>\n\n\n\n<h4 class=\"wp-block-heading has-text-align-center\">Tell Us About Your Agency\/Service<\/h4>\n\n\n\n<p class=\"has-text-align-center wp-block-paragraph\">We'll list you on our articles and (If you like) help you get more ideal clients.<br>Before you submit, check out <a href=\"https:\/\/scottmax.com\/connect-pricing\/\" data-type=\"page\" data-id=\"60228\"><span style=\"text-decoration: underline;\">our pricing\ud83d\udc40<\/span><\/a>.<\/p>\n\n\n\n<p class=\"has-text-align-center wp-block-paragraph\">We manually check and verify your request before listing you or adding you to our matching list.<\/p>\n\n\n\n<figure class=\"wp-block-table\"><table><tbody><tr><td><div class=\"wpforms-container wpforms-lead-forms-container\" id=\"wpforms-55014\"><form id=\"wpforms-form-55014\" class=\"wpforms-validate wpforms-form wpforms-ajax-form\" data-formid=\"55014\" method=\"post\" enctype=\"multipart\/form-data\" action=\"\/de\/wp-json\/wp\/v2\/pages\/55010\" data-token=\"2487bea575288c90582c854fc8e3a45d\" data-token-time=\"1777542684\"><noscript class=\"wpforms-error-noscript\">Bitte aktivieren Sie JavaScript in Ihrem Browser, um dieses Formular fertigzustellen.<\/noscript><div class=\"wpforms-page-indicator progress\" data-indicator=\"progress\" data-indicator-color=\"#e9435a\" data-scroll=\"0\"><span class=\"wpforms-page-indicator-page-title\" data-page-1-title=\"8 Questions, Takes 2 Mins\" data-page-5-title=\"Last step! Just your contact details\">8 Questions, Takes 2 Mins<\/span><span class=\"wpforms-page-indicator-page-title-sep\" > - <\/span><span class=\"wpforms-page-indicator-steps\">Step <span class=\"wpforms-page-indicator-steps-current\">1<\/span> of 5<\/span><div class=\"wpforms-page-indicator-page-progress-wrap\"><div class=\"wpforms-page-indicator-page-progress\" style=\"width:20%;background-color:#e9435a\"><\/div><\/div><\/div><div class=\"wpforms-field-container\"><div class=\"wpforms-page wpforms-page-1 \" data-page=\"1\"><div class=\"wpforms-page-break-title\">\n\t8 Questions, Takes 2 Mins<\/div>\n<div id=\"wpforms-55014-field_18-container\" class=\"wpforms-field wpforms-field-pagebreak\" data-field-id=\"18\"><\/div><div id=\"wpforms-55014-field_61-container\" class=\"wpforms-field wpforms-field-text\" data-field-id=\"61\"><label class=\"wpforms-field-label\" for=\"wpforms-55014-field_61\">1, What is your URL: <span class=\"wpforms-required-label\">*<\/span><\/label><input type=\"text\" id=\"wpforms-55014-field_61\" class=\"wpforms-field-large wpforms-field-required\" name=\"wpforms[fields][61]\" placeholder=\"https:\/\/...\" required><\/div>\t\t<div id=\"wpforms-55014-field_2-container\"\n\t\t\tclass=\"wpforms-field wpforms-field-text\"\n\t\t\tdata-field-type=\"text\"\n\t\t\tdata-field-id=\"2\"\n\t\t\t>\n\t\t\t<label class=\"wpforms-field-label\" for=\"wpforms-55014-field_2\" >Interested Package best<\/label>\n\t\t\t<input type=\"text\" id=\"wpforms-55014-field_2\" class=\"wpforms-field-medium\" name=\"wpforms[fields][2]\" >\n\t\t<\/div>\n\t\t<div id=\"wpforms-55014-field_38-container\" class=\"wpforms-field wpforms-field-pagebreak\" data-field-id=\"38\"><div class=\"wpforms-clear wpforms-pagebreak-left\"><button class=\"wpforms-page-button wpforms-page-next\" data-action=\"next\" data-page=\"1\" data-formid=\"55014\" disabled>Next<\/button><div class=\"wpforms-lead-forms-progress\">\n\t<div role='progressbar'\n\t\t class=\"wpforms-lead-forms-progress-bar\"\n\t\t style=\"width: 16.67%;\"\n\t\t aria-valuenow=\"1\"\n\t\t aria-valuemin=\"1\"\n\t\t aria-valuemax=\"6\"\n\t\t ><\/div>\n<\/div>\n<\/div><\/div><\/div><div class=\"wpforms-page wpforms-page-2  \" data-page=\"2\" style=\"display:none;\"><div id=\"wpforms-55014-field_35-container\" class=\"wpforms-field wpforms-field-email\" data-field-id=\"35\"><label class=\"wpforms-field-label\" for=\"wpforms-55014-field_35\">2, Which Category + City Would You Be Interested In? <span class=\"wpforms-required-label\">*<\/span><\/label><input type=\"email\" id=\"wpforms-55014-field_35\" class=\"wpforms-field-large wpforms-field-required\" name=\"wpforms[fields][35]\" spellcheck=\"false\" required><\/div><div id=\"wpforms-55014-field_17-container\" class=\"wpforms-field wpforms-field-pagebreak\" data-field-id=\"17\"><div class=\"wpforms-clear wpforms-pagebreak-left\"><button class=\"wpforms-page-button wpforms-page-next\" data-action=\"next\" data-page=\"2\" data-formid=\"55014\" disabled>Next<\/button><div class=\"wpforms-lead-forms-progress\">\n\t<div role='progressbar'\n\t\t class=\"wpforms-lead-forms-progress-bar\"\n\t\t style=\"width: 16.67%;\"\n\t\t aria-valuenow=\"1\"\n\t\t aria-valuemin=\"1\"\n\t\t aria-valuemax=\"6\"\n\t\t ><\/div>\n<\/div>\n<\/div><\/div><\/div><div class=\"wpforms-page wpforms-page-3  \" data-page=\"3\" style=\"display:none;\"><div id=\"wpforms-55014-field_1-container\" class=\"wpforms-field wpforms-field-text\" data-field-id=\"1\"><label class=\"wpforms-field-label\" for=\"wpforms-55014-field_1\">3, What Article Would You Like To Be Listed On?<\/label><input type=\"text\" id=\"wpforms-55014-field_1\" class=\"wpforms-field-large\" name=\"wpforms[fields][1]\" placeholder=\"https:\/\/scottmax.com\/connect\/...\" ><\/div><div id=\"wpforms-55014-field_64-container\" class=\"wpforms-field wpforms-field-select wpforms-field-select-style-modern\" data-field-id=\"64\"><label class=\"wpforms-field-label\" for=\"wpforms-55014-field_64\">4, Which Package Would You Be Interested In For Your Local Category?<\/label><select id=\"wpforms-55014-field_64\" class=\"wpforms-field-large choicesjs-select\" data-size-class=\"wpforms-field-row wpforms-field-large\" data-search-enabled=\"\" name=\"wpforms[fields][64]\"><option value=\"\" class=\"placeholder\" disabled  selected='selected'><\/option><option value=\"Free Partner\"  class=\"choice-1 depth-1\"  >Free Partner<\/option><option value=\"Verified Partner ($1500\/Year)\"  class=\"choice-2 depth-1\"  >Verified Partner ($1500\/Year)<\/option><option value=\"Featured Partner ($4500\/Year)\"  class=\"choice-3 depth-1\"  >Featured Partner ($4500\/Year)<\/option><\/select><\/div><div id=\"wpforms-55014-field_62-container\" class=\"wpforms-field wpforms-field-pagebreak\" data-field-id=\"62\"><div class=\"wpforms-clear wpforms-pagebreak-left\"><button class=\"wpforms-page-button wpforms-page-next\" data-action=\"next\" data-page=\"3\" data-formid=\"55014\" disabled>Next<\/button><div class=\"wpforms-lead-forms-progress\">\n\t<div role='progressbar'\n\t\t class=\"wpforms-lead-forms-progress-bar\"\n\t\t style=\"width: 16.67%;\"\n\t\t aria-valuenow=\"1\"\n\t\t aria-valuemin=\"1\"\n\t\t aria-valuemax=\"6\"\n\t\t ><\/div>\n<\/div>\n<\/div><\/div><\/div><div class=\"wpforms-page wpforms-page-4  \" data-page=\"4\" style=\"display:none;\"><div id=\"wpforms-55014-field_65-container\" class=\"wpforms-field wpforms-field-radio wpforms-list-inline\" data-field-id=\"65\"><label class=\"wpforms-field-label\">5, Interested in More Locations\/Categories?<\/label><ul id=\"wpforms-55014-field_65\"><li class=\"choice-1 depth-1\"><input type=\"radio\" id=\"wpforms-55014-field_65_1\" class=\"wpforms-screen-reader-element\" name=\"wpforms[fields][65]\" value=\"Yes\"  ><label class=\"wpforms-field-label-inline\" for=\"wpforms-55014-field_65_1\">Yes<\/label><\/li><li class=\"choice-2 depth-1\"><input type=\"radio\" id=\"wpforms-55014-field_65_2\" class=\"wpforms-screen-reader-element\" name=\"wpforms[fields][65]\" value=\"No\"  ><label class=\"wpforms-field-label-inline\" for=\"wpforms-55014-field_65_2\">No<\/label><\/li><\/ul><div class=\"wpforms-field-description\">Discounts are available if you would like verified or featured listings in multiple categories & locations.<\/div><\/div><div id=\"wpforms-55014-field_66-container\" class=\"wpforms-field wpforms-field-radio wpforms-list-inline\" data-field-id=\"66\"><label class=\"wpforms-field-label\">6, Interested in Country\/Worldwide Rankings? <\/label><ul id=\"wpforms-55014-field_66\"><li class=\"choice-1 depth-1\"><input type=\"radio\" id=\"wpforms-55014-field_66_1\" class=\"wpforms-screen-reader-element\" name=\"wpforms[fields][66]\" value=\"Yes\"  ><label class=\"wpforms-field-label-inline\" for=\"wpforms-55014-field_66_1\">Yes<\/label><\/li><li class=\"choice-2 depth-1\"><input type=\"radio\" id=\"wpforms-55014-field_66_2\" class=\"wpforms-screen-reader-element\" name=\"wpforms[fields][66]\" value=\"No\"  ><label class=\"wpforms-field-label-inline\" for=\"wpforms-55014-field_66_2\">No<\/label><\/li><\/ul><div class=\"wpforms-field-description\">You would be invited to a discovery call. Worldwide and countrywide top listings are available at additional & exclusive pricing.<\/div><\/div><div id=\"wpforms-55014-field_67-container\" class=\"wpforms-field wpforms-field-pagebreak\" data-field-id=\"67\"><div class=\"wpforms-clear wpforms-pagebreak-left\"><button class=\"wpforms-page-button wpforms-page-next\" data-action=\"next\" data-page=\"4\" data-formid=\"55014\" disabled>Next<\/button><div class=\"wpforms-lead-forms-progress\">\n\t<div role='progressbar'\n\t\t class=\"wpforms-lead-forms-progress-bar\"\n\t\t style=\"width: 16.67%;\"\n\t\t aria-valuenow=\"1\"\n\t\t aria-valuemin=\"1\"\n\t\t aria-valuemax=\"6\"\n\t\t ><\/div>\n<\/div>\n<\/div><\/div><\/div><div class=\"wpforms-page wpforms-page-5 last \" data-page=\"5\" style=\"display:none;\"><div class=\"wpforms-page-break-title\">\n\tLast step! Just your contact details<\/div>\n<div id=\"wpforms-55014-field_69-container\" class=\"wpforms-field wpforms-field-name\" data-field-id=\"69\"><label class=\"wpforms-field-label\">7, Your name for when we reach out <span class=\"wpforms-required-label\">*<\/span><\/label><div class=\"wpforms-field-row wpforms-field-large\"><div class=\"wpforms-field-row-block wpforms-first wpforms-one-half\"><input type=\"text\" id=\"wpforms-55014-field_69\" class=\"wpforms-field-name-first wpforms-field-required\" name=\"wpforms[fields][69][first]\" required><label for=\"wpforms-55014-field_69\" class=\"wpforms-field-sublabel after\">Vorname<\/label><\/div><div class=\"wpforms-field-row-block wpforms-one-half\"><input type=\"text\" id=\"wpforms-55014-field_69-last\" class=\"wpforms-field-name-last wpforms-field-required\" name=\"wpforms[fields][69][last]\" required><label for=\"wpforms-55014-field_69-last\" class=\"wpforms-field-sublabel after\">Nachname<\/label><\/div><\/div><\/div><div id=\"wpforms-55014-field_68-container\" class=\"wpforms-field wpforms-field-email\" data-field-id=\"68\"><label class=\"wpforms-field-label\" for=\"wpforms-55014-field_68\">8, Your best work email <span class=\"wpforms-required-label\">*<\/span><\/label><input type=\"email\" id=\"wpforms-55014-field_68\" class=\"wpforms-field-large wpforms-field-required\" name=\"wpforms[fields][68]\" spellcheck=\"false\" required><\/div><div id=\"wpforms-55014-field_19-container\" class=\"wpforms-field wpforms-field-pagebreak\" data-field-id=\"19\"><div class=\"wpforms-clear wpforms-pagebreak-left\"><\/div><\/div><\/div><script>\n\t\t\t\t( function() {\n\t\t\t\t\tconst style = document.createElement( 'style' );\n\t\t\t\t\tstyle.appendChild( document.createTextNode( '#wpforms-55014-field_2-container { position: absolute !important; overflow: hidden !important; display: inline !important; height: 1px !important; width: 1px !important; z-index: -1000 !important; padding: 0 !important; } #wpforms-55014-field_2-container input { visibility: hidden; } #wpforms-conversational-form-page #wpforms-55014-field_2-container label { counter-increment: none; }' ) );\n\t\t\t\t\tdocument.head.appendChild( style );\n\t\t\t\t\tdocument.currentScript?.remove();\n\t\t\t\t} )();\n\t\t\t<\/script><\/div><!-- .wpforms-field-container --><div class=\"wpforms-submit-container\" style=\"display:none;\"><input type=\"hidden\" name=\"wpforms[id]\" value=\"55014\"><input type=\"hidden\" name=\"page_title\" value=\"\"><input type=\"hidden\" name=\"page_url\" value=\"https:\/\/scottmax.com\/de\/wp-json\/wp\/v2\/pages\/55010\"><input type=\"hidden\" name=\"url_referer\" value=\"\"><button type=\"submit\" name=\"wpforms[submit]\" id=\"wpforms-submit-55014\" class=\"wpforms-submit\" data-alt-text=\"Sending...\" data-submit-text=\"Submit\" aria-live=\"assertive\" value=\"wpforms-submit\">Submit<\/button><img decoding=\"async\" src=\"https:\/\/scottmax.com\/wp-content\/plugins\/wpforms\/assets\/images\/submit-spin.svg\" class=\"wpforms-submit-spinner\" style=\"display: none;\" width=\"26\" height=\"26\" alt=\"Wird geladen\"><div class=\"wpforms-lead-forms-progress\">\n\t<div role='progressbar'\n\t\t class=\"wpforms-lead-forms-progress-bar\"\n\t\t style=\"width: 16.67%;\"\n\t\t aria-valuenow=\"1\"\n\t\t aria-valuemin=\"1\"\n\t\t aria-valuemax=\"6\"\n\t\t ><\/div>\n<\/div>\n<\/div><\/form><\/div>  <!-- .wpforms-container --><style id=\"wpforms-lead-forms-inline-styles\">#wpforms-55014, #wpforms-locked-55014 {\n\t\t\t\t--wpforms-lead-forms-accent-color: 233, 67, 90;\n\t\t\t\t--wpforms-lead-forms-box-shadow: none;\n\t\t\t\t--wpforms-lead-forms-border-radius: 0;\n\t\t\t\t--wpforms-lead-forms-container-background: transparent;\n\t\t\t\t--wpforms-lead-forms-container-background-color: #ffffff;\n\t\t\t\t--wpforms-lead-forms-field-border-color: #cccccc;\n\t\t\t\t--wpforms-lead-forms-primary-text-color: #444444;\n\t\t\t\t--wpforms-lead-forms-secondary-text-color: 119, 119, 119;\n\t\t\t}<\/style><\/td><\/tr><\/tbody><\/table><\/figure>\n\n\n\n<h3 class=\"wp-block-heading has-text-align-center\">Most Popular Agency Services We've Matched Clients With<\/h3>\n\n\n\n<div class=\"wp-block-columns is-layout-flex wp-container-core-columns-is-layout-8f761849 wp-block-columns-is-layout-flex\">\n<div class=\"wp-block-column is-layout-flow wp-block-column-is-layout-flow\">\n<p class=\"wp-block-paragraph\">\ud83d\uddf8 Branding<br>\ud83d\uddf8 PPC<br>\ud83d\uddf8 SEO<\/p>\n<\/div>\n\n\n\n<div class=\"wp-block-column is-layout-flow wp-block-column-is-layout-flow\">\n<p class=\"wp-block-paragraph\">\ud83d\uddf8 Web Design<br>\ud83d\uddf8 App Dev.<br>\ud83d\uddf8 Digital Marketing<\/p>\n<\/div>\n\n\n\n<div class=\"wp-block-column is-layout-flow wp-block-column-is-layout-flow\">\n<p class=\"wp-block-paragraph\">\ud83d\uddf8 eCommerce Dev.<br>\ud83d\uddf8 Software Dev.<br>\ud83d\uddf8 Product Design<\/p>\n<\/div>\n<\/div>\n\n\n\n<h3 class=\"wp-block-heading has-text-align-center\">Why do we do this?<\/h3>\n\n\n<style>.kb-row-layout-id55010_274f36-68 > .kt-row-column-wrap{align-content:start;}:where(.kb-row-layout-id55010_274f36-68 > .kt-row-column-wrap) > .wp-block-kadence-column{justify-content:start;}.kb-row-layout-id55010_274f36-68 > .kt-row-column-wrap{column-gap:var(--global-kb-gap-md, 2rem);row-gap:var(--global-kb-gap-md, 2rem);padding-top:var(--global-kb-spacing-sm, 1.5rem);padding-bottom:var(--global-kb-spacing-sm, 1.5rem);grid-template-columns:repeat(2, minmax(0, 1fr));}.kb-row-layout-id55010_274f36-68 > .kt-row-layout-overlay{opacity:0.30;}@media all and (max-width: 1024px){.kb-row-layout-id55010_274f36-68 > .kt-row-column-wrap{grid-template-columns:repeat(2, minmax(0, 1fr));}}@media all and (max-width: 767px){.kb-row-layout-id55010_274f36-68 > .kt-row-column-wrap{grid-template-columns:minmax(0, 1fr);}}<\/style><div class=\"kb-row-layout-wrap kb-row-layout-id55010_274f36-68 alignnone wp-block-kadence-rowlayout\"><div class=\"kt-row-column-wrap kt-has-2-columns kt-row-layout-equal kt-tab-layout-inherit kt-mobile-layout-row kt-row-valign-top\">\n<style>.kadence-column55010_18158a-4e > .kt-inside-inner-col,.kadence-column55010_18158a-4e > .kt-inside-inner-col:before{border-top-left-radius:0px;border-top-right-radius:0px;border-bottom-right-radius:0px;border-bottom-left-radius:0px;}.kadence-column55010_18158a-4e > .kt-inside-inner-col{column-gap:var(--global-kb-gap-sm, 1rem);}.kadence-column55010_18158a-4e > .kt-inside-inner-col{flex-direction:column;}.kadence-column55010_18158a-4e > .kt-inside-inner-col > .aligncenter{width:100%;}.kadence-column55010_18158a-4e > .kt-inside-inner-col:before{opacity:0.3;}.kadence-column55010_18158a-4e{position:relative;}@media all and (max-width: 1024px){.kadence-column55010_18158a-4e > .kt-inside-inner-col{flex-direction:column;justify-content:center;}}@media all and (max-width: 767px){.kadence-column55010_18158a-4e > .kt-inside-inner-col{flex-direction:column;justify-content:center;}}<\/style>\n<div class=\"wp-block-kadence-column kadence-column55010_18158a-4e\"><div class=\"kt-inside-inner-col\">\n<h4 class=\"wp-block-heading has-text-align-center\">The Problem<\/h4>\n\n\n\n<p class=\"wp-block-paragraph\">Almost any agency stands to benefit from the right funnel.<\/p>\n\n\n\n<p class=\"wp-block-paragraph\">And the customer stands to benefit by working with the ideal agency.<\/p>\n\n\n\n<p class=\"wp-block-paragraph\">However, the challenge is matching the two.<\/p>\n\n\n\n<p class=\"wp-block-paragraph\">Alot of bad agencies know how to market well.<\/p>\n\n\n\n<p class=\"wp-block-paragraph\">And alot of customers don't know how to pick the right agencies.<\/p>\n<\/div><\/div>\n\n\n<style>.kadence-column55010_a7e82b-ca > .kt-inside-inner-col,.kadence-column55010_a7e82b-ca > .kt-inside-inner-col:before{border-top-left-radius:0px;border-top-right-radius:0px;border-bottom-right-radius:0px;border-bottom-left-radius:0px;}.kadence-column55010_a7e82b-ca > .kt-inside-inner-col{column-gap:var(--global-kb-gap-sm, 1rem);}.kadence-column55010_a7e82b-ca > .kt-inside-inner-col{flex-direction:column;}.kadence-column55010_a7e82b-ca > .kt-inside-inner-col > .aligncenter{width:100%;}.kadence-column55010_a7e82b-ca > .kt-inside-inner-col:before{opacity:0.3;}.kadence-column55010_a7e82b-ca{position:relative;}@media all and (max-width: 1024px){.kadence-column55010_a7e82b-ca > .kt-inside-inner-col{flex-direction:column;justify-content:center;}}@media all and (max-width: 767px){.kadence-column55010_a7e82b-ca > .kt-inside-inner-col{flex-direction:column;justify-content:center;}}<\/style>\n<div class=\"wp-block-kadence-column kadence-column55010_a7e82b-ca\"><div class=\"kt-inside-inner-col\">\n<h4 class=\"wp-block-heading has-text-align-center\">Our Solution<\/h4>\n\n\n\n<p class=\"wp-block-paragraph\">Our connect section solves the problem <strong>for the customer<\/strong> by leveraging our experience and network of the best agencies or service providers in the world. <\/p>\n\n\n\n<p class=\"wp-block-paragraph\">We can cut right through the noise and help you find the right agency.<\/p>\n\n\n\n<p class=\"wp-block-paragraph\">We work with dozens of agencies with specific specialties and proven client results and help them streamline their marketing efforts to scale their best-in-class service to the right customers.<\/p>\n\n\n\n<p class=\"wp-block-paragraph\"><strong>Result = Happy Agency + Happy Customer<\/strong><\/p>\n<\/div><\/div>\n\n<\/div><\/div>\n\n\n<h3 class=\"wp-block-heading has-text-align-center\">What is in it for us?<\/h3>\n\n\n\n<p class=\"has-text-align-center wp-block-paragraph\">In short, <strong>for those of you looking for agencies<\/strong>, everything is free. That is our style at Scottmax. Check out my <a href=\"http:\/\/newsletter.scottmax.com\">newsletter<\/a> (free) and my <a href=\"https:\/\/scottmax.com\/max-business-school\/\" data-type=\"page\" data-id=\"1030\">Masters in Digital Marketing<\/a> (you guessed it, also free) while you're here.<\/p>\n\n\n\n<p class=\"has-text-align-center wp-block-paragraph\"><strong>For the agencies\/service providers<\/strong>, we have our maxconnects service. <\/p>\n\n\n\n<p class=\"has-text-align-center wp-block-paragraph\">We install our bulletproof client-magnet marketing stack in your business, you pay us painfully large amounts of money\u2764\ufe0f, and we deliver client flow to 10x your investment\u2764\ufe0f\u2764\ufe0f\u2764\ufe0f\u2764\ufe0f\u2764\ufe0f\u2764\ufe0f\u2764\ufe0f\u2764\ufe0f\u2764\ufe0f\u2764\ufe0f, or you get your money back. <a href=\"https:\/\/scottmax.com\/about-me\/\" data-type=\"page\" data-id=\"87\">Nice deal, huh?<\/a><\/p>\n","protected":false},"excerpt":{"rendered":"<p>Werden Sie mit den richtigen Kunden in Verbindung gebracht Erz\u00e4hlen Sie uns von Ihrer Agentur\/Ihrem Service Wir werden Sie in unseren Artikeln auflisten und (wenn Sie m\u00f6chten) Ihnen helfen, mehr ideale Kunden zu finden, bevor Sie sich anmelden. Wir pr\u00fcfen und verifizieren Ihre Anfrage manuell, bevor wir Sie auflisten oder zu unserer Vergleichsliste hinzuf\u00fcgen. Beliebteste Agenturservices Wir haben...<\/p>","protected":false},"author":1,"featured_media":0,"parent":0,"menu_order":0,"comment_status":"closed","ping_status":"closed","template":"","meta":{"_crdt_document":"","inline_featured_image":false,"_kad_blocks_custom_css":"","_kad_blocks_head_custom_js":"","_kad_blocks_body_custom_js":"","_kad_blocks_footer_custom_js":"","_kadence_starter_templates_imported_post":false,"_kad_post_transparent":"","_kad_post_title":"","_kad_post_layout":"","_kad_post_sidebar_id":"","_kad_post_content_style":"","_kad_post_vertical_padding":"","_kad_post_feature":"","_kad_post_feature_position":"","_kad_post_header":false,"_kad_post_footer":false,"_kad_post_classname":"","footnotes":""},"class_list":["post-55010","page","type-page","status-publish","hentry"],"taxonomy_info":[],"featured_image_src_large":false,"author_info":{"display_name":"Scott Max","author_link":"https:\/\/scottmax.com\/de\/author\/scott\/"},"comment_info":0,"_links":{"self":[{"href":"https:\/\/scottmax.com\/de\/wp-json\/wp\/v2\/pages\/55010","targetHints":{"allow":["GET"]}}],"collection":[{"href":"https:\/\/scottmax.com\/de\/wp-json\/wp\/v2\/pages"}],"about":[{"href":"https:\/\/scottmax.com\/de\/wp-json\/wp\/v2\/types\/page"}],"author":[{"embeddable":true,"href":"https:\/\/scottmax.com\/de\/wp-json\/wp\/v2\/users\/1"}],"replies":[{"embeddable":true,"href":"https:\/\/scottmax.com\/de\/wp-json\/wp\/v2\/comments?post=55010"}],"version-history":[{"count":13,"href":"https:\/\/scottmax.com\/de\/wp-json\/wp\/v2\/pages\/55010\/revisions"}],"predecessor-version":[{"id":60246,"href":"https:\/\/scottmax.com\/de\/wp-json\/wp\/v2\/pages\/55010\/revisions\/60246"}],"wp:attachment":[{"href":"https:\/\/scottmax.com\/de\/wp-json\/wp\/v2\/media?parent=55010"}],"curies":[{"name":"wp","href":"https:\/\/api.w.org\/{rel}","templated":true}]}}