{"id":60228,"date":"2024-07-22T12:54:51","date_gmt":"2024-07-22T12:54:51","guid":{"rendered":"https:\/\/scottmax.com\/?page_id=60228"},"modified":"2024-07-22T13:31:46","modified_gmt":"2024-07-22T13:31:46","slug":"preise-verbinden","status":"publish","type":"page","link":"https:\/\/scottmax.com\/de\/preise-verbinden\/","title":{"rendered":"Preisgestaltung verbinden"},"content":{"rendered":"<h1 class=\"wp-block-heading has-text-align-center\">Preisgestaltung verbinden<\/h1>\n\n\n\n<h3 class=\"wp-block-heading has-text-align-center\">Treten Sie dem Scottmax Connect Netzwerk bei,<br>Erhalten Sie Aufmerksamkeit und mehr Kunden<\/h3>\n\n\n<style>.kb-row-layout-id60228_e8c131-0c > .kt-row-column-wrap{align-content:start;}:where(.kb-row-layout-id60228_e8c131-0c > .kt-row-column-wrap) > .wp-block-kadence-column{justify-content:start;}.kb-row-layout-id60228_e8c131-0c > .kt-row-column-wrap{column-gap:var(--global-kb-gap-md, 2rem);row-gap:var(--global-kb-gap-md, 2rem);padding-top:var(--global-kb-spacing-sm, 1.5rem);padding-bottom:var(--global-kb-spacing-sm, 1.5rem);}.kb-row-layout-id60228_e8c131-0c > .kt-row-column-wrap > div:not(.added-for-specificity){grid-column:initial;}.kb-row-layout-id60228_e8c131-0c > .kt-row-column-wrap{grid-template-columns:repeat(3, minmax(0, 1fr));}.kb-row-layout-id60228_e8c131-0c > .kt-row-layout-overlay{opacity:0.30;}@media all and (max-width: 1024px){.kb-row-layout-id60228_e8c131-0c > .kt-row-column-wrap > div:not(.added-for-specificity){grid-column:initial;}}@media all and (max-width: 1024px){.kb-row-layout-id60228_e8c131-0c > .kt-row-column-wrap{grid-template-columns:repeat(3, minmax(0, 1fr));}}@media all and (max-width: 767px){.kb-row-layout-id60228_e8c131-0c > .kt-row-column-wrap > div:not(.added-for-specificity){grid-column:initial;}.kb-row-layout-id60228_e8c131-0c > .kt-row-column-wrap{grid-template-columns:minmax(0, 1fr);}}<\/style><div class=\"kb-row-layout-wrap kb-row-layout-id60228_e8c131-0c alignnone wp-block-kadence-rowlayout\"><div class=\"kt-row-column-wrap kt-has-3-columns kt-row-layout-equal kt-tab-layout-inherit kt-mobile-layout-row kt-row-valign-top\">\n<style>.kadence-column60228_7d1355-e0 > .kt-inside-inner-col{padding-top:var(--global-kb-spacing-xxs, 0.5rem);padding-right:var(--global-kb-spacing-xxs, 0.5rem);padding-bottom:var(--global-kb-spacing-xxs, 0.5rem);padding-left:var(--global-kb-spacing-xxs, 0.5rem);}.kadence-column60228_7d1355-e0 > .kt-inside-inner-col{box-shadow:0px 0px 14px 0px rgba(0, 0, 0, 0.2);border-top:2px dashed var(--global-palette1, #3182CE);border-right:2px dashed var(--global-palette1, #3182CE);border-bottom:2px dashed var(--global-palette1, #3182CE);border-left:2px dashed var(--global-palette1, #3182CE);}.kadence-column60228_7d1355-e0 > .kt-inside-inner-col,.kadence-column60228_7d1355-e0 > .kt-inside-inner-col:before{border-top-left-radius:20px;border-top-right-radius:20px;border-bottom-right-radius:20px;border-bottom-left-radius:20px;}.kadence-column60228_7d1355-e0 > .kt-inside-inner-col{column-gap:var(--global-kb-gap-sm, 1rem);}.kadence-column60228_7d1355-e0 > .kt-inside-inner-col{flex-direction:column;}.kadence-column60228_7d1355-e0 > .kt-inside-inner-col > .aligncenter{width:100%;}.kadence-column60228_7d1355-e0 > .kt-inside-inner-col{background-color:var(--global-palette8, #F7FAFC);}.kadence-column60228_7d1355-e0 > .kt-inside-inner-col:before{opacity:0.3;}.kadence-column60228_7d1355-e0{position:relative;}@media all and (max-width: 1024px){.kadence-column60228_7d1355-e0 > .kt-inside-inner-col{border-top:2px dashed var(--global-palette1, #3182CE);border-right:2px dashed var(--global-palette1, #3182CE);border-bottom:2px dashed var(--global-palette1, #3182CE);border-left:2px dashed var(--global-palette1, #3182CE);flex-direction:column;justify-content:center;}}@media all and (max-width: 767px){.kadence-column60228_7d1355-e0 > .kt-inside-inner-col{border-top:2px dashed var(--global-palette1, #3182CE);border-right:2px dashed var(--global-palette1, #3182CE);border-bottom:2px dashed var(--global-palette1, #3182CE);border-left:2px dashed var(--global-palette1, #3182CE);flex-direction:column;justify-content:center;}}<\/style>\n<div class=\"wp-block-kadence-column kadence-column60228_7d1355-e0\"><div class=\"kt-inside-inner-col\">\n<h4 class=\"wp-block-heading has-text-align-center\"><strong>Freier Partner<\/strong><\/h4>\n\n\n\n<p class=\"has-text-align-center has-theme-palette-2-color has-text-color has-link-color has-large-font-size wp-elements-eed352322fd6565566d9606574960bac\" style=\"padding-top:0;padding-right:0;padding-bottom:0;padding-left:0\"><strong>Kostenlos<\/strong><\/p>\n\n\n<style>.wp-block-kadence-advancedheading.kt-adv-heading60228_9f857a-4b, .wp-block-kadence-advancedheading.kt-adv-heading60228_9f857a-4b[data-kb-block=\"kb-adv-heading60228_9f857a-4b\"]{text-align:center;font-size:var(--global-kb-font-size-md, 1.25rem);line-height:1;font-style:normal;}.wp-block-kadence-advancedheading.kt-adv-heading60228_9f857a-4b mark.kt-highlight, .wp-block-kadence-advancedheading.kt-adv-heading60228_9f857a-4b[data-kb-block=\"kb-adv-heading60228_9f857a-4b\"] mark.kt-highlight{font-style:normal;color:#f76a0c;-webkit-box-decoration-break:clone;box-decoration-break:clone;padding-top:0px;padding-right:0px;padding-bottom:0px;padding-left:0px;}<\/style>\n<h5 class=\"kt-adv-heading60228_9f857a-4b wp-block-kadence-advancedheading\" data-kb-block=\"kb-adv-heading60228_9f857a-4b\">Enthaltene Merkmale:<\/h5>\n\n\n\n<ul class=\"wp-block-list\">\n<li class=\"has-small-font-size\">Connect Network Listing &amp; Lokales Ranking<\/li>\n\n\n\n<li class=\"has-small-font-size\">Unsere Bewertung, Auszeichnung und Benotung f\u00fcr Social Proof<\/li>\n\n\n\n<li class=\"has-small-font-size\">Showcase Vollst\u00e4ndige Unternehmensbeschreibung<\/li>\n\n\n\n<li class=\"has-small-font-size\">Website-Erw\u00e4hnung<\/li>\n\n\n\n<li class=\"has-small-font-size\">Partner-Badge f\u00fcr Ihre Website<\/li>\n<\/ul>\n\n\n<style>.wp-block-kadence-advancedbtn.kb-btns60228_34e0b1-73{gap:var(--global-kb-gap-xs, 0.5rem );justify-content:center;align-items:center;}.kt-btns60228_34e0b1-73 .kt-button{font-weight:normal;font-style:normal;}.kt-btns60228_34e0b1-73 .kt-btn-wrap-0{margin-right:5px;}.wp-block-kadence-advancedbtn.kt-btns60228_34e0b1-73 .kt-btn-wrap-0 .kt-button{color:#555555;border-color:#555555;}.wp-block-kadence-advancedbtn.kt-btns60228_34e0b1-73 .kt-btn-wrap-0 .kt-button:hover, .wp-block-kadence-advancedbtn.kt-btns60228_34e0b1-73 .kt-btn-wrap-0 .kt-button:focus{color:#ffffff;border-color:#444444;}.wp-block-kadence-advancedbtn.kt-btns60228_34e0b1-73 .kt-btn-wrap-0 .kt-button::before{display:none;}.wp-block-kadence-advancedbtn.kt-btns60228_34e0b1-73 .kt-btn-wrap-0 .kt-button:hover, .wp-block-kadence-advancedbtn.kt-btns60228_34e0b1-73 .kt-btn-wrap-0 .kt-button:focus{background:#444444;}<\/style>\n<div class=\"wp-block-kadence-advancedbtn kb-buttons-wrap kb-btns60228_34e0b1-73\"><style>ul.menu .wp-block-kadence-advancedbtn .kb-btn60228_a90bde-d3.kb-button{width:initial;}<\/style><a class=\"kb-button kt-button button kb-btn60228_a90bde-d3 kt-btn-size-standard kt-btn-width-type-auto kb-btn-global-fill  kt-btn-has-text-true kt-btn-has-svg-false  wp-block-kadence-singlebtn\" href=\"https:\/\/scottmax.com\/connect-become-a-partner\/\"><span class=\"kt-btn-inner-text\">Werden Sie Partner<\/span><\/a><\/div>\n<\/div><\/div>\n\n\n<style>.kadence-column60228_67b032-00 > .kt-inside-inner-col{padding-top:var(--global-kb-spacing-xxs, 0.5rem);padding-right:var(--global-kb-spacing-xxs, 0.5rem);padding-bottom:var(--global-kb-spacing-xxs, 0.5rem);padding-left:var(--global-kb-spacing-xxs, 0.5rem);}.kadence-column60228_67b032-00 > .kt-inside-inner-col{box-shadow:0px 0px 14px 0px rgba(0, 0, 0, 0.2);border-top:2px dashed var(--global-palette1, #3182CE);border-right:2px dashed var(--global-palette1, #3182CE);border-bottom:2px dashed var(--global-palette1, #3182CE);border-left:2px dashed var(--global-palette1, #3182CE);}.kadence-column60228_67b032-00 > .kt-inside-inner-col,.kadence-column60228_67b032-00 > .kt-inside-inner-col:before{border-top-left-radius:20px;border-top-right-radius:20px;border-bottom-right-radius:20px;border-bottom-left-radius:20px;}.kadence-column60228_67b032-00 > .kt-inside-inner-col{column-gap:var(--global-kb-gap-sm, 1rem);}.kadence-column60228_67b032-00 > .kt-inside-inner-col{flex-direction:column;}.kadence-column60228_67b032-00 > .kt-inside-inner-col > .aligncenter{width:100%;}.kadence-column60228_67b032-00 > .kt-inside-inner-col{background-color:var(--global-palette8, #F7FAFC);}.kadence-column60228_67b032-00 > .kt-inside-inner-col:before{opacity:0.3;}.kadence-column60228_67b032-00{position:relative;}@media all and (max-width: 1024px){.kadence-column60228_67b032-00 > .kt-inside-inner-col{border-top:2px dashed var(--global-palette1, #3182CE);border-right:2px dashed var(--global-palette1, #3182CE);border-bottom:2px dashed var(--global-palette1, #3182CE);border-left:2px dashed var(--global-palette1, #3182CE);flex-direction:column;justify-content:center;}}@media all and (max-width: 767px){.kadence-column60228_67b032-00 > .kt-inside-inner-col{border-top:2px dashed var(--global-palette1, #3182CE);border-right:2px dashed var(--global-palette1, #3182CE);border-bottom:2px dashed var(--global-palette1, #3182CE);border-left:2px dashed var(--global-palette1, #3182CE);flex-direction:column;justify-content:center;}}<\/style>\n<div class=\"wp-block-kadence-column kadence-column60228_67b032-00\"><div class=\"kt-inside-inner-col\">\n<h4 class=\"wp-block-heading has-text-align-center\"><strong>Gepr\u00fcfter Partner<\/strong><\/h4>\n\n\n\n<p class=\"has-text-align-center has-theme-palette-2-color has-text-color has-link-color has-large-font-size wp-elements-67cd3b9d9f10dacc44982e0789159c36\" style=\"padding-top:0;padding-right:0;padding-bottom:0;padding-left:0\"><strong>$1500\/Jahr<\/strong><\/p>\n\n\n<style>.wp-block-kadence-advancedheading.kt-adv-heading60228_04292b-8c, .wp-block-kadence-advancedheading.kt-adv-heading60228_04292b-8c[data-kb-block=\"kb-adv-heading60228_04292b-8c\"]{text-align:center;font-size:var(--global-kb-font-size-md, 1.25rem);line-height:1;font-style:normal;}.wp-block-kadence-advancedheading.kt-adv-heading60228_04292b-8c mark.kt-highlight, .wp-block-kadence-advancedheading.kt-adv-heading60228_04292b-8c[data-kb-block=\"kb-adv-heading60228_04292b-8c\"] mark.kt-highlight{font-style:normal;color:#f76a0c;-webkit-box-decoration-break:clone;box-decoration-break:clone;padding-top:0px;padding-right:0px;padding-bottom:0px;padding-left:0px;}<\/style>\n<h5 class=\"kt-adv-heading60228_04292b-8c wp-block-kadence-advancedheading\" data-kb-block=\"kb-adv-heading60228_04292b-8c\">Enthaltene Merkmale:<\/h5>\n\n\n\n<ul class=\"wp-block-list\">\n<li class=\"has-small-font-size\">Kostenlose Vorteile<\/li>\n\n\n\n<li class=\"has-small-font-size\">Gepr\u00fcftes H\u00e4kchen (+)<\/li>\n\n\n\n<li class=\"has-small-font-size\">H\u00f6heres Matching-Ranking (+)<\/li>\n\n\n\n<li class=\"has-small-font-size\">H\u00f6heres lokales Ranking (+)<\/li>\n\n\n\n<li class=\"has-small-font-size\">Client Matching Zugang (+)<\/li>\n\n\n\n<li class=\"has-small-font-size\">Website-Link (+)<\/li>\n\n\n\n<li class=\"has-small-font-size\">Pers\u00f6nliche Kundenbetreuung (+)<\/li>\n\n\n\n<li class=\"has-small-font-size\">Verifiziertes Partnerabzeichen (+)<\/li>\n<\/ul>\n\n\n<style>.wp-block-kadence-advancedbtn.kb-btns60228_fdfb94-26{gap:var(--global-kb-gap-xs, 0.5rem );justify-content:center;align-items:center;}.kt-btns60228_fdfb94-26 .kt-button{font-weight:normal;font-style:normal;}.kt-btns60228_fdfb94-26 .kt-btn-wrap-0{margin-right:5px;}.wp-block-kadence-advancedbtn.kt-btns60228_fdfb94-26 .kt-btn-wrap-0 .kt-button{color:#555555;border-color:#555555;}.wp-block-kadence-advancedbtn.kt-btns60228_fdfb94-26 .kt-btn-wrap-0 .kt-button:hover, .wp-block-kadence-advancedbtn.kt-btns60228_fdfb94-26 .kt-btn-wrap-0 .kt-button:focus{color:#ffffff;border-color:#444444;}.wp-block-kadence-advancedbtn.kt-btns60228_fdfb94-26 .kt-btn-wrap-0 .kt-button::before{display:none;}.wp-block-kadence-advancedbtn.kt-btns60228_fdfb94-26 .kt-btn-wrap-0 .kt-button:hover, .wp-block-kadence-advancedbtn.kt-btns60228_fdfb94-26 .kt-btn-wrap-0 .kt-button:focus{background:#444444;}<\/style>\n<div class=\"wp-block-kadence-advancedbtn kb-buttons-wrap kb-btns60228_fdfb94-26\"><style>ul.menu .wp-block-kadence-advancedbtn .kb-btn60228_63211c-e4.kb-button{width:initial;}<\/style><a class=\"kb-button kt-button button kb-btn60228_63211c-e4 kt-btn-size-standard kt-btn-width-type-auto kb-btn-global-fill  kt-btn-has-text-true kt-btn-has-svg-false  wp-block-kadence-singlebtn\" href=\"https:\/\/scottmax.com\/connect-become-a-partner\/\"><span class=\"kt-btn-inner-text\">Werden Sie Partner<\/span><\/a><\/div>\n<\/div><\/div>\n\n\n<style>.kadence-column60228_69c755-b3 > .kt-inside-inner-col{padding-top:var(--global-kb-spacing-xxs, 0.5rem);padding-right:var(--global-kb-spacing-xxs, 0.5rem);padding-bottom:var(--global-kb-spacing-xxs, 0.5rem);padding-left:var(--global-kb-spacing-xxs, 0.5rem);}.kadence-column60228_69c755-b3 > .kt-inside-inner-col{box-shadow:0px 0px 14px 0px rgba(0, 0, 0, 0.2);border-top:2px dashed var(--global-palette1, #3182CE);border-right:2px dashed var(--global-palette1, #3182CE);border-bottom:2px dashed var(--global-palette1, #3182CE);border-left:2px dashed var(--global-palette1, #3182CE);}.kadence-column60228_69c755-b3 > .kt-inside-inner-col,.kadence-column60228_69c755-b3 > .kt-inside-inner-col:before{border-top-left-radius:20px;border-top-right-radius:20px;border-bottom-right-radius:20px;border-bottom-left-radius:20px;}.kadence-column60228_69c755-b3 > .kt-inside-inner-col{column-gap:var(--global-kb-gap-sm, 1rem);}.kadence-column60228_69c755-b3 > .kt-inside-inner-col{flex-direction:column;}.kadence-column60228_69c755-b3 > .kt-inside-inner-col > .aligncenter{width:100%;}.kadence-column60228_69c755-b3 > .kt-inside-inner-col{background-color:var(--global-palette8, #F7FAFC);}.kadence-column60228_69c755-b3 > .kt-inside-inner-col:before{opacity:0.3;}.kadence-column60228_69c755-b3{position:relative;}@media all and (max-width: 1024px){.kadence-column60228_69c755-b3 > .kt-inside-inner-col{border-top:2px dashed var(--global-palette1, #3182CE);border-right:2px dashed var(--global-palette1, #3182CE);border-bottom:2px dashed var(--global-palette1, #3182CE);border-left:2px dashed var(--global-palette1, #3182CE);flex-direction:column;justify-content:center;}}@media all and (max-width: 767px){.kadence-column60228_69c755-b3 > .kt-inside-inner-col{border-top:2px dashed var(--global-palette1, #3182CE);border-right:2px dashed var(--global-palette1, #3182CE);border-bottom:2px dashed var(--global-palette1, #3182CE);border-left:2px dashed var(--global-palette1, #3182CE);flex-direction:column;justify-content:center;}}<\/style>\n<div class=\"wp-block-kadence-column kadence-column60228_69c755-b3\"><div class=\"kt-inside-inner-col\">\n<h4 class=\"wp-block-heading has-text-align-center\"><strong>Premium Partner<\/strong><\/h4>\n\n\n\n<p class=\"has-text-align-center has-theme-palette-2-color has-text-color has-link-color has-large-font-size wp-elements-6fc137581bcf41f911eeb24c3e002bd6\" style=\"padding-top:0;padding-right:0;padding-bottom:0;padding-left:0\"><strong>$4500\/Jahr<\/strong><\/p>\n\n\n<style>.wp-block-kadence-advancedheading.kt-adv-heading60228_17afd1-97, .wp-block-kadence-advancedheading.kt-adv-heading60228_17afd1-97[data-kb-block=\"kb-adv-heading60228_17afd1-97\"]{text-align:center;font-size:var(--global-kb-font-size-md, 1.25rem);line-height:1;font-style:normal;}.wp-block-kadence-advancedheading.kt-adv-heading60228_17afd1-97 mark.kt-highlight, .wp-block-kadence-advancedheading.kt-adv-heading60228_17afd1-97[data-kb-block=\"kb-adv-heading60228_17afd1-97\"] mark.kt-highlight{font-style:normal;color:#f76a0c;-webkit-box-decoration-break:clone;box-decoration-break:clone;padding-top:0px;padding-right:0px;padding-bottom:0px;padding-left:0px;}<\/style>\n<h5 class=\"kt-adv-heading60228_17afd1-97 wp-block-kadence-advancedheading\" data-kb-block=\"kb-adv-heading60228_17afd1-97\">Enthaltene Merkmale:<\/h5>\n\n\n\n<ul class=\"wp-block-list\">\n<li class=\"has-small-font-size\">Kostenlose und gepr\u00fcfte Vorteile<\/li>\n\n\n\n<li class=\"has-small-font-size\">Ausgew\u00e4hltes H\u00e4kchen (+)<\/li>\n\n\n\n<li class=\"has-small-font-size\">Rangfolge der Priorit\u00e4tsabgleiche (+)<\/li>\n\n\n\n<li class=\"has-small-font-size\">H\u00f6chste #1 Lokale Bewertung (+)<\/li>\n\n\n\n<li class=\"has-small-font-size\">Client Matching Zugang<\/li>\n\n\n\n<li class=\"has-small-font-size\">Link + Erweitertes Verzeichnis (+)<\/li>\n\n\n\n<li class=\"has-small-font-size\">Pers\u00f6nliche Kundenbetreuung (+)<\/li>\n\n\n\n<li class=\"has-small-font-size\">Premium Partner Abzeichen (+)<\/li>\n<\/ul>\n\n\n<style>.wp-block-kadence-advancedbtn.kb-btns60228_16236d-1e{gap:var(--global-kb-gap-xs, 0.5rem );justify-content:center;align-items:center;}.kt-btns60228_16236d-1e .kt-button{font-weight:normal;font-style:normal;}.kt-btns60228_16236d-1e .kt-btn-wrap-0{margin-right:5px;}.wp-block-kadence-advancedbtn.kt-btns60228_16236d-1e .kt-btn-wrap-0 .kt-button{color:#555555;border-color:#555555;}.wp-block-kadence-advancedbtn.kt-btns60228_16236d-1e .kt-btn-wrap-0 .kt-button:hover, .wp-block-kadence-advancedbtn.kt-btns60228_16236d-1e .kt-btn-wrap-0 .kt-button:focus{color:#ffffff;border-color:#444444;}.wp-block-kadence-advancedbtn.kt-btns60228_16236d-1e .kt-btn-wrap-0 .kt-button::before{display:none;}.wp-block-kadence-advancedbtn.kt-btns60228_16236d-1e .kt-btn-wrap-0 .kt-button:hover, .wp-block-kadence-advancedbtn.kt-btns60228_16236d-1e .kt-btn-wrap-0 .kt-button:focus{background:#444444;}<\/style>\n<div class=\"wp-block-kadence-advancedbtn kb-buttons-wrap kb-btns60228_16236d-1e\"><style>ul.menu .wp-block-kadence-advancedbtn .kb-btn60228_7d7a93-c2.kb-button{width:initial;}<\/style><a class=\"kb-button kt-button button kb-btn60228_7d7a93-c2 kt-btn-size-standard kt-btn-width-type-auto kb-btn-global-fill  kt-btn-has-text-true kt-btn-has-svg-false  wp-block-kadence-singlebtn\" href=\"https:\/\/scottmax.com\/connect-become-a-partner\/\"><span class=\"kt-btn-inner-text\">Werden Sie Partner<\/span><\/a><\/div>\n<\/div><\/div>\n\n<\/div><\/div>\n\n\n<h3 class=\"wp-block-heading has-text-align-center\">Wie Sie Ihr Unternehmen mit Scottmax Connect vergr\u00f6\u00dfern k\u00f6nnen<\/h3>\n\n\n<style>.kb-row-layout-id60228_a60e78-93 > .kt-row-column-wrap{align-content:start;}:where(.kb-row-layout-id60228_a60e78-93 > .kt-row-column-wrap) > .wp-block-kadence-column{justify-content:start;}.kb-row-layout-id60228_a60e78-93 > .kt-row-column-wrap{column-gap:var(--global-kb-gap-md, 2rem);row-gap:var(--global-kb-gap-md, 2rem);padding-top:var(--global-kb-spacing-sm, 1.5rem);padding-bottom:var(--global-kb-spacing-sm, 1.5rem);}.kb-row-layout-id60228_a60e78-93 > .kt-row-column-wrap > div:not(.added-for-specificity){grid-column:initial;}.kb-row-layout-id60228_a60e78-93 > .kt-row-column-wrap{grid-template-columns:repeat(3, minmax(0, 1fr));}.kb-row-layout-id60228_a60e78-93 > .kt-row-layout-overlay{opacity:0.30;}@media all and (max-width: 1024px){.kb-row-layout-id60228_a60e78-93 > .kt-row-column-wrap > div:not(.added-for-specificity){grid-column:initial;}}@media all and (max-width: 1024px){.kb-row-layout-id60228_a60e78-93 > .kt-row-column-wrap{grid-template-columns:repeat(3, minmax(0, 1fr));}}@media all and (max-width: 767px){.kb-row-layout-id60228_a60e78-93 > .kt-row-column-wrap > div:not(.added-for-specificity){grid-column:initial;}.kb-row-layout-id60228_a60e78-93 > .kt-row-column-wrap{grid-template-columns:minmax(0, 1fr);}}<\/style><div class=\"kb-row-layout-wrap kb-row-layout-id60228_a60e78-93 alignnone wp-block-kadence-rowlayout\"><div class=\"kt-row-column-wrap kt-has-3-columns kt-row-layout-equal kt-tab-layout-inherit kt-mobile-layout-row kt-row-valign-top\">\n<style>.kadence-column60228_020db5-00 > .kt-inside-inner-col,.kadence-column60228_020db5-00 > .kt-inside-inner-col:before{border-top-left-radius:0px;border-top-right-radius:0px;border-bottom-right-radius:0px;border-bottom-left-radius:0px;}.kadence-column60228_020db5-00 > .kt-inside-inner-col{column-gap:var(--global-kb-gap-sm, 1rem);}.kadence-column60228_020db5-00 > .kt-inside-inner-col{flex-direction:column;}.kadence-column60228_020db5-00 > .kt-inside-inner-col > .aligncenter{width:100%;}.kadence-column60228_020db5-00 > .kt-inside-inner-col:before{opacity:0.3;}.kadence-column60228_020db5-00{position:relative;}@media all and (max-width: 1024px){.kadence-column60228_020db5-00 > .kt-inside-inner-col{flex-direction:column;justify-content:center;}}@media all and (max-width: 767px){.kadence-column60228_020db5-00 > .kt-inside-inner-col{flex-direction:column;justify-content:center;}}<\/style>\n<div class=\"wp-block-kadence-column kadence-column60228_020db5-00\"><div class=\"kt-inside-inner-col\">\n<h4 class=\"wp-block-heading has-text-align-center\">Reputation &amp; Vertrauen<\/h4>\n\n\n\n<p class=\"has-text-align-center has-small-font-size\">Wenn Sie Ihren Eintrag zu unserer Website hinzuf\u00fcgen, k\u00f6nnen Sie Ihren Ruf und Ihr Vertrauen verbessern. Verwenden Sie das Network Partner Badge f\u00fcr Ihre Website.<\/p>\n<\/div><\/div>\n\n\n<style>.kadence-column60228_9b30fb-06 > .kt-inside-inner-col,.kadence-column60228_9b30fb-06 > .kt-inside-inner-col:before{border-top-left-radius:0px;border-top-right-radius:0px;border-bottom-right-radius:0px;border-bottom-left-radius:0px;}.kadence-column60228_9b30fb-06 > .kt-inside-inner-col{column-gap:var(--global-kb-gap-sm, 1rem);}.kadence-column60228_9b30fb-06 > .kt-inside-inner-col{flex-direction:column;}.kadence-column60228_9b30fb-06 > .kt-inside-inner-col > .aligncenter{width:100%;}.kadence-column60228_9b30fb-06 > .kt-inside-inner-col:before{opacity:0.3;}.kadence-column60228_9b30fb-06{position:relative;}@media all and (max-width: 1024px){.kadence-column60228_9b30fb-06 > .kt-inside-inner-col{flex-direction:column;justify-content:center;}}@media all and (max-width: 767px){.kadence-column60228_9b30fb-06 > .kt-inside-inner-col{flex-direction:column;justify-content:center;}}<\/style>\n<div class=\"wp-block-kadence-column kadence-column60228_9b30fb-06\"><div class=\"kt-inside-inner-col\">\n<h4 class=\"wp-block-heading has-text-align-center\">Mehr Aufmerksamkeit erhalten<\/h4>\n\n\n\n<p class=\"has-text-align-center has-small-font-size\">Verbessern Sie den Bekanntheitsgrad Ihrer Marke und steigern Sie die Besucherzahlen auf Ihrer Website. Unsere Nutzer sind gro\u00dfe und kleine Unternehmen, die entweder \u00fcber den Matching-Service oder auf Kategorieseiten nach Ihren Dienstleistungen suchen.<\/p>\n<\/div><\/div>\n\n\n<style>.kadence-column60228_71741d-ce > .kt-inside-inner-col,.kadence-column60228_71741d-ce > .kt-inside-inner-col:before{border-top-left-radius:0px;border-top-right-radius:0px;border-bottom-right-radius:0px;border-bottom-left-radius:0px;}.kadence-column60228_71741d-ce > .kt-inside-inner-col{column-gap:var(--global-kb-gap-sm, 1rem);}.kadence-column60228_71741d-ce > .kt-inside-inner-col{flex-direction:column;}.kadence-column60228_71741d-ce > .kt-inside-inner-col > .aligncenter{width:100%;}.kadence-column60228_71741d-ce > .kt-inside-inner-col:before{opacity:0.3;}.kadence-column60228_71741d-ce{position:relative;}@media all and (max-width: 1024px){.kadence-column60228_71741d-ce > .kt-inside-inner-col{flex-direction:column;justify-content:center;}}@media all and (max-width: 767px){.kadence-column60228_71741d-ce > .kt-inside-inner-col{flex-direction:column;justify-content:center;}}<\/style>\n<div class=\"wp-block-kadence-column kadence-column60228_71741d-ce\"><div class=\"kt-inside-inner-col\">\n<h4 class=\"wp-block-heading has-text-align-center\">Registrieren Sie neue Kunden<\/h4>\n\n\n\n<p class=\"has-text-align-center has-small-font-size\">Gewinnen Sie mehr Kunden, indem Sie Besucher auf Ihre Unternehmenswebsite leiten, oder erhalten Sie passende Anfragen direkt von unseren Experten f\u00fcr Kundenvermittlung. F\u00fcgen Sie Ihren Firmeneintrag kostenlos hinzu!<\/p>\n<\/div><\/div>\n\n<\/div><\/div>","protected":false},"excerpt":{"rendered":"<p>Connect Preise Treten Sie dem Scottmax Connect Netzwerk bei, erhalten Sie Aufmerksamkeit und mehr Kunden Free Partner Free Enthaltene Funktionen: Verifizierter Partner $1500\/Jahr Enthaltene Funktionen: Premium Partner $4500\/Jahr Enthaltene Funktionen: Wie Sie Ihr Unternehmen mit Scottmax Connect ausbauen Reputation &amp; Vertrauen Durch das Hinzuf\u00fcgen Ihres Eintrags auf unserer Website k\u00f6nnen Sie Ihren Ruf und Ihr Vertrauen verbessern. Nutzen Sie den Netzwerk-Partner...<\/p>","protected":false},"author":1,"featured_media":0,"parent":0,"menu_order":0,"comment_status":"closed","ping_status":"closed","template":"","meta":{"inline_featured_image":false,"_kad_blocks_custom_css":"","_kad_blocks_head_custom_js":"","_kad_blocks_body_custom_js":"","_kad_blocks_footer_custom_js":"","_kadence_starter_templates_imported_post":false,"_kad_post_transparent":"","_kad_post_title":"","_kad_post_layout":"","_kad_post_sidebar_id":"","_kad_post_content_style":"","_kad_post_vertical_padding":"","_kad_post_feature":"","_kad_post_feature_position":"","_kad_post_header":false,"_kad_post_footer":false,"footnotes":""},"class_list":["post-60228","page","type-page","status-publish","hentry"],"taxonomy_info":[],"featured_image_src_large":false,"author_info":{"display_name":"Scott Max","author_link":"https:\/\/scottmax.com\/de\/author\/scott\/"},"comment_info":0,"_links":{"self":[{"href":"https:\/\/scottmax.com\/de\/wp-json\/wp\/v2\/pages\/60228","targetHints":{"allow":["GET"]}}],"collection":[{"href":"https:\/\/scottmax.com\/de\/wp-json\/wp\/v2\/pages"}],"about":[{"href":"https:\/\/scottmax.com\/de\/wp-json\/wp\/v2\/types\/page"}],"author":[{"embeddable":true,"href":"https:\/\/scottmax.com\/de\/wp-json\/wp\/v2\/users\/1"}],"replies":[{"embeddable":true,"href":"https:\/\/scottmax.com\/de\/wp-json\/wp\/v2\/comments?post=60228"}],"version-history":[{"count":10,"href":"https:\/\/scottmax.com\/de\/wp-json\/wp\/v2\/pages\/60228\/revisions"}],"predecessor-version":[{"id":60244,"href":"https:\/\/scottmax.com\/de\/wp-json\/wp\/v2\/pages\/60228\/revisions\/60244"}],"wp:attachment":[{"href":"https:\/\/scottmax.com\/de\/wp-json\/wp\/v2\/media?parent=60228"}],"curies":[{"name":"wp","href":"https:\/\/api.w.org\/{rel}","templated":true}]}}