{"id":68344,"date":"2025-02-20T17:42:06","date_gmt":"2025-02-20T17:42:06","guid":{"rendered":"https:\/\/scottmax.com\/?page_id=68344"},"modified":"2025-04-23T12:47:25","modified_gmt":"2025-04-23T12:47:25","slug":"faqs-fur-max-business-school","status":"publish","type":"page","link":"https:\/\/scottmax.com\/de\/faqs-for-max-business-school\/","title":{"rendered":"FAQs f\u00fcr die Max Business School"},"content":{"rendered":"<style>.kt-accordion-id68344_4d8795-ba .kt-accordion-inner-wrap{column-gap:var(--global-kb-gap-md, 2rem);row-gap:11px;}.kt-accordion-id68344_4d8795-ba .kt-accordion-panel-inner{background:var(--global-palette9, #ffffff);padding-top:var(--global-kb-spacing-sm, 1.5rem);padding-right:var(--global-kb-spacing-sm, 1.5rem);padding-bottom:var(--global-kb-spacing-sm, 1.5rem);padding-left:var(--global-kb-spacing-sm, 1.5rem);}.kt-accordion-id68344_4d8795-ba > .kt-accordion-inner-wrap > .wp-block-kadence-pane > .kt-accordion-header-wrap > .kt-blocks-accordion-header{border-top-color:var(--global-palette9, #ffffff);border-top-style:solid;border-right-color:var(--global-palette9, #ffffff);border-right-style:solid;border-bottom-color:var(--global-palette9, #ffffff);border-bottom-style:solid;border-left-color:var(--global-palette9, #ffffff);border-left-style:solid;border-top-left-radius:0px;border-top-right-radius:0px;border-bottom-right-radius:0px;border-bottom-left-radius:0px;background:var(--global-palette7, #EDF2F7);font-weight:500;color:var(--global-palette1, #3182CE);padding-top:10px;padding-right:14px;padding-bottom:10px;padding-left:14px;}.kt-accordion-id68344_4d8795-ba:not( .kt-accodion-icon-style-basiccircle ):not( .kt-accodion-icon-style-xclosecircle ):not( .kt-accodion-icon-style-arrowcircle )  > .kt-accordion-inner-wrap > .wp-block-kadence-pane > .kt-accordion-header-wrap .kt-blocks-accordion-icon-trigger:after, .kt-accordion-id68344_4d8795-ba:not( .kt-accodion-icon-style-basiccircle ):not( .kt-accodion-icon-style-xclosecircle ):not( .kt-accodion-icon-style-arrowcircle )  > .kt-accordion-inner-wrap > .wp-block-kadence-pane > .kt-accordion-header-wrap .kt-blocks-accordion-icon-trigger:before{background:var(--global-palette1, #3182CE);}.kt-accordion-id68344_4d8795-ba:not( .kt-accodion-icon-style-basic ):not( .kt-accodion-icon-style-xclose ):not( .kt-accodion-icon-style-arrow ) .kt-blocks-accordion-icon-trigger{background:var(--global-palette1, #3182CE);}.kt-accordion-id68344_4d8795-ba:not( .kt-accodion-icon-style-basic ):not( .kt-accodion-icon-style-xclose ):not( .kt-accodion-icon-style-arrow ) .kt-blocks-accordion-icon-trigger:after, .kt-accordion-id68344_4d8795-ba:not( .kt-accodion-icon-style-basic ):not( .kt-accodion-icon-style-xclose ):not( .kt-accodion-icon-style-arrow ) .kt-blocks-accordion-icon-trigger:before{background:var(--global-palette7, #EDF2F7);}.kt-accordion-id68344_4d8795-ba > .kt-accordion-inner-wrap > .wp-block-kadence-pane > .kt-accordion-header-wrap > .kt-blocks-accordion-header:hover, \n\t\t\t\tbody:not(.hide-focus-outline) .kt-accordion-id68344_4d8795-ba .kt-blocks-accordion-header:focus-visible{color:var(--global-palette9, #ffffff);background:var(--global-palette1, #3182CE);border-top-color:var(--global-palette1, #3182CE);border-top-style:solid;border-right-color:var(--global-palette1, #3182CE);border-right-style:solid;border-bottom-color:var(--global-palette1, #3182CE);border-bottom-style:solid;border-left-color:var(--global-palette1, #3182CE);border-left-style:solid;}.kt-accordion-id68344_4d8795-ba:not( .kt-accodion-icon-style-basiccircle ):not( .kt-accodion-icon-style-xclosecircle ):not( .kt-accodion-icon-style-arrowcircle ) .kt-accordion-header-wrap .kt-blocks-accordion-header:hover .kt-blocks-accordion-icon-trigger:after, .kt-accordion-id68344_4d8795-ba:not( .kt-accodion-icon-style-basiccircle ):not( .kt-accodion-icon-style-xclosecircle ):not( .kt-accodion-icon-style-arrowcircle ) .kt-accordion-header-wrap .kt-blocks-accordion-header:hover .kt-blocks-accordion-icon-trigger:before, body:not(.hide-focus-outline) .kt-accordion-id68344_4d8795-ba:not( .kt-accodion-icon-style-basiccircle ):not( .kt-accodion-icon-style-xclosecircle ):not( .kt-accodion-icon-style-arrowcircle ) .kt-blocks-accordion--visible .kt-blocks-accordion-icon-trigger:after, body:not(.hide-focus-outline) .kt-accordion-id68344_4d8795-ba:not( .kt-accodion-icon-style-basiccircle ):not( .kt-accodion-icon-style-xclosecircle ):not( .kt-accodion-icon-style-arrowcircle ) .kt-blocks-accordion-header:focus-visible .kt-blocks-accordion-icon-trigger:before{background:var(--global-palette9, #ffffff);}.kt-accordion-id68344_4d8795-ba:not( .kt-accodion-icon-style-basic ):not( .kt-accodion-icon-style-xclose ):not( .kt-accodion-icon-style-arrow ) .kt-accordion-header-wrap .kt-blocks-accordion-header:hover .kt-blocks-accordion-icon-trigger, body:not(.hide-focus-outline) .kt-accordion-id68344_4d8795-ba:not( .kt-accodion-icon-style-basic ):not( .kt-accodion-icon-style-xclose ):not( .kt-accodion-icon-style-arrow ) .kt-accordion-header-wrap .kt-blocks-accordion-header:focus-visible .kt-blocks-accordion-icon-trigger{background:var(--global-palette9, #ffffff);}.kt-accordion-id68344_4d8795-ba:not( .kt-accodion-icon-style-basic ):not( .kt-accodion-icon-style-xclose ):not( .kt-accodion-icon-style-arrow ) .kt-accordion-header-wrap .kt-blocks-accordion-header:hover .kt-blocks-accordion-icon-trigger:after, .kt-accordion-id68344_4d8795-ba:not( .kt-accodion-icon-style-basic ):not( .kt-accodion-icon-style-xclose ):not( .kt-accodion-icon-style-arrow ) .kt-accordion-header-wrap .kt-blocks-accordion-header:hover .kt-blocks-accordion-icon-trigger:before, body:not(.hide-focus-outline) .kt-accordion-id68344_4d8795-ba:not( .kt-accodion-icon-style-basic ):not( .kt-accodion-icon-style-xclose ):not( .kt-accodion-icon-style-arrow ) .kt-accordion-header-wrap .kt-blocks-accordion-header:focus-visible .kt-blocks-accordion-icon-trigger:after, body:not(.hide-focus-outline) .kt-accordion-id68344_4d8795-ba:not( .kt-accodion-icon-style-basic ):not( .kt-accodion-icon-style-xclose ):not( .kt-accodion-icon-style-arrow ) .kt-accordion-header-wrap .kt-blocks-accordion-header:focus-visible .kt-blocks-accordion-icon-trigger:before{background:var(--global-palette1, #3182CE);}.kt-accordion-id68344_4d8795-ba .kt-accordion-header-wrap .kt-blocks-accordion-header:focus-visible,\n\t\t\t\t.kt-accordion-id68344_4d8795-ba > .kt-accordion-inner-wrap > .wp-block-kadence-pane > .kt-accordion-header-wrap > .kt-blocks-accordion-header.kt-accordion-panel-active{color:var(--global-palette9, #ffffff);background:var(--global-palette1, #3182CE);border-top-color:var(--global-palette9, #ffffff);border-top-style:solid;border-right-color:var(--global-palette9, #ffffff);border-right-style:solid;border-bottom-color:var(--global-palette9, #ffffff);border-bottom-style:solid;border-left-color:var(--global-palette9, #ffffff);border-left-style:solid;}.kt-accordion-id68344_4d8795-ba:not( .kt-accodion-icon-style-basiccircle ):not( .kt-accodion-icon-style-xclosecircle ):not( .kt-accodion-icon-style-arrowcircle )  > .kt-accordion-inner-wrap > .wp-block-kadence-pane > .kt-accordion-header-wrap > .kt-blocks-accordion-header.kt-accordion-panel-active .kt-blocks-accordion-icon-trigger:after, .kt-accordion-id68344_4d8795-ba:not( .kt-accodion-icon-style-basiccircle ):not( .kt-accodion-icon-style-xclosecircle ):not( .kt-accodion-icon-style-arrowcircle )  > .kt-accordion-inner-wrap > .wp-block-kadence-pane > .kt-accordion-header-wrap > .kt-blocks-accordion-header.kt-accordion-panel-active .kt-blocks-accordion-icon-trigger:before{background:var(--global-palette9, #ffffff);}.kt-accordion-id68344_4d8795-ba:not( .kt-accodion-icon-style-basic ):not( .kt-accodion-icon-style-xclose ):not( .kt-accodion-icon-style-arrow ) .kt-blocks-accordion-header.kt-accordion-panel-active .kt-blocks-accordion-icon-trigger{background:var(--global-palette9, #ffffff);}.kt-accordion-id68344_4d8795-ba:not( .kt-accodion-icon-style-basic ):not( .kt-accodion-icon-style-xclose ):not( .kt-accodion-icon-style-arrow ) .kt-blocks-accordion-header.kt-accordion-panel-active .kt-blocks-accordion-icon-trigger:after, .kt-accordion-id68344_4d8795-ba:not( .kt-accodion-icon-style-basic ):not( .kt-accodion-icon-style-xclose ):not( .kt-accodion-icon-style-arrow ) .kt-blocks-accordion-header.kt-accordion-panel-active .kt-blocks-accordion-icon-trigger:before{background:var(--global-palette1, #3182CE);}@media all and (max-width: 1024px){.kt-accordion-id68344_4d8795-ba > .kt-accordion-inner-wrap > .wp-block-kadence-pane > .kt-accordion-header-wrap > .kt-blocks-accordion-header{border-top-color:var(--global-palette9, #ffffff);border-top-style:solid;border-right-color:var(--global-palette9, #ffffff);border-right-style:solid;border-bottom-color:var(--global-palette9, #ffffff);border-bottom-style:solid;border-left-color:var(--global-palette9, #ffffff);border-left-style:solid;}}@media all and (max-width: 1024px){.kt-accordion-id68344_4d8795-ba > .kt-accordion-inner-wrap > .wp-block-kadence-pane > .kt-accordion-header-wrap > .kt-blocks-accordion-header:hover, \n\t\t\t\tbody:not(.hide-focus-outline) .kt-accordion-id68344_4d8795-ba .kt-blocks-accordion-header:focus-visible{border-top-color:var(--global-palette1, #3182CE);border-top-style:solid;border-right-color:var(--global-palette1, #3182CE);border-right-style:solid;border-bottom-color:var(--global-palette1, #3182CE);border-bottom-style:solid;border-left-color:var(--global-palette1, #3182CE);border-left-style:solid;}}@media all and (max-width: 1024px){.kt-accordion-id68344_4d8795-ba .kt-accordion-header-wrap .kt-blocks-accordion-header:focus-visible,\n\t\t\t\t.kt-accordion-id68344_4d8795-ba > .kt-accordion-inner-wrap > .wp-block-kadence-pane > .kt-accordion-header-wrap > .kt-blocks-accordion-header.kt-accordion-panel-active{border-top-color:var(--global-palette9, #ffffff);border-top-style:solid;border-right-color:var(--global-palette9, #ffffff);border-right-style:solid;border-bottom-color:var(--global-palette9, #ffffff);border-bottom-style:solid;border-left-color:var(--global-palette9, #ffffff);border-left-style:solid;}}@media all and (max-width: 767px){.kt-accordion-id68344_4d8795-ba .kt-accordion-inner-wrap{display:block;}.kt-accordion-id68344_4d8795-ba .kt-accordion-inner-wrap .kt-accordion-pane:not(:first-child){margin-top:11px;}.kt-accordion-id68344_4d8795-ba > .kt-accordion-inner-wrap > .wp-block-kadence-pane > .kt-accordion-header-wrap > .kt-blocks-accordion-header{border-top-color:var(--global-palette9, #ffffff);border-top-style:solid;border-right-color:var(--global-palette9, #ffffff);border-right-style:solid;border-bottom-color:var(--global-palette9, #ffffff);border-bottom-style:solid;border-left-color:var(--global-palette9, #ffffff);border-left-style:solid;}.kt-accordion-id68344_4d8795-ba > .kt-accordion-inner-wrap > .wp-block-kadence-pane > .kt-accordion-header-wrap > .kt-blocks-accordion-header:hover, \n\t\t\t\tbody:not(.hide-focus-outline) .kt-accordion-id68344_4d8795-ba .kt-blocks-accordion-header:focus-visible{border-top-color:var(--global-palette1, #3182CE);border-top-style:solid;border-right-color:var(--global-palette1, #3182CE);border-right-style:solid;border-bottom-color:var(--global-palette1, #3182CE);border-bottom-style:solid;border-left-color:var(--global-palette1, #3182CE);border-left-style:solid;}.kt-accordion-id68344_4d8795-ba .kt-accordion-header-wrap .kt-blocks-accordion-header:focus-visible,\n\t\t\t\t.kt-accordion-id68344_4d8795-ba > .kt-accordion-inner-wrap > .wp-block-kadence-pane > .kt-accordion-header-wrap > .kt-blocks-accordion-header.kt-accordion-panel-active{border-top-color:var(--global-palette9, #ffffff);border-top-style:solid;border-right-color:var(--global-palette9, #ffffff);border-right-style:solid;border-bottom-color:var(--global-palette9, #ffffff);border-bottom-style:solid;border-left-color:var(--global-palette9, #ffffff);border-left-style:solid;}}<\/style>\n<div class=\"wp-block-kadence-accordion alignnone\"><div class=\"kt-accordion-wrap kt-accordion-id68344_4d8795-ba kt-accordion-has-11-panes kt-active-pane-0 kt-accordion-block kt-pane-header-alignment-left kt-accodion-icon-style-arrow kt-accodion-icon-side-right\" style=\"max-width:2000px\"><div class=\"kt-accordion-inner-wrap\" data-allow-multiple-open=\"true\" data-start-open=\"none\">\n<div class=\"wp-block-kadence-pane kt-accordion-pane kt-accordion-pane-1 kt-pane68344_d49ae8-92\"><div class=\"kt-accordion-header-wrap\"><button class=\"kt-blocks-accordion-header kt-acccordion-button-label-show\" type=\"button\"><span class=\"kt-blocks-accordion-title-wrap\"><span class=\"kt-blocks-accordion-title\">Ist der Kurs kostenlos?<\/span><\/span><span class=\"kt-blocks-accordion-icon-trigger\"><\/span><\/button><\/div><div class=\"kt-accordion-panel kt-accordion-panel-hidden\"><div class=\"kt-accordion-panel-inner\">\n<p class=\"wp-block-paragraph\">Der Kurs ist v\u00f6llig kostenlos, einschlie\u00dflich aller Lektionen, der Unterst\u00fctzung durch einen Tutor und der Zertifizierung.<\/p>\n<\/div><\/div><\/div>\n\n\n\n<div class=\"wp-block-kadence-pane kt-accordion-pane kt-accordion-pane-2 kt-pane68344_4e95f7-f0\"><div class=\"kt-accordion-header-wrap\"><button class=\"kt-blocks-accordion-header kt-acccordion-button-label-show\" type=\"button\"><span class=\"kt-blocks-accordion-title-wrap\"><span class=\"kt-blocks-accordion-title\">Was wird in dem Kurs gelehrt?<\/span><\/span><span class=\"kt-blocks-accordion-icon-trigger\"><\/span><\/button><\/div><div class=\"kt-accordion-panel kt-accordion-panel-hidden\"><div class=\"kt-accordion-panel-inner\">\n<p class=\"wp-block-paragraph\">Der Kurs behandelt die folgenden Themen:<\/p>\n\n\n\n<ol class=\"wp-block-list\">\n<li>WordPress Web-Entwicklung<\/li>\n\n\n\n<li>Suchmaschinenoptimierung (SEO)<\/li>\n\n\n\n<li>Google-Analysen<\/li>\n\n\n\n<li>Google Display- und Suchanzeigen<\/li>\n\n\n\n<li>E-Mail-Marketing<\/li>\n\n\n\n<li>Social Media Marketing<\/li>\n<\/ol>\n<\/div><\/div><\/div>\n\n\n\n<div class=\"wp-block-kadence-pane kt-accordion-pane kt-accordion-pane-3 kt-pane68344_5a018d-df\"><div class=\"kt-accordion-header-wrap\"><button class=\"kt-blocks-accordion-header kt-acccordion-button-label-show\" type=\"button\"><span class=\"kt-blocks-accordion-title-wrap\"><span class=\"kt-blocks-accordion-title\">Wie lange dauert der Kurs?<\/span><\/span><span class=\"kt-blocks-accordion-icon-trigger\"><\/span><\/button><\/div><div class=\"kt-accordion-panel kt-accordion-panel-hidden\"><div class=\"kt-accordion-panel-inner\">\n<p class=\"wp-block-paragraph\">Der Kurs findet im eigenen Tempo statt, d.h. es gibt keinen festen Zeitrahmen. Im Durchschnitt schlie\u00dfen die Teilnehmer ihn jedoch innerhalb von 2 Wochen bis 2 Monaten ab.<\/p>\n<\/div><\/div><\/div>\n\n\n\n<div class=\"wp-block-kadence-pane kt-accordion-pane kt-accordion-pane-4 kt-pane68344_dd38ac-cd\"><div class=\"kt-accordion-header-wrap\"><button class=\"kt-blocks-accordion-header kt-acccordion-button-label-show\" type=\"button\"><span class=\"kt-blocks-accordion-title-wrap\"><span class=\"kt-blocks-accordion-title\">Werde ich nach der Fertigstellung eine Website haben?<\/span><\/span><span class=\"kt-blocks-accordion-icon-trigger\"><\/span><\/button><\/div><div class=\"kt-accordion-panel kt-accordion-panel-hidden\"><div class=\"kt-accordion-panel-inner\">\n<p class=\"wp-block-paragraph\">In diesem Kurs lernen Sie, wie Sie eine Website mit WordPress erstellen - ohne Programmierkenntnisse. <\/p>\n\n\n\n<p class=\"wp-block-paragraph\">WordPress ist das g\u00fcnstigste und vielseitigste Tool zur Erstellung von Websites<\/p>\n<\/div><\/div><\/div>\n\n\n\n<div class=\"wp-block-kadence-pane kt-accordion-pane kt-accordion-pane-5 kt-pane68344_ab8bec-5b\"><div class=\"kt-accordion-header-wrap\"><button class=\"kt-blocks-accordion-header kt-acccordion-button-label-show\" type=\"button\"><span class=\"kt-blocks-accordion-title-wrap\"><span class=\"kt-blocks-accordion-title\">Was sind die Voraussetzungen f\u00fcr die Teilnahme an dem Kurs<\/span><\/span><span class=\"kt-blocks-accordion-icon-trigger\"><\/span><\/button><\/div><div class=\"kt-accordion-panel kt-accordion-panel-hidden\"><div class=\"kt-accordion-panel-inner\">\n<p class=\"wp-block-paragraph\">F\u00fcr den Kurs gibt es keine strengen Zugangsvoraussetzungen, und es sind keine Vorkenntnisse in diesem Bereich erforderlich.<\/p>\n<\/div><\/div><\/div>\n\n\n\n<div class=\"wp-block-kadence-pane kt-accordion-pane kt-accordion-pane-6 kt-pane68344_c87b37-79\"><div class=\"kt-accordion-header-wrap\"><button class=\"kt-blocks-accordion-header kt-acccordion-button-label-show\" type=\"button\"><span class=\"kt-blocks-accordion-title-wrap\"><span class=\"kt-blocks-accordion-title\">Ist es f\u00fcr Anf\u00e4nger geeignet?<\/span><\/span><span class=\"kt-blocks-accordion-icon-trigger\"><\/span><\/button><\/div><div class=\"kt-accordion-panel kt-accordion-panel-hidden\"><div class=\"kt-accordion-panel-inner\">\n<p class=\"wp-block-paragraph\">Der Kurs richtet sich an absolute Anf\u00e4nger und bietet eine Schritt-f\u00fcr-Schritt-Anleitung, die Klick f\u00fcr Klick funktioniert. Es sind keine Vorkenntnisse erforderlich<\/p>\n<\/div><\/div><\/div>\n\n\n\n<div class=\"wp-block-kadence-pane kt-accordion-pane kt-accordion-pane-7 kt-pane68344_b2da13-4b\"><div class=\"kt-accordion-header-wrap\"><button class=\"kt-blocks-accordion-header kt-acccordion-button-label-show\" type=\"button\"><span class=\"kt-blocks-accordion-title-wrap\"><span class=\"kt-blocks-accordion-title\">Ist es ein Selbstversuch?<\/span><\/span><span class=\"kt-blocks-accordion-icon-trigger\"><\/span><\/button><\/div><div class=\"kt-accordion-panel kt-accordion-panel-hidden\"><div class=\"kt-accordion-panel-inner\">\n<p class=\"wp-block-paragraph\">Ja, der Kurs ist ein Selbstlernkurs mit aufgezeichneten Videos und lesbaren Inhalten. Es gibt kein festes Anfangs- oder Enddatum, so dass Sie den Kurs in Ihrem eigenen Tempo absolvieren k\u00f6nnen.<\/p>\n<\/div><\/div><\/div>\n\n\n\n<div class=\"wp-block-kadence-pane kt-accordion-pane kt-accordion-pane-8 kt-pane68344_10803e-2b\"><div class=\"kt-accordion-header-wrap\"><button class=\"kt-blocks-accordion-header kt-acccordion-button-label-show\" type=\"button\"><span class=\"kt-blocks-accordion-title-wrap\"><span class=\"kt-blocks-accordion-title\">Ist das Zertifikat kostenlos?<\/span><\/span><span class=\"kt-blocks-accordion-icon-trigger\"><\/span><\/button><\/div><div class=\"kt-accordion-panel kt-accordion-panel-hidden\"><div class=\"kt-accordion-panel-inner\">\n<p class=\"wp-block-paragraph\">Ja, das Zertifikat ist kostenlos. Sie erhalten es, wenn Sie alle Aufgaben erf\u00fcllen, die Graduierung beantragen und unsere Pr\u00fcfung bestehen.<\/p>\n\n\n\n<p class=\"wp-block-paragraph\">Wenn alles den Anforderungen entspricht, werden Sie zertifiziert. Wenn es Probleme gibt, helfen wir Ihnen, Korrekturen vorzunehmen, um die Zertifizierung sicherzustellen.<\/p>\n<\/div><\/div><\/div>\n\n\n\n<div class=\"wp-block-kadence-pane kt-accordion-pane kt-accordion-pane-9 kt-pane68344_e31799-f5\"><div class=\"kt-accordion-header-wrap\"><button class=\"kt-blocks-accordion-header kt-acccordion-button-label-show\" type=\"button\"><span class=\"kt-blocks-accordion-title-wrap\"><span class=\"kt-blocks-accordion-title\">Werde ich von einem Tutor unterst\u00fctzt?<\/span><\/span><span class=\"kt-blocks-accordion-icon-trigger\"><\/span><\/button><\/div><div class=\"kt-accordion-panel kt-accordion-panel-hidden\"><div class=\"kt-accordion-panel-inner\">\n<p class=\"wp-block-paragraph\">W\u00e4hrend des gesamten Kurses k\u00f6nnen Sie bei allen kursbezogenen Fragen die Unterst\u00fctzung von Tutoren in Anspruch nehmen - v\u00f6llig kostenlos.<\/p>\n<\/div><\/div><\/div>\n\n\n\n<div class=\"wp-block-kadence-pane kt-accordion-pane kt-accordion-pane-10 kt-pane68344_da480c-54\"><div class=\"kt-accordion-header-wrap\"><button class=\"kt-blocks-accordion-header kt-acccordion-button-label-show\" type=\"button\"><span class=\"kt-blocks-accordion-title-wrap\"><span class=\"kt-blocks-accordion-title\">Wie kann ich beitreten?<\/span><\/span><span class=\"kt-blocks-accordion-icon-trigger\"><\/span><\/button><\/div><div class=\"kt-accordion-panel kt-accordion-panel-hidden\"><div class=\"kt-accordion-panel-inner\">\n<p class=\"wp-block-paragraph\">Um an dem Kurs teilzunehmen, folgen Sie der Schaltfl\u00e4che unten und melden Sie sich an \ud83d\udc47.<\/p>\n\n\n\n<div class=\"wp-block-buttons is-layout-flex wp-block-buttons-is-layout-flex\">\n<div class=\"wp-block-button\"><a class=\"wp-block-button__link wp-element-button\" href=\"https:\/\/mbs.scottmax.com\">Registrieren Sie sich hier<\/a><\/div>\n<\/div>\n<\/div><\/div><\/div>\n<\/div><\/div><\/div>","protected":false},"excerpt":{"rendered":"","protected":false},"author":151263,"featured_media":0,"parent":0,"menu_order":0,"comment_status":"closed","ping_status":"closed","template":"","meta":{"_crdt_document":"","inline_featured_image":false,"_kad_blocks_custom_css":"","_kad_blocks_head_custom_js":"","_kad_blocks_body_custom_js":"","_kad_blocks_footer_custom_js":"","_kadence_starter_templates_imported_post":false,"_kad_post_transparent":"","_kad_post_title":"","_kad_post_layout":"","_kad_post_sidebar_id":"","_kad_post_content_style":"","_kad_post_vertical_padding":"","_kad_post_feature":"","_kad_post_feature_position":"","_kad_post_header":false,"_kad_post_footer":false,"_kad_post_classname":"","footnotes":""},"class_list":["post-68344","page","type-page","status-publish","hentry"],"taxonomy_info":[],"featured_image_src_large":false,"author_info":{"display_name":"nikag","author_link":"https:\/\/scottmax.com\/de\/author\/nikag\/"},"comment_info":0,"_links":{"self":[{"href":"https:\/\/scottmax.com\/de\/wp-json\/wp\/v2\/pages\/68344","targetHints":{"allow":["GET"]}}],"collection":[{"href":"https:\/\/scottmax.com\/de\/wp-json\/wp\/v2\/pages"}],"about":[{"href":"https:\/\/scottmax.com\/de\/wp-json\/wp\/v2\/types\/page"}],"author":[{"embeddable":true,"href":"https:\/\/scottmax.com\/de\/wp-json\/wp\/v2\/users\/151263"}],"replies":[{"embeddable":true,"href":"https:\/\/scottmax.com\/de\/wp-json\/wp\/v2\/comments?post=68344"}],"version-history":[{"count":2,"href":"https:\/\/scottmax.com\/de\/wp-json\/wp\/v2\/pages\/68344\/revisions"}],"predecessor-version":[{"id":71082,"href":"https:\/\/scottmax.com\/de\/wp-json\/wp\/v2\/pages\/68344\/revisions\/71082"}],"wp:attachment":[{"href":"https:\/\/scottmax.com\/de\/wp-json\/wp\/v2\/media?parent=68344"}],"curies":[{"name":"wp","href":"https:\/\/api.w.org\/{rel}","templated":true}]}}