{"id":69878,"date":"2025-03-22T12:25:03","date_gmt":"2025-03-22T12:25:03","guid":{"rendered":"https:\/\/scottmax.com\/?page_id=69878"},"modified":"2025-09-15T10:58:33","modified_gmt":"2025-09-15T10:58:33","slug":"webhosting-angebot-max-business-school","status":"publish","type":"page","link":"https:\/\/scottmax.com\/de\/webhosting-angebot-max-business-school\/","title":{"rendered":"Webhosting-Angebot Max Business School"},"content":{"rendered":"<style>.kb-row-layout-id69878_d22c2f-1e > .kt-row-column-wrap{align-content:center;}:where(.kb-row-layout-id69878_d22c2f-1e > .kt-row-column-wrap) > .wp-block-kadence-column{justify-content:center;}.kb-row-layout-id69878_d22c2f-1e > .kt-row-column-wrap{column-gap:var(--global-kb-gap-md, 2rem);row-gap:var(--global-kb-gap-md, 2rem);padding-top:var(--global-kb-spacing-sm, 1.5rem);padding-bottom:var(--global-kb-spacing-sm, 1.5rem);grid-template-columns:repeat(2, minmax(0, 1fr));}.kb-row-layout-id69878_d22c2f-1e > .kt-row-layout-overlay{opacity:0.30;}@media all and (max-width: 1024px){.kb-row-layout-id69878_d22c2f-1e > .kt-row-column-wrap{grid-template-columns:repeat(2, minmax(0, 1fr));}}@media all and (max-width: 767px){.kb-row-layout-id69878_d22c2f-1e > .kt-row-column-wrap{grid-template-columns:minmax(0, 1fr);}}<\/style><div class=\"kb-row-layout-wrap kb-row-layout-id69878_d22c2f-1e alignnone wp-block-kadence-rowlayout\"><div class=\"kt-row-column-wrap kt-has-2-columns kt-row-layout-equal kt-tab-layout-inherit kt-mobile-layout-row kt-row-valign-middle\">\n<style>.kadence-column69878_8df891-4f > .kt-inside-inner-col,.kadence-column69878_8df891-4f > .kt-inside-inner-col:before{border-top-left-radius:0px;border-top-right-radius:0px;border-bottom-right-radius:0px;border-bottom-left-radius:0px;}.kadence-column69878_8df891-4f > .kt-inside-inner-col{column-gap:var(--global-kb-gap-sm, 1rem);}.kadence-column69878_8df891-4f > .kt-inside-inner-col{flex-direction:column;}.kadence-column69878_8df891-4f > .kt-inside-inner-col > .aligncenter{width:100%;}.kadence-column69878_8df891-4f > .kt-inside-inner-col:before{opacity:0.3;}.kadence-column69878_8df891-4f{position:relative;}@media all and (max-width: 1024px){.kadence-column69878_8df891-4f > .kt-inside-inner-col{flex-direction:column;justify-content:center;}}@media all and (max-width: 767px){.kadence-column69878_8df891-4f > .kt-inside-inner-col{flex-direction:column;justify-content:center;}}<\/style>\n<div class=\"wp-block-kadence-column kadence-column69878_8df891-4f\"><div class=\"kt-inside-inner-col\"><style>.kb-image69878_d5dc99-d8 .kb-image-has-overlay:after{opacity:0.3;}<\/style>\n<figure class=\"wp-block-kadence-image kb-image69878_d5dc99-d8 size-large image-is-svg\"><img decoding=\"async\" width=\"300\" height=\"100\" src=\"https:\/\/scottmax.com\/wp-content\/uploads\/2021\/05\/maxbusinessdark.svg\" alt=\"\" class=\"kb-img wp-image-24215\"\/><\/figure>\n<\/div><\/div>\n\n\n<style>.kadence-column69878_5177f0-82 > .kt-inside-inner-col,.kadence-column69878_5177f0-82 > .kt-inside-inner-col:before{border-top-left-radius:0px;border-top-right-radius:0px;border-bottom-right-radius:0px;border-bottom-left-radius:0px;}.kadence-column69878_5177f0-82 > .kt-inside-inner-col{column-gap:var(--global-kb-gap-sm, 1rem);}.kadence-column69878_5177f0-82 > .kt-inside-inner-col{flex-direction:column;}.kadence-column69878_5177f0-82 > .kt-inside-inner-col > .aligncenter{width:100%;}.kadence-column69878_5177f0-82 > .kt-inside-inner-col:before{opacity:0.3;}.kadence-column69878_5177f0-82{position:relative;}@media all and (max-width: 1024px){.kadence-column69878_5177f0-82 > .kt-inside-inner-col{flex-direction:column;justify-content:center;}}@media all and (max-width: 767px){.kadence-column69878_5177f0-82 > .kt-inside-inner-col{flex-direction:column;justify-content:center;}}<\/style>\n<div class=\"wp-block-kadence-column kadence-column69878_5177f0-82\"><div class=\"kt-inside-inner-col\">\n<h1 class=\"wp-block-heading has-text-align-left\">Webhosting-Angebot<\/h1>\n<\/div><\/div>\n\n<\/div><\/div>\n\n\n<p class=\"has-text-align-center has-large-font-size\">Das beste Hosting-Angebot, das Sie finden k\u00f6nnen.<\/p>\n\n\n\n<p class=\"has-text-align-center\">F\u00fcr jeden auf der Welt gemacht, um die <span style=\"text-decoration: underline;\"><strong>G\u00fcnstigster &amp; bester Start<\/strong><\/span> mit ihrer Website und ihrer digitalen Marketingkarriere.<\/p>\n\n\n<style>.kb-row-layout-wrap.wp-block-kadence-rowlayout.kb-row-layout-id69878_6ea5fa-91{margin-bottom:var(--global-kb-spacing-sm, 1.5rem);}.kb-row-layout-id69878_6ea5fa-91 > .kt-row-column-wrap{align-content:start;}:where(.kb-row-layout-id69878_6ea5fa-91 > .kt-row-column-wrap) > .wp-block-kadence-column{justify-content:start;}.kb-row-layout-id69878_6ea5fa-91 > .kt-row-column-wrap{column-gap:var(--global-kb-gap-md, 2rem);row-gap:var(--global-kb-gap-md, 2rem);max-width:var( --global-content-width, 1290px );padding-left:var(--global-content-edge-padding);padding-right:var(--global-content-edge-padding);padding-top:var(--global-kb-spacing-sm, 1.5rem);padding-bottom:var(--global-kb-spacing-sm, 1.5rem);grid-template-columns:minmax(0, 1fr) minmax(0, 2fr);}.kb-row-layout-id69878_6ea5fa-91{border-top-left-radius:9px;border-top-right-radius:9px;border-bottom-right-radius:9px;border-bottom-left-radius:9px;overflow:clip;isolation:isolate;}.kb-row-layout-id69878_6ea5fa-91 > .kt-row-layout-overlay{border-top-left-radius:9px;border-top-right-radius:9px;border-bottom-right-radius:9px;border-bottom-left-radius:9px;}.kb-row-layout-id69878_6ea5fa-91{border-top:3px dashed var(--global-palette2, #2B6CB0);border-right:3px dashed var(--global-palette2, #2B6CB0);border-bottom:3px dashed var(--global-palette2, #2B6CB0);border-left:3px dashed var(--global-palette2, #2B6CB0);}.kb-row-layout-id69878_6ea5fa-91 > .kt-row-layout-overlay{opacity:0.30;}@media all and (max-width: 1024px){.kb-row-layout-id69878_6ea5fa-91 > .kt-row-column-wrap{grid-template-columns:minmax(0, 1fr) minmax(0, 2fr);}}@media all and (max-width: 1024px){.kb-row-layout-id69878_6ea5fa-91{border-top:3px dashed var(--global-palette2, #2B6CB0);border-right:3px dashed var(--global-palette2, #2B6CB0);border-bottom:3px dashed var(--global-palette2, #2B6CB0);border-left:3px dashed var(--global-palette2, #2B6CB0);}}@media all and (max-width: 767px){.kb-row-layout-id69878_6ea5fa-91 > .kt-row-column-wrap{padding-right:var(--global-kb-spacing-xs, 1rem);padding-left:var(--global-kb-spacing-xs, 1rem);grid-template-columns:minmax(0, 1fr);}.kb-row-layout-id69878_6ea5fa-91{border-top:3px dashed var(--global-palette2, #2B6CB0);border-right:3px dashed var(--global-palette2, #2B6CB0);border-bottom:3px dashed var(--global-palette2, #2B6CB0);border-left:3px dashed var(--global-palette2, #2B6CB0);}}<\/style><div class=\"kb-row-layout-wrap kb-row-layout-id69878_6ea5fa-91 alignnone has-theme-palette9-background-color kt-row-has-bg wp-block-kadence-rowlayout\"><div class=\"kt-row-column-wrap kt-has-2-columns kt-row-layout-right-golden kt-tab-layout-inherit kt-mobile-layout-row kt-row-valign-top kb-theme-content-width\">\n<style>.kadence-column69878_19de00-76 > .kt-inside-inner-col{display:flex;}.kadence-column69878_19de00-76 > .kt-inside-inner-col{padding-bottom:0px;}.kadence-column69878_19de00-76 > .kt-inside-inner-col{box-shadow:0px 0px 14px 10px var(--global-palette9, #ffffff);}.kadence-column69878_19de00-76 > .kt-inside-inner-col,.kadence-column69878_19de00-76 > .kt-inside-inner-col:before{border-top-left-radius:0px;border-top-right-radius:0px;border-bottom-right-radius:0px;border-bottom-left-radius:0px;}.kadence-column69878_19de00-76 > .kt-inside-inner-col{column-gap:var(--global-kb-gap-sm, 1rem);}.kadence-column69878_19de00-76 > .kt-inside-inner-col{flex-direction:column;justify-content:center;}.kadence-column69878_19de00-76 > .kt-inside-inner-col > .aligncenter{width:100%;}.kt-row-column-wrap > .kadence-column69878_19de00-76{align-self:center;}.kt-inner-column-height-full:not(.kt-has-1-columns) > .wp-block-kadence-column.kadence-column69878_19de00-76{align-self:auto;}.kt-inner-column-height-full:not(.kt-has-1-columns) > .wp-block-kadence-column.kadence-column69878_19de00-76 > .kt-inside-inner-col{flex-direction:column;justify-content:center;}.kadence-column69878_19de00-76 > .kt-inside-inner-col{background-color:var(--global-palette9, #ffffff);}.kadence-column69878_19de00-76 > .kt-inside-inner-col:before{opacity:0.3;}.kadence-column69878_19de00-76{text-align:center;}.kadence-column69878_19de00-76{position:relative;}.kadence-column69878_19de00-76, .kt-inside-inner-col > .kadence-column69878_19de00-76:not(.specificity){margin-bottom:0px;}@media all and (max-width: 1024px){.kt-row-column-wrap > .kadence-column69878_19de00-76{align-self:center;}}@media all and (max-width: 1024px){.kt-inner-column-height-full:not(.kt-has-1-columns) > .wp-block-kadence-column.kadence-column69878_19de00-76{align-self:auto;}}@media all and (max-width: 1024px){.kt-inner-column-height-full:not(.kt-has-1-columns) > .wp-block-kadence-column.kadence-column69878_19de00-76 > .kt-inside-inner-col{flex-direction:column;justify-content:center;}}@media all and (max-width: 1024px){.kadence-column69878_19de00-76 > .kt-inside-inner-col{flex-direction:column;justify-content:center;}}@media all and (max-width: 767px){.kt-row-column-wrap > .kadence-column69878_19de00-76{align-self:center;}.kt-inner-column-height-full:not(.kt-has-1-columns) > .wp-block-kadence-column.kadence-column69878_19de00-76{align-self:auto;}.kt-inner-column-height-full:not(.kt-has-1-columns) > .wp-block-kadence-column.kadence-column69878_19de00-76 > .kt-inside-inner-col{flex-direction:column;justify-content:center;}.kadence-column69878_19de00-76 > .kt-inside-inner-col{flex-direction:column;justify-content:center;}}<\/style>\n<div class=\"wp-block-kadence-column kadence-column69878_19de00-76 kb-section-dir-vertical inner-column-2\"><div class=\"kt-inside-inner-col\"><style>.kb-image69878_142f72-9b .kb-image-has-overlay:after{opacity:0.3;}<\/style>\n<figure class=\"wp-block-kadence-image kb-image69878_142f72-9b size-full\"><a href=\"https:\/\/bluehost.sjv.io\/c\/5823254\/2183874\/11352?subId1=circle&partnerpropertyid=6468946\" class=\"kb-advanced-image-link\" target=\"_blank\" rel=\"noopener\"><img decoding=\"async\" width=\"1000\" height=\"1000\" src=\"https:\/\/scottmax.com\/wp-content\/uploads\/2024\/10\/blue-host-01.png\" alt=\"\" class=\"kb-img wp-image-65540\" srcset=\"https:\/\/scottmax.com\/wp-content\/uploads\/2024\/10\/blue-host-01.png 1000w, https:\/\/scottmax.com\/wp-content\/uploads\/2024\/10\/blue-host-01-300x300.png 300w, https:\/\/scottmax.com\/wp-content\/uploads\/2024\/10\/blue-host-01-150x150.png 150w, https:\/\/scottmax.com\/wp-content\/uploads\/2024\/10\/blue-host-01-768x768.png 768w, https:\/\/scottmax.com\/wp-content\/uploads\/2024\/10\/blue-host-01-12x12.png 12w\" sizes=\"(max-width: 1000px) 100vw, 1000px\" \/><\/a><\/figure>\n<\/div><\/div>\n\n\n<style>.kadence-column69878_84b48f-34 > .kt-inside-inner-col,.kadence-column69878_84b48f-34 > .kt-inside-inner-col:before{border-top-left-radius:0px;border-top-right-radius:0px;border-bottom-right-radius:0px;border-bottom-left-radius:0px;}.kadence-column69878_84b48f-34 > .kt-inside-inner-col{column-gap:var(--global-kb-gap-sm, 1rem);}.kadence-column69878_84b48f-34 > .kt-inside-inner-col{flex-direction:column;}.kadence-column69878_84b48f-34 > .kt-inside-inner-col > .aligncenter{width:100%;}.kadence-column69878_84b48f-34 > .kt-inside-inner-col:before{opacity:0.3;}.kadence-column69878_84b48f-34{position:relative;}@media all and (max-width: 1024px){.kadence-column69878_84b48f-34 > .kt-inside-inner-col{flex-direction:column;justify-content:center;}}@media all and (max-width: 767px){.kadence-column69878_84b48f-34 > .kt-inside-inner-col{flex-direction:column;justify-content:center;}}<\/style>\n<div class=\"wp-block-kadence-column kadence-column69878_84b48f-34\"><div class=\"kt-inside-inner-col\"><style>.wp-block-kadence-advancedheading.kt-adv-heading69878_52407d-e2, .wp-block-kadence-advancedheading.kt-adv-heading69878_52407d-e2[data-kb-block=\"kb-adv-heading69878_52407d-e2\"]{padding-top:0px;padding-bottom:var(--global-kb-spacing-sm, 1.5rem);margin-top:0px;margin-bottom:0px;font-size:var(--global-kb-font-size-lg, 2rem);line-height:1;font-style:normal;}.wp-block-kadence-advancedheading.kt-adv-heading69878_52407d-e2 mark.kt-highlight, .wp-block-kadence-advancedheading.kt-adv-heading69878_52407d-e2[data-kb-block=\"kb-adv-heading69878_52407d-e2\"] mark.kt-highlight{font-style:normal;color:#f76a0c;-webkit-box-decoration-break:clone;box-decoration-break:clone;padding-top:0px;padding-right:0px;padding-bottom:0px;padding-left:0px;}@media all and (max-width: 767px){.wp-block-kadence-advancedheading.kt-adv-heading69878_52407d-e2, .wp-block-kadence-advancedheading.kt-adv-heading69878_52407d-e2[data-kb-block=\"kb-adv-heading69878_52407d-e2\"]{font-size:var(--global-kb-font-size-md, 1.25rem);}}<\/style>\n<p class=\"kt-adv-heading69878_52407d-e2 wp-block-kadence-advancedheading has-theme-palette-1-color has-text-color\" data-kb-block=\"kb-adv-heading69878_52407d-e2\"><strong>#1 Host: <a href=\"https:\/\/bluehost.sjv.io\/c\/5823254\/2183874\/11352?subId1=circle&partnerpropertyid=6468946\" target=\"_blank\" rel=\"noopener\">Bluehost <\/a><\/strong><\/p>\n\n\n\n<p><strong>Empfohlene Option von Max Business School &amp; Scottmax.com<\/strong><\/p>\n\n\n\n<p><strong>Final price around 47.88$\ud83d\udea8 for 1 year<\/strong><\/p>\n\n\n\n<p>Exactly what you need at an unbeatable price. Total cost for youis around 47.88$, including a free domain and all add-ons you need.<\/p>\n\n\n\n<ul class=\"wp-block-list has-small-font-size\">\n<li>Au\u00dferdem bietet bluehost eine gro\u00dfartige Erweiterbarkeit f\u00fcr Ihre Zukunft und h\u00f6here Tarife f\u00fcr Unternehmen. <\/li>\n\n\n\n<li>Es ist einer der besten Gastgeber der Welt und hat uns das beste Angebot f\u00fcr die Studenten der Max Business School gemacht.<\/li>\n<\/ul>\n\n\n<style>.wp-block-kadence-advancedbtn.kb-btns69878_617afb-c7{gap:var(--global-kb-gap-xs, 0.5rem );justify-content:flex-start;align-items:center;}.kt-btns69878_617afb-c7 .kt-button{font-weight:normal;font-style:normal;}.kt-btns69878_617afb-c7 .kt-btn-wrap-0{margin-right:5px;}.wp-block-kadence-advancedbtn.kt-btns69878_617afb-c7 .kt-btn-wrap-0 .kt-button{color:#555555;border-color:#555555;}.wp-block-kadence-advancedbtn.kt-btns69878_617afb-c7 .kt-btn-wrap-0 .kt-button:hover, .wp-block-kadence-advancedbtn.kt-btns69878_617afb-c7 .kt-btn-wrap-0 .kt-button:focus{color:#ffffff;border-color:#444444;}.wp-block-kadence-advancedbtn.kt-btns69878_617afb-c7 .kt-btn-wrap-0 .kt-button::before{display:none;}.wp-block-kadence-advancedbtn.kt-btns69878_617afb-c7 .kt-btn-wrap-0 .kt-button:hover, .wp-block-kadence-advancedbtn.kt-btns69878_617afb-c7 .kt-btn-wrap-0 .kt-button:focus{background:#444444;}<\/style>\n<div class=\"wp-block-kadence-advancedbtn kb-buttons-wrap kb-btns69878_617afb-c7\"><style>ul.menu .wp-block-kadence-advancedbtn .kb-btn69878_fd3499-01.kb-button{width:initial;}<\/style><a class=\"kb-button kt-button button kb-btn69878_fd3499-01 kt-btn-size-standard kt-btn-width-type-auto kb-btn-global-fill  kt-btn-has-text-true kt-btn-has-svg-false  wp-block-kadence-singlebtn\" href=\"https:\/\/bluehost.sjv.io\/c\/5823254\/2183874\/11352?subId1=circle&#038;partnerpropertyid=6468946\" target=\"_blank\" rel=\"noopener\"><span class=\"kt-btn-inner-text\">Starten Sie mit Bluehost<\/span><\/a><\/div>\n<\/div><\/div>\n\n<\/div><\/div>\n\n\n<p><\/p>","protected":false},"excerpt":{"rendered":"<p>Web Hosting Offer The best deal on hosting you&#8217;ll find. Made for anyone in the world to have the cheapest &#038; best start with their website &#038; their digital marketing careers. #1 Host: Bluehost Recommended Option By Max Business School &#038; Scottmax.com Final price around 47.88$\ud83d\udea8 for 1 year Exactly what you need at an&#8230;<\/p>","protected":false},"author":1,"featured_media":0,"parent":0,"menu_order":0,"comment_status":"closed","ping_status":"closed","template":"","meta":{"inline_featured_image":false,"_kad_blocks_custom_css":"","_kad_blocks_head_custom_js":"","_kad_blocks_body_custom_js":"","_kad_blocks_footer_custom_js":"","_kadence_starter_templates_imported_post":false,"_kad_post_transparent":"","_kad_post_title":"","_kad_post_layout":"","_kad_post_sidebar_id":"","_kad_post_content_style":"","_kad_post_vertical_padding":"","_kad_post_feature":"","_kad_post_feature_position":"","_kad_post_header":false,"_kad_post_footer":false,"footnotes":""},"class_list":["post-69878","page","type-page","status-publish","hentry"],"taxonomy_info":[],"featured_image_src_large":false,"author_info":{"display_name":"Scott Max","author_link":"https:\/\/scottmax.com\/de\/author\/scott\/"},"comment_info":0,"_links":{"self":[{"href":"https:\/\/scottmax.com\/de\/wp-json\/wp\/v2\/pages\/69878","targetHints":{"allow":["GET"]}}],"collection":[{"href":"https:\/\/scottmax.com\/de\/wp-json\/wp\/v2\/pages"}],"about":[{"href":"https:\/\/scottmax.com\/de\/wp-json\/wp\/v2\/types\/page"}],"author":[{"embeddable":true,"href":"https:\/\/scottmax.com\/de\/wp-json\/wp\/v2\/users\/1"}],"replies":[{"embeddable":true,"href":"https:\/\/scottmax.com\/de\/wp-json\/wp\/v2\/comments?post=69878"}],"version-history":[{"count":5,"href":"https:\/\/scottmax.com\/de\/wp-json\/wp\/v2\/pages\/69878\/revisions"}],"predecessor-version":[{"id":72872,"href":"https:\/\/scottmax.com\/de\/wp-json\/wp\/v2\/pages\/69878\/revisions\/72872"}],"wp:attachment":[{"href":"https:\/\/scottmax.com\/de\/wp-json\/wp\/v2\/media?parent=69878"}],"curies":[{"name":"wp","href":"https:\/\/api.w.org\/{rel}","templated":true}]}}