{"id":71662,"date":"2025-06-10T13:01:16","date_gmt":"2025-06-10T13:01:16","guid":{"rendered":"https:\/\/scottmax.com\/?page_id=71662"},"modified":"2025-06-20T15:30:10","modified_gmt":"2025-06-20T15:30:10","slug":"stipendium","status":"publish","type":"page","link":"https:\/\/scottmax.com\/de\/stipendium\/","title":{"rendered":"Stipendien an der Max Business School"},"content":{"rendered":"<h1 class=\"wp-block-heading has-text-align-center\">Max Business School-Stipendien<\/h1>\n\n\n<style>.kb-row-layout-id71662_2afa45-d5 > .kt-row-column-wrap{align-content:start;}:where(.kb-row-layout-id71662_2afa45-d5 > .kt-row-column-wrap) > .wp-block-kadence-column{justify-content:start;}.kb-row-layout-id71662_2afa45-d5 > .kt-row-column-wrap{column-gap:var(--global-kb-gap-md, 2rem);row-gap:var(--global-kb-gap-md, 2rem);padding-top:var(--global-kb-spacing-sm, 1.5rem);padding-bottom:var(--global-kb-spacing-sm, 1.5rem);grid-template-columns:minmax(0, calc(50% - ((var(--global-kb-gap-md, 2rem) * 1 )\/2)))minmax(0, calc(50% - ((var(--global-kb-gap-md, 2rem) * 1 )\/2)));}.kb-row-layout-id71662_2afa45-d5 > .kt-row-layout-overlay{opacity:0.30;}@media all and (max-width: 1024px){.kb-row-layout-id71662_2afa45-d5 > .kt-row-column-wrap{grid-template-columns:repeat(2, minmax(0, 1fr));}}@media all and (max-width: 767px){.kb-row-layout-id71662_2afa45-d5 > .kt-row-column-wrap{grid-template-columns:minmax(0, 1fr);}}<\/style><div class=\"kb-row-layout-wrap kb-row-layout-id71662_2afa45-d5 alignnone wp-block-kadence-rowlayout\"><div class=\"kt-row-column-wrap kt-has-2-columns kt-row-layout-equal kt-tab-layout-inherit kt-mobile-layout-row kt-row-valign-top\">\n<style>.kadence-column71662_efd69e-b8 > .kt-inside-inner-col,.kadence-column71662_efd69e-b8 > .kt-inside-inner-col:before{border-top-left-radius:0px;border-top-right-radius:0px;border-bottom-right-radius:0px;border-bottom-left-radius:0px;}.kadence-column71662_efd69e-b8 > .kt-inside-inner-col{column-gap:var(--global-kb-gap-sm, 1rem);}.kadence-column71662_efd69e-b8 > .kt-inside-inner-col{flex-direction:column;}.kadence-column71662_efd69e-b8 > .kt-inside-inner-col > .aligncenter{width:100%;}.kadence-column71662_efd69e-b8 > .kt-inside-inner-col:before{opacity:0.3;}.kadence-column71662_efd69e-b8{position:relative;}@media all and (max-width: 1024px){.kadence-column71662_efd69e-b8 > .kt-inside-inner-col{flex-direction:column;justify-content:center;}}@media all and (max-width: 767px){.kadence-column71662_efd69e-b8 > .kt-inside-inner-col{flex-direction:column;justify-content:center;}}<\/style>\n<div class=\"wp-block-kadence-column kadence-column71662_efd69e-b8\"><div class=\"kt-inside-inner-col\"><style>.kb-image71662_077258-b5 .kb-image-has-overlay:after{opacity:0.3;border-top-left-radius:20px;border-top-right-radius:20px;border-bottom-right-radius:20px;border-bottom-left-radius:20px;}.kb-image71662_077258-b5 img.kb-img, .kb-image71662_077258-b5 .kb-img img{border-top-left-radius:20px;border-top-right-radius:20px;border-bottom-right-radius:20px;border-bottom-left-radius:20px;}<\/style>\n<figure class=\"wp-block-kadence-image kb-image71662_077258-b5 size-large\"><img decoding=\"async\" width=\"1024\" height=\"544\" src=\"https:\/\/scottmax.com\/wp-content\/uploads\/2025\/06\/Max-Business-School-1024x544.png\" alt=\"\" class=\"kb-img wp-image-71666\" srcset=\"https:\/\/scottmax.com\/wp-content\/uploads\/2025\/06\/Max-Business-School-1024x544.png 1024w, https:\/\/scottmax.com\/wp-content\/uploads\/2025\/06\/Max-Business-School-300x159.png 300w, https:\/\/scottmax.com\/wp-content\/uploads\/2025\/06\/Max-Business-School-768x408.png 768w, https:\/\/scottmax.com\/wp-content\/uploads\/2025\/06\/Max-Business-School-18x10.png 18w, https:\/\/scottmax.com\/wp-content\/uploads\/2025\/06\/Max-Business-School.png 1084w\" sizes=\"(max-width: 1024px) 100vw, 1024px\" \/><\/figure>\n<\/div><\/div>\n\n\n<style>.kadence-column71662_980f07-ad > .kt-inside-inner-col,.kadence-column71662_980f07-ad > .kt-inside-inner-col:before{border-top-left-radius:0px;border-top-right-radius:0px;border-bottom-right-radius:0px;border-bottom-left-radius:0px;}.kadence-column71662_980f07-ad > .kt-inside-inner-col{column-gap:var(--global-kb-gap-sm, 1rem);}.kadence-column71662_980f07-ad > .kt-inside-inner-col{flex-direction:column;}.kadence-column71662_980f07-ad > .kt-inside-inner-col > .aligncenter{width:100%;}.kadence-column71662_980f07-ad > .kt-inside-inner-col:before{opacity:0.3;}.kadence-column71662_980f07-ad{position:relative;}@media all and (max-width: 1024px){.kadence-column71662_980f07-ad > .kt-inside-inner-col{flex-direction:column;justify-content:center;}}@media all and (max-width: 767px){.kadence-column71662_980f07-ad > .kt-inside-inner-col{flex-direction:column;justify-content:center;}}<\/style>\n<div class=\"wp-block-kadence-column kadence-column71662_980f07-ad\"><div class=\"kt-inside-inner-col\">\n<p>Wir von der Max Business School glauben, dass au\u00dfergew\u00f6hnliche Talente nicht durch finanzielle Hindernisse eingeschr\u00e4nkt werden sollten. Durch unsere strategischen Partnerschaften mit zukunftsorientierten Institutionen und Unternehmen sind wir stolz darauf, gezielte Stipendien anzubieten, die unseren Master in Digital Marketing auch unterrepr\u00e4sentierten Gemeinschaften und aufstrebenden M\u00e4rkten weltweit zug\u00e4nglich machen.<\/p>\n<\/div><\/div>\n\n<\/div><\/div>\n\n<style>.wp-block-kadence-advancedbtn.kb-btns71662_c047c0-a1{gap:var(--global-kb-gap-xs, 0.5rem );justify-content:center;align-items:center;}.kt-btns71662_c047c0-a1 .kt-button{font-weight:normal;font-style:normal;}.kt-btns71662_c047c0-a1 .kt-btn-wrap-0{margin-right:5px;}.wp-block-kadence-advancedbtn.kt-btns71662_c047c0-a1 .kt-btn-wrap-0 .kt-button{color:#555555;border-color:#555555;}.wp-block-kadence-advancedbtn.kt-btns71662_c047c0-a1 .kt-btn-wrap-0 .kt-button:hover, .wp-block-kadence-advancedbtn.kt-btns71662_c047c0-a1 .kt-btn-wrap-0 .kt-button:focus{color:#ffffff;border-color:#444444;}.wp-block-kadence-advancedbtn.kt-btns71662_c047c0-a1 .kt-btn-wrap-0 .kt-button::before{display:none;}.wp-block-kadence-advancedbtn.kt-btns71662_c047c0-a1 .kt-btn-wrap-0 .kt-button:hover, .wp-block-kadence-advancedbtn.kt-btns71662_c047c0-a1 .kt-btn-wrap-0 .kt-button:focus{background:#444444;}<\/style>\n<div class=\"wp-block-kadence-advancedbtn kb-buttons-wrap kb-btns71662_c047c0-a1\"><style>ul.menu .wp-block-kadence-advancedbtn .kb-btn71662_41f40a-21.kb-button{width:initial;}<\/style><a class=\"kb-button kt-button button kb-btn71662_41f40a-21 kt-btn-size-standard kt-btn-width-type-auto kb-btn-global-fill  kt-btn-has-text-true kt-btn-has-svg-false  wp-block-kadence-singlebtn\" href=\"#apply\"><span class=\"kt-btn-inner-text\">Bewerben Sie sich f\u00fcr ein Stipendium<\/span><\/a>\n\n<style>ul.menu .wp-block-kadence-advancedbtn .kb-btn71662_baa4a5-a2.kb-button{width:initial;}<\/style><span class=\"kb-button kt-button button kb-btn71662_baa4a5-a2 kt-btn-size-standard kt-btn-width-type-auto kb-btn-global-outline  kt-btn-has-text-true kt-btn-has-svg-false  wp-block-kadence-singlebtn\"><span class=\"kt-btn-inner-text\">Partner mit uns<\/span><\/span><\/div>\n\n\n\n<hr class=\"wp-block-separator has-alpha-channel-opacity\"\/>\n\n\n<style>.kb-row-layout-id71662_eec342-48 > .kt-row-column-wrap{align-content:start;}:where(.kb-row-layout-id71662_eec342-48 > .kt-row-column-wrap) > .wp-block-kadence-column{justify-content:start;}.kb-row-layout-id71662_eec342-48 > .kt-row-column-wrap{column-gap:var(--global-kb-gap-md, 2rem);row-gap:var(--global-kb-gap-md, 2rem);padding-top:var(--global-kb-spacing-sm, 1.5rem);padding-bottom:var(--global-kb-spacing-sm, 1.5rem);grid-template-columns:minmax(0, 1fr);}.kb-row-layout-id71662_eec342-48 > .kt-row-layout-overlay{opacity:0.30;}@media all and (max-width: 1024px){.kb-row-layout-id71662_eec342-48 > .kt-row-column-wrap{grid-template-columns:minmax(0, 1fr);}}@media all and (max-width: 767px){.kb-row-layout-id71662_eec342-48 > .kt-row-column-wrap{grid-template-columns:minmax(0, 1fr);}}<\/style><div class=\"kb-row-layout-wrap kb-row-layout-id71662_eec342-48 alignnone wp-block-kadence-rowlayout\"><div class=\"kt-row-column-wrap kt-has-1-columns kt-row-layout-equal kt-tab-layout-inherit kt-mobile-layout-row kt-row-valign-top\">\n<style>.kadence-column71662_25bf0c-ca > .kt-inside-inner-col,.kadence-column71662_25bf0c-ca > .kt-inside-inner-col:before{border-top-left-radius:0px;border-top-right-radius:0px;border-bottom-right-radius:0px;border-bottom-left-radius:0px;}.kadence-column71662_25bf0c-ca > .kt-inside-inner-col{column-gap:var(--global-kb-gap-sm, 1rem);}.kadence-column71662_25bf0c-ca > .kt-inside-inner-col{flex-direction:column;}.kadence-column71662_25bf0c-ca > .kt-inside-inner-col > .aligncenter{width:100%;}.kadence-column71662_25bf0c-ca > .kt-inside-inner-col:before{opacity:0.3;}.kadence-column71662_25bf0c-ca{position:relative;}@media all and (max-width: 1024px){.kadence-column71662_25bf0c-ca > .kt-inside-inner-col{flex-direction:column;justify-content:center;}}@media all and (max-width: 767px){.kadence-column71662_25bf0c-ca > .kt-inside-inner-col{flex-direction:column;justify-content:center;}}<\/style>\n<div class=\"wp-block-kadence-column kadence-column71662_25bf0c-ca\" id=\"apply\"><div class=\"kt-inside-inner-col\">\n<h2 class=\"wp-block-heading has-text-align-center\">Ausgew\u00e4hlte Stipendienm\u00f6glichkeiten<\/h2>\n\n\n\n<p class=\"has-text-align-center\">Derzeit werden Bewerbungen angenommen:<\/p>\n\n\n<style>.kb-posts-id-71662_1b66ef-00 .kb-post-list-item{display:grid;}<\/style><ul class=\"wp-block-kadence-posts kb-posts kadence-posts-list kb-posts-id-71662_1b66ef-00 content-wrap grid-cols kb-posts-style-boxed grid-sm-col-1 grid-lg-col-1 item-image-style-beside\"><li class=\"kb-post-list-item\">\n\t<article class=\"entry content-bg loop-entry kb-post-no-image post-71822 scholarship type-scholarship status-publish has-post-thumbnail hentry\">\n\t\t\t\t<div class=\"entry-content-wrap\">\n\t\t\t<header class=\"entry-header\">\n\t<h4 class=\"entry-title\"><a href=\"https:\/\/scottmax.com\/de\/stipendium\/ich-habe-ein-traumstipendium\/\" rel=\"bookmark\">\"Ich habe einen Traum\" Stipendium<\/a><\/h4>\t<div class=\"entry-meta entry-meta-divider-dot\">\n\t\t<\/div><!-- .entry-meta -->\n\t<\/header><!-- .entry-header -->\n\t<div class=\"entry-summary\">\n\t\t<p>Gesponsert von Scott Max Stipendien\u00fcbersicht Das \"I Have a Dream\"-Stipendium zeichnet mutige Vision\u00e4re aus, die etwas Sinnvolles aufbauen und anderen auf ihrem unternehmerischen Weg helfen wollen. Dieses Stipendium wird von Scott Max, dem Gr\u00fcnder der Max Business School, pers\u00f6nlich gesponsert und richtet sich an Tr\u00e4umer, die bereit sind, ihre Vision in die Realit\u00e4t umzusetzen. Wert des Stipendiums...<\/p>\n\t<\/div><!-- .entry-summary -->\n\t<footer class=\"entry-footer\">\n\t\t\t<div class=\"entry-actions\">\n\t\t\t<p class=\"more-link-wrap\">\n\t\t\t\t<a href=\"https:\/\/scottmax.com\/de\/stipendium\/ich-habe-ein-traumstipendium\/\" class=\"post-more-link\">\n\t\t\t\t\tStipendium erkunden<span class=\"screen-reader-text\"> \"Ich habe einen Traum\" Stipendium<\/span><span class=\"kadence-svg-iconset svg-baseline\"><svg aria-hidden=\"true\" class=\"kadence-svg-icon kadence-arrow-right-alt-svg\" fill=\"currentColor\" version=\"1.1\" xmlns=\"http:\/\/www.w3.org\/2000\/svg\" width=\"27\" height=\"28\" viewbox=\"0 0 27 28\"><title>Weiter<\/title><path d=\"M27 13.953c0 0.141-0.063 0.281-0.156 0.375l-6 5.531c-0.156 0.141-0.359 0.172-0.547 0.094-0.172-0.078-0.297-0.25-0.297-0.453v-3.5h-19.5c-0.281 0-0.5-0.219-0.5-0.5v-3c0-0.281 0.219-0.5 0.5-0.5h19.5v-3.5c0-0.203 0.109-0.375 0.297-0.453s0.391-0.047 0.547 0.078l6 5.469c0.094 0.094 0.156 0.219 0.156 0.359v0z\"><\/path>\n\t\t\t<\/svg><\/span>\t\t\t\t<\/a>\n\t\t\t<\/p>\n\t\t<\/div><!-- .entry-actions -->\n\t\t<\/footer><!-- .entry-footer -->\t\t<\/div>\n\t<\/article>\n<\/li>\n<li class=\"kb-post-list-item\">\n\t<article class=\"entry content-bg loop-entry kb-post-no-image post-71678 scholarship type-scholarship status-publish has-post-thumbnail hentry\">\n\t\t\t\t<div class=\"entry-content-wrap\">\n\t\t\t<header class=\"entry-header\">\n\t<h4 class=\"entry-title\"><a href=\"https:\/\/scottmax.com\/de\/stipendium\/women-in-tech-kenya-stipendium\/\" rel=\"bookmark\">Women in Tech Kenia Stipendium<\/a><\/h4>\t<div class=\"entry-meta entry-meta-divider-dot\">\n\t\t<\/div><!-- .entry-meta -->\n\t<\/header><!-- .entry-header -->\n\t<div class=\"entry-summary\">\n\t\t<p>Partnerschaft mit der Kenya Women in Technology Initiative Stipendium \u00dcbersicht Das Women in Tech Kenya Stipendium wurde entwickelt, um weibliche Unternehmer und Fachleute in Kenia zu st\u00e4rken, indem die anf\u00e4nglichen Hindernisse beim Aufbau ihrer digitalen Pr\u00e4senz beseitigt werden. W\u00e4hrend das Masters in Digital Marketing Programm der Max Business School f\u00fcr alle Studenten v\u00f6llig kostenlos ist, bietet dieses Stipendium die...<\/p>\n\t<\/div><!-- .entry-summary -->\n\t<footer class=\"entry-footer\">\n\t\t\t<div class=\"entry-actions\">\n\t\t\t<p class=\"more-link-wrap\">\n\t\t\t\t<a href=\"https:\/\/scottmax.com\/de\/stipendium\/women-in-tech-kenya-stipendium\/\" class=\"post-more-link\">\n\t\t\t\t\tStipendium erkunden<span class=\"screen-reader-text\"> Women in Tech Kenia Stipendium<\/span><span class=\"kadence-svg-iconset svg-baseline\"><svg aria-hidden=\"true\" class=\"kadence-svg-icon kadence-arrow-right-alt-svg\" fill=\"currentColor\" version=\"1.1\" xmlns=\"http:\/\/www.w3.org\/2000\/svg\" width=\"27\" height=\"28\" viewbox=\"0 0 27 28\"><title>Weiter<\/title><path d=\"M27 13.953c0 0.141-0.063 0.281-0.156 0.375l-6 5.531c-0.156 0.141-0.359 0.172-0.547 0.094-0.172-0.078-0.297-0.25-0.297-0.453v-3.5h-19.5c-0.281 0-0.5-0.219-0.5-0.5v-3c0-0.281 0.219-0.5 0.5-0.5h19.5v-3.5c0-0.203 0.109-0.375 0.297-0.453s0.391-0.047 0.547 0.078l6 5.469c0.094 0.094 0.156 0.219 0.156 0.359v0z\"><\/path>\n\t\t\t<\/svg><\/span>\t\t\t\t<\/a>\n\t\t\t<\/p>\n\t\t<\/div><!-- .entry-actions -->\n\t\t<\/footer><!-- .entry-footer -->\t\t<\/div>\n\t<\/article>\n<\/li>\n<\/ul><\/div><\/div>\n\n<\/div><\/div>\n\n\n<hr class=\"wp-block-separator has-alpha-channel-opacity\"\/>\n\n\n\n<h2 class=\"wp-block-heading\">Warum unser Stipendienprogramm wichtig ist<\/h2>\n\n\n\n<p><strong>Barrieren brechen:<\/strong> Wir setzen uns daf\u00fcr ein, dass Geografie, Geschlecht oder wirtschaftlicher Status talentierte Menschen nicht vom Zugang zu hochwertiger Bildung abhalten.<\/p>\n\n\n\n<p><strong>Wirkung erzielen:<\/strong> Unsere Stipendiaten werden zu Botschaftern des digitalen Marketings in ihren Gemeinden und vervielfachen so die Wirkung ihrer Ausbildung.<\/p>\n\n\n\n<p><strong>Netzwerke aufbauen:<\/strong> Die Stipendiaten werden Teil eines exklusiven globalen Netzwerks von Alumni der Max Business School, das die internationale Zusammenarbeit und den Wissensaustausch f\u00f6rdert.<\/p>\n\n\n\n<p><strong>Innovation vorantreiben:<\/strong> Indem wir verschiedene Perspektiven unterst\u00fctzen, f\u00f6rdern wir die n\u00e4chste Generation von Innovatoren im Bereich des digitalen Marketings, die die besonderen Herausforderungen des Marktes verstehen.<\/p>\n\n\n\n<hr class=\"wp-block-separator has-alpha-channel-opacity\"\/>\n\n\n\n<h2 class=\"wp-block-heading\">\u00dcber unser Masters in Digital Marketing Programm<\/h2>\n\n\n\n<p>Unser umfassendes Programm umfasst:<\/p>\n\n\n\n<ul class=\"wp-block-list\">\n<li>Website Entwicklung &amp; Design<\/li>\n\n\n\n<li>Grundlagen des digitalen Marketings<\/li>\n\n\n\n<li>Strategie und Management f\u00fcr soziale Medien<\/li>\n\n\n\n<li>Inhaltsmarketing &amp; SEO<\/li>\n\n\n\n<li>Analytik und datengest\u00fctzte Entscheidungsfindung<\/li>\n\n\n\n<li>E-Commerce &amp; Optimierung der Konversionsrate<\/li>\n\n\n\n<li>Personal Branding &amp; Unternehmertum<\/li>\n<\/ul>\n\n\n\n<p><strong>Programm-Highlights:<\/strong><\/p>\n\n\n\n<ul class=\"wp-block-list\">\n<li>Praktische Projekte mit echten Unternehmen<\/li>\n\n\n\n<li>Industrie-anerkannte Zertifizierung<\/li>\n\n\n\n<li>Lebenslanger Zugang zu den Kursmaterialien<\/li>\n\n\n\n<li>Globale Gemeinschaft von Praktikern<\/li>\n\n\n\n<li>Kontinuierliche Mentorenschaft und Unterst\u00fctzung<\/li>\n<\/ul>\n\n\n\n<hr class=\"wp-block-separator has-alpha-channel-opacity\"\/>\n\n\n\n<h2 class=\"wp-block-heading\">Wie man sich f\u00fcr ein Stipendium bewirbt<\/h2>\n\n\n\n<h3 class=\"wp-block-heading\">Schritt 1: W\u00e4hlen Sie Ihr Stipendium<\/h3>\n\n\n\n<p>Sehen Sie sich unsere verf\u00fcgbaren Stipendien an und w\u00e4hlen Sie dasjenige aus, das am besten zu Ihrem Hintergrund und Ihren Zielen passt.<\/p>\n\n\n\n<h3 class=\"wp-block-heading\">Schritt 2: Vervollst\u00e4ndigen Sie Ihren Antrag<\/h3>\n\n\n\n<p>Reichen Sie Ihre Bewerbung ein:<\/p>\n\n\n\n<ul class=\"wp-block-list\">\n<li>Pers\u00f6nliche Erkl\u00e4rung, in der Sie Ihre Ziele erl\u00e4utern und darlegen, wie dieses Stipendium Ihre Gemeinschaft beeinflussen wird<\/li>\n\n\n\n<li>Erfolgreicher Nachweis der Berechtigung f\u00fcr das von Ihnen gew\u00e4hlte Stipendium<\/li>\n\n\n\n<li>Beruflicher Hintergrund und aktuelle Projekte<\/li>\n\n\n\n<li>Zwei berufliche Referenzen<\/li>\n\n\n\n<li>Portfolio vorhandener digitaler Arbeiten (optional)<\/li>\n\n\n\n<li>Businessplan mit detaillierten Angaben zu den gew\u00fcnschten Auswirkungen<\/li>\n\n\n\n<li>G\u00fcltiger Lichtbildausweis<\/li>\n\n\n\n<li>Nachweis eines verifizierten Paypal-Kontos auf Ihren Namen zum Senden und Empfangen von Zahlungen f\u00fcr das Stipendium<\/li>\n<\/ul>\n\n\n\n<h3 class=\"wp-block-heading\">Schritt 3: Interview-Prozess<\/h3>\n\n\n\n<p>Ausgew\u00e4hlte Kandidaten werden an einem kurzen Videointerview teilnehmen, um ihre Vision und ihr Engagement zu diskutieren.<\/p>\n\n\n\n<h3 class=\"wp-block-heading\">Schritt 4: Beginnen Sie Ihre Reise<\/h3>\n\n\n\n<p>Erfolgreiche Bewerber erhalten sofortigen Zugang zu unserem Masterprogramm f\u00fcr digitales Marketing und werden Mitglied unserer Stipendiatengemeinschaft.<\/p>\n\n\n\n<hr class=\"wp-block-separator has-alpha-channel-opacity\"\/>\n\n\n\n<h2 class=\"wp-block-heading\">Arbeiten Sie mit uns zusammen &amp; erstellen Sie Ihr eigenes Stipendium<\/h2>\n\n\n\n<p><strong>Sind Sie ein Unternehmen oder eine staatliche Einrichtung, die in die Entwicklung digitaler Talente investieren m\u00f6chte?<\/strong><\/p>\n\n\n\n<p>Wir sind aktiv auf der Suche nach Partnerschaften mit:<\/p>\n\n\n\n<ul class=\"wp-block-list\">\n<li><strong>Unternehmen<\/strong> die den digitalen Wandel in ihren Branchen unterst\u00fctzen wollen<\/li>\n\n\n\n<li><strong>Gemeinn\u00fctzige Organisationen<\/strong> mit Schwerpunkt auf Bildung und wirtschaftlicher Entwicklung<\/li>\n\n\n\n<li><strong>Regierungsbeh\u00f6rden<\/strong> F\u00f6rderung der digitalen Kompetenz und des Unternehmertums<\/li>\n\n\n\n<li><strong>Berufsverb\u00e4nde<\/strong> die ihre Mitgliedsunternehmen modernisieren wollen<\/li>\n<\/ul>\n\n\n\n<p><strong>Vorteile der Partnerschaft:<\/strong><\/p>\n\n\n\n<ul class=\"wp-block-list\">\n<li>Markensichtbarkeit f\u00fcr unsere globale Studentengemeinschaft<\/li>\n\n\n\n<li>Zugang zu ausgebildeten Talenten f\u00fcr digitales Marketing<\/li>\n\n\n\n<li>Detaillierte Wirkungsberichte \u00fcber die Ergebnisse des Stipendiums<\/li>\n\n\n\n<li>M\u00f6glichkeiten f\u00fcr Gastvortr\u00e4ge und Zusammenarbeit mit der Industrie<\/li>\n<\/ul>\n\n\n\n<p><strong><a href=\"https:\/\/scottmax.com\/about-me\/\" data-type=\"page\" data-id=\"87\">Kontaktieren Sie uns<\/a><\/strong> unter <strong>partner@scottmax.com<\/strong> um zu besprechen, wie wir ein Stipendienprogramm erstellen k\u00f6nnen, das mit dem Auftrag und den Werten Ihrer Organisation \u00fcbereinstimmt.<\/p>\n\n\n\n<hr class=\"wp-block-separator has-alpha-channel-opacity\"\/>\n\n\n\n<h2 class=\"wp-block-heading\">Erfolgsgeschichten<\/h2>\n\n\n\n<p><em>\"Das Stipendium hat nicht nur mein Gesch\u00e4ft ver\u00e4ndert - es hat meine gesamte Gemeinschaft ver\u00e4ndert. Ich helfe jetzt anderen Unternehmerinnen in Nairobi, ihre digitale Pr\u00e4senz aufzubauen.\"<\/em><br><strong>- Sarah M., Empf\u00e4ngerin des Women in Tech Kenya Stipendiums<\/strong><\/p>\n\n\n\n<p><em>\"Vom Verkauf von Oliven auf dem lokalen Markt bis zum Export in ganz Europa - digitales Marketing hat meinem Familienbetrieb eine globale Reichweite verschafft, die wir nie f\u00fcr m\u00f6glich gehalten h\u00e4tten.\"<\/em><br><strong>- Dimitris K., I Have A Dream-Stipendiat<\/strong><\/p>\n\n\n\n<hr class=\"wp-block-separator has-alpha-channel-opacity\"\/>\n\n\n\n<h2 class=\"wp-block-heading\">Bereit zur Bewerbung?<\/h2>\n\n\n\n<p><strong>Die Bewerbungen werden fortlaufend gepr\u00fcft.<\/strong> Warten Sie nicht - beginnen Sie noch heute mit Ihrer Bewerbung und machen Sie den ersten Schritt, um Ihre Karriere und Ihre Gemeinschaft durch hervorragendes digitales Marketing zu ver\u00e4ndern.<\/p>\n\n\n\n<p><\/p>\n\n\n\n<hr class=\"wp-block-separator has-alpha-channel-opacity\"\/>\n\n\n\n<p><em>Die Max Business School setzt sich f\u00fcr Chancengleichheit in der Ausbildung und den Aufbau einer vielf\u00e4ltigen, globalen Gemeinschaft von Fachleuten f\u00fcr digitales Marketing ein.<\/em><\/p>","protected":false},"excerpt":{"rendered":"<p>Max Business School Stipendien Wir von der Max Business School glauben, dass au\u00dfergew\u00f6hnliche Talente nicht durch finanzielle Hindernisse eingeschr\u00e4nkt werden sollten. Durch unsere strategischen Partnerschaften mit zukunftsorientierten Institutionen und Unternehmen sind wir stolz darauf, gezielte Stipendien anzubieten, die unseren Master in Digital Marketing auch unterrepr\u00e4sentierten Gemeinschaften und aufstrebenden M\u00e4rkten weltweit zug\u00e4nglich machen. Ausgew\u00e4hlte Stipendienm\u00f6glichkeiten Derzeit werden Bewerbungen angenommen:...<\/p>","protected":false},"author":1,"featured_media":0,"parent":0,"menu_order":0,"comment_status":"closed","ping_status":"closed","template":"","meta":{"inline_featured_image":false,"_kad_blocks_custom_css":"","_kad_blocks_head_custom_js":"","_kad_blocks_body_custom_js":"","_kad_blocks_footer_custom_js":"","_kadence_starter_templates_imported_post":false,"_kad_post_transparent":"","_kad_post_title":"","_kad_post_layout":"","_kad_post_sidebar_id":"","_kad_post_content_style":"","_kad_post_vertical_padding":"","_kad_post_feature":"","_kad_post_feature_position":"","_kad_post_header":false,"_kad_post_footer":false,"footnotes":""},"class_list":["post-71662","page","type-page","status-publish","hentry"],"taxonomy_info":[],"featured_image_src_large":false,"author_info":{"display_name":"Scott Max","author_link":"https:\/\/scottmax.com\/de\/author\/scott\/"},"comment_info":0,"_links":{"self":[{"href":"https:\/\/scottmax.com\/de\/wp-json\/wp\/v2\/pages\/71662","targetHints":{"allow":["GET"]}}],"collection":[{"href":"https:\/\/scottmax.com\/de\/wp-json\/wp\/v2\/pages"}],"about":[{"href":"https:\/\/scottmax.com\/de\/wp-json\/wp\/v2\/types\/page"}],"author":[{"embeddable":true,"href":"https:\/\/scottmax.com\/de\/wp-json\/wp\/v2\/users\/1"}],"replies":[{"embeddable":true,"href":"https:\/\/scottmax.com\/de\/wp-json\/wp\/v2\/comments?post=71662"}],"version-history":[{"count":13,"href":"https:\/\/scottmax.com\/de\/wp-json\/wp\/v2\/pages\/71662\/revisions"}],"predecessor-version":[{"id":71849,"href":"https:\/\/scottmax.com\/de\/wp-json\/wp\/v2\/pages\/71662\/revisions\/71849"}],"wp:attachment":[{"href":"https:\/\/scottmax.com\/de\/wp-json\/wp\/v2\/media?parent=71662"}],"curies":[{"name":"wp","href":"https:\/\/api.w.org\/{rel}","templated":true}]}}