{"id":71858,"date":"2025-06-21T14:16:56","date_gmt":"2025-06-21T14:16:56","guid":{"rendered":"https:\/\/scottmax.com\/?page_id=71858"},"modified":"2025-06-21T14:16:57","modified_gmt":"2025-06-21T14:16:57","slug":"dank-stipendium","status":"publish","type":"page","link":"https:\/\/scottmax.com\/de\/dank-stipendium\/","title":{"rendered":"Danke Stipendium"},"content":{"rendered":"<h2 class=\"wp-block-heading has-text-align-center\">Vielen Dank, dass Sie sich f\u00fcr unser Stipendium bewerben!<\/h2>\n\n\n\n<p class=\"has-text-align-center\">Wir werden es pr\u00fcfen und uns innerhalb von 5 Tagen bei Ihnen melden.<\/p>\n\n\n\n<h3 class=\"wp-block-heading has-text-align-center has-medium-font-size\" id=\"headline-7-1506\">In der Zwischenzeit k\u00f6nnen Sie mit dem kostenlosen Masterstudiengang in Digital Marketing &amp; Business beginnen<\/h3>\n\n\n\n<p class=\"has-text-align-center\"><strong>Schritt 1: Pr\u00fcfen Sie Ihre E-Mail.<\/strong><\/p>\n\n\n\n<p class=\"has-text-align-center\">Ich habe Ihnen soeben einen Kursplan und ein paar wichtige Links geschickt.<\/p>\n\n\n\n<p class=\"has-text-align-center\"><strong>Schritt 2: Erstellen Sie ein Konto auf unserer Plattform<\/strong><\/p>\n\n\n\n<p class=\"has-text-align-center\">W\u00e4hlen Sie einen Benutzernamen, eine E-Mail und ein Passwort<\/p>\n\n\n\n<p class=\"has-text-align-center\"><strong>Schritt 3: Navigieren Sie zum Kursbereich, melden Sie sich an und legen Sie los<\/strong><\/p>\n\n\n<style>.wp-block-kadence-advancedbtn.kb-btns71858_1c4c7f-fd{gap:var(--global-kb-gap-xs, 0.5rem );justify-content:center;align-items:center;}.kt-btns71858_1c4c7f-fd .kt-button{font-weight:normal;font-style:normal;}.kt-btns71858_1c4c7f-fd .kt-btn-wrap-0{margin-right:5px;}.wp-block-kadence-advancedbtn.kt-btns71858_1c4c7f-fd .kt-btn-wrap-0 .kt-button{color:#555555;border-color:#555555;}.wp-block-kadence-advancedbtn.kt-btns71858_1c4c7f-fd .kt-btn-wrap-0 .kt-button:hover, .wp-block-kadence-advancedbtn.kt-btns71858_1c4c7f-fd .kt-btn-wrap-0 .kt-button:focus{color:#ffffff;border-color:#444444;}.wp-block-kadence-advancedbtn.kt-btns71858_1c4c7f-fd .kt-btn-wrap-0 .kt-button::before{display:none;}.wp-block-kadence-advancedbtn.kt-btns71858_1c4c7f-fd .kt-btn-wrap-0 .kt-button:hover, .wp-block-kadence-advancedbtn.kt-btns71858_1c4c7f-fd .kt-btn-wrap-0 .kt-button:focus{background:#444444;}<\/style>\n<div class=\"wp-block-kadence-advancedbtn kb-buttons-wrap kb-btns71858_1c4c7f-fd\"><style>ul.menu .wp-block-kadence-advancedbtn .kb-btn71858_27ee83-0e.kb-button{width:initial;}.wp-block-kadence-advancedbtn .kb-btn71858_27ee83-0e.kb-button{background:var(--global-palette2, #2B6CB0);}<\/style><a class=\"kb-button kt-button button kb-btn71858_27ee83-0e kt-btn-size-xlarge kt-btn-width-type-auto kb-btn-global-fill  kt-btn-has-text-true kt-btn-has-svg-false  wp-block-kadence-singlebtn\" href=\"https:\/\/mbs.scottmax.com\/join?invitation_token=35b36d1657e9ab587ffc5b26bcc081fe47fed2fc-ecf68b85-440f-4adf-b9a1-8fcefb8a8b25\"><span class=\"kt-btn-inner-text\"><strong>Beginnen Sie<\/strong><\/span><\/a><\/div>\n\n\n\n<!-- Event snippet for Masters Signup conversion page -->\n<script>\n  gtag('event', 'conversion', {'send_to': 'AW-16759385623\/Cnv-CM2k2-MZEJfcv7c-'});\n<\/script>\n\n\n\n<script>\n\tfbq('track', 'Lead');\n<\/script>\n\n\n\n<div style=\"height:100px\" aria-hidden=\"true\" class=\"wp-block-spacer\"><\/div>","protected":false},"excerpt":{"rendered":"<p>Vielen Dank, dass Sie sich f\u00fcr unser Stipendium bewerben! Wir werden Ihre Bewerbung pr\u00fcfen und uns innerhalb von 5 Tagen bei Ihnen melden. In der Zwischenzeit k\u00f6nnen Sie mit dem kostenlosen Masterstudiengang in Digital Marketing &amp; Business beginnen Schritt 1: Pr\u00fcfen Sie Ihre E-Mail. Ich habe Ihnen soeben einen Kursplan und ein paar wichtige Links geschickt. Schritt 2: Erstellen Sie ein Konto...<\/p>","protected":false},"author":1,"featured_media":0,"parent":0,"menu_order":0,"comment_status":"closed","ping_status":"closed","template":"","meta":{"inline_featured_image":false,"_kad_blocks_custom_css":"","_kad_blocks_head_custom_js":"<!-- Event snippet for Masters Signup conversion page -->\r\n<script>\r\n  gtag('event', 'conversion', {'send_to': 'AW-16759385623\/Cnv-CM2k2-MZEJfcv7c-'});\r\n<\/script>","_kad_blocks_body_custom_js":"","_kad_blocks_footer_custom_js":"","_kadence_starter_templates_imported_post":false,"_kad_post_transparent":"","_kad_post_title":"","_kad_post_layout":"","_kad_post_sidebar_id":"","_kad_post_content_style":"","_kad_post_vertical_padding":"","_kad_post_feature":"","_kad_post_feature_position":"","_kad_post_header":false,"_kad_post_footer":false,"footnotes":""},"class_list":["post-71858","page","type-page","status-publish","hentry"],"taxonomy_info":[],"featured_image_src_large":false,"author_info":{"display_name":"Scott Max","author_link":"https:\/\/scottmax.com\/de\/author\/scott\/"},"comment_info":0,"_links":{"self":[{"href":"https:\/\/scottmax.com\/de\/wp-json\/wp\/v2\/pages\/71858","targetHints":{"allow":["GET"]}}],"collection":[{"href":"https:\/\/scottmax.com\/de\/wp-json\/wp\/v2\/pages"}],"about":[{"href":"https:\/\/scottmax.com\/de\/wp-json\/wp\/v2\/types\/page"}],"author":[{"embeddable":true,"href":"https:\/\/scottmax.com\/de\/wp-json\/wp\/v2\/users\/1"}],"replies":[{"embeddable":true,"href":"https:\/\/scottmax.com\/de\/wp-json\/wp\/v2\/comments?post=71858"}],"version-history":[{"count":1,"href":"https:\/\/scottmax.com\/de\/wp-json\/wp\/v2\/pages\/71858\/revisions"}],"predecessor-version":[{"id":71859,"href":"https:\/\/scottmax.com\/de\/wp-json\/wp\/v2\/pages\/71858\/revisions\/71859"}],"wp:attachment":[{"href":"https:\/\/scottmax.com\/de\/wp-json\/wp\/v2\/media?parent=71858"}],"curies":[{"name":"wp","href":"https:\/\/api.w.org\/{rel}","templated":true}]}}