{"id":991,"date":"2021-02-01T17:37:44","date_gmt":"2021-02-01T17:37:44","guid":{"rendered":"http:\/\/scottmax.com\/?page_id=991"},"modified":"2021-02-01T17:37:44","modified_gmt":"2021-02-01T17:37:44","slug":"datenschutzbestimmungen","status":"publish","type":"page","link":"https:\/\/scottmax.com\/de\/datenschutzbestimmungen\/","title":{"rendered":"Datenschutzbestimmungen"},"content":{"rendered":"<h1 class=\"wp-block-heading\">Datenschutzbestimmungen<\/h1>\n\n\n\n<p>Zuletzt aktualisiert: Februar 01, 2021<\/p>\n\n\n\n<p>Diese Datenschutzrichtlinie beschreibt unsere Richtlinien und Verfahren zur Erfassung, Verwendung und Weitergabe Ihrer Daten, wenn Sie den Service nutzen, und informiert Sie \u00fcber Ihre Datenschutzrechte und wie das Gesetz Sie sch\u00fctzt.<\/p>\n\n\n\n<p>Wir verwenden Ihre pers\u00f6nlichen Daten, um den Service bereitzustellen und zu verbessern. Durch die Nutzung des Dienstes erkl\u00e4ren Sie sich mit der Erfassung und Verwendung von Informationen in \u00dcbereinstimmung mit dieser Datenschutzerkl\u00e4rung einverstanden. Diese Datenschutzrichtlinie wurde mit Hilfe der <a href=\"https:\/\/www.termsfeed.com\/privacy-policy-generator\/\" target=\"_blank\" rel=\"noreferrer noopener\">Generator f\u00fcr Datenschutzrichtlinien<\/a>.<\/p>\n\n\n\n<h1 class=\"wp-block-heading\">Auslegung und Definitionen<\/h1>\n\n\n\n<h2 class=\"wp-block-heading\">Interpretation<\/h2>\n\n\n\n<p>Die W\u00f6rter, deren Anfangsbuchstaben gro\u00df geschrieben sind, haben die unter den folgenden Bedingungen definierten Bedeutungen. Die folgenden Definitionen haben dieselbe Bedeutung, unabh\u00e4ngig davon, ob sie im Singular oder im Plural stehen.<\/p>\n\n\n\n<h2 class=\"wp-block-heading\">Definitionen<\/h2>\n\n\n\n<p>F\u00fcr die Zwecke dieser Datenschutzrichtlinie:<\/p>\n\n\n\n<ul class=\"wp-block-list\"><li><strong>Konto<\/strong> bezeichnet ein einzigartiges Konto, das f\u00fcr Sie erstellt wurde, um auf unseren Service oder Teile unseres Service zuzugreifen.<\/li><li><strong>Unternehmen<\/strong> (in diesem Vertrag entweder als \"das Unternehmen\", \"wir\", \"uns\" oder \"unser\" bezeichnet) bezieht sich auf Servaroo o\u00fc, Haarju Maakond tn 4, Tallinn, 10616, Estland.<\/li><li><strong>Cookies<\/strong> sind kleine Dateien, die von einer Website auf Ihrem Computer, Ihrem Mobilger\u00e4t oder einem anderen Ger\u00e4t gespeichert werden und die unter anderem Details zu Ihrem Browserverlauf auf dieser Website enthalten.<\/li><li><strong>Land<\/strong> bezieht sich auf: Spanien<\/li><li><strong>Ger\u00e4t<\/strong> bedeutet jedes Ger\u00e4t, das auf den Service zugreifen kann, wie z.B. ein Computer, ein Mobiltelefon oder ein digitales Tablet.<\/li><li><strong>Pers\u00f6nliche Daten<\/strong> ist jede Information, die sich auf eine identifizierte oder identifizierbare Person bezieht.<\/li><li><strong>Service<\/strong> bezieht sich auf die Website.<\/li><li><strong>Dienstanbieter<\/strong> bezeichnet jede nat\u00fcrliche oder juristische Person, die die Daten im Auftrag des Unternehmens verarbeitet. Er bezieht sich auf Drittunternehmen oder Einzelpersonen, die vom Unternehmen beauftragt wurden, den Service zu erm\u00f6glichen, den Service im Namen des Unternehmens bereitzustellen, Dienstleistungen im Zusammenhang mit dem Service zu erbringen oder das Unternehmen bei der Analyse der Nutzung des Service zu unterst\u00fctzen.<\/li><li><strong>Sozialer Mediendienst eines Drittanbieters<\/strong> bezieht sich auf jede Website oder jede Website eines sozialen Netzwerks, \u00fcber die sich ein Benutzer anmelden oder ein Konto erstellen kann, um den Dienst zu nutzen.<\/li><li><strong>Verwendungsdaten<\/strong> bezieht sich auf automatisch erfasste Daten, die entweder durch die Nutzung des Dienstes oder durch die Infrastruktur des Dienstes selbst erzeugt werden (z. B. die Dauer eines Seitenbesuchs).<\/li><li><strong>Website<\/strong> verweist auf scottmax.com, erreichbar \u00fcber <a href=\"scottmax.com\" rel=\"noreferrer noopener\" target=\"_blank\">scottmax.com<\/a><\/li><li><strong>Sie<\/strong> bezeichnet die Person, die auf den Dienst zugreift oder ihn nutzt, bzw. das Unternehmen oder eine andere juristische Person, in deren Namen eine solche Person auf den Dienst zugreift oder ihn nutzt, je nach Fall.<\/li><\/ul>\n\n\n\n<h1 class=\"wp-block-heading\">Erfassung und Verwendung Ihrer pers\u00f6nlichen Daten<\/h1>\n\n\n\n<h2 class=\"wp-block-heading\">Arten von gesammelten Daten<\/h2>\n\n\n\n<h3 class=\"wp-block-heading\">Pers\u00f6nliche Daten<\/h3>\n\n\n\n<p>W\u00e4hrend der Nutzung unseres Dienstes bitten wir Sie m\u00f6glicherweise, uns bestimmte personenbezogene Daten mitzuteilen, die dazu verwendet werden k\u00f6nnen, Sie zu kontaktieren oder zu identifizieren. Pers\u00f6nlich identifizierbare Informationen k\u00f6nnen unter anderem sein:<\/p>\n\n\n\n<ul class=\"wp-block-list\"><li>E-Mail Adresse<\/li><li>Vorname und Nachname<\/li><li>Rufnummer<\/li><li>Verwendungsdaten<\/li><\/ul>\n\n\n\n<h3 class=\"wp-block-heading\">Verwendungsdaten<\/h3>\n\n\n\n<p>Nutzungsdaten werden bei der Nutzung des Dienstes automatisch erfasst.<\/p>\n\n\n\n<p>Zu den Nutzungsdaten k\u00f6nnen Informationen wie die Internetprotokolladresse Ihres Ger\u00e4ts (z.B. IP-Adresse), der Browsertyp, die Browserversion, die von Ihnen besuchten Seiten unseres Dienstes, die Uhrzeit und das Datum Ihres Besuchs, die auf diesen Seiten verbrachte Zeit, eindeutige Ger\u00e4tekennungen und andere Diagnosedaten geh\u00f6ren.<\/p>\n\n\n\n<p>Wenn Sie mit oder \u00fcber ein mobiles Ger\u00e4t auf den Dienst zugreifen, k\u00f6nnen wir bestimmte Informationen automatisch erfassen, einschlie\u00dflich, aber nicht beschr\u00e4nkt auf die Art des von Ihnen verwendeten mobilen Ger\u00e4ts, die eindeutige ID Ihres mobilen Ger\u00e4ts, die IP-Adresse Ihres mobilen Ger\u00e4ts, Ihr mobiles Betriebssystem, die Art des von Ihnen verwendeten mobilen Internetbrowsers, eindeutige Ger\u00e4tekennungen und andere Diagnosedaten.<\/p>\n\n\n\n<p>Wir k\u00f6nnen auch Informationen sammeln, die Ihr Browser sendet, wenn Sie unseren Service besuchen oder wenn Sie \u00fcber ein mobiles Ger\u00e4t auf den Service zugreifen.<\/p>\n\n\n\n<h3 class=\"wp-block-heading\">Tracking-Technologien und Cookies<\/h3>\n\n\n\n<p>Wir verwenden Cookies und \u00e4hnliche Tracking-Technologien, um die Aktivit\u00e4ten auf Unserem Dienst zu verfolgen und bestimmte Informationen zu speichern. Bei den verwendeten Tracking-Technologien handelt es sich um Beacons, Tags und Skripte zur Erfassung und Verfolgung von Informationen und zur Verbesserung und Analyse Unseres Dienstes. Zu den von uns verwendeten Technologien k\u00f6nnen geh\u00f6ren:<\/p>\n\n\n\n<ul class=\"wp-block-list\"><li><strong>Cookies oder Browser-Cookies.<\/strong> Ein Cookie ist eine kleine Datei, die auf Ihrem Ger\u00e4t gespeichert wird. Sie k\u00f6nnen Ihren Browser so einstellen, dass er alle Cookies ablehnt oder anzeigt, wenn ein Cookie gesendet wird. Wenn Sie jedoch keine Cookies akzeptieren, k\u00f6nnen Sie m\u00f6glicherweise einige Teile unseres Dienstes nicht nutzen. Sofern Sie Ihren Browser nicht so eingestellt haben, dass er Cookies ablehnt, kann unser Dienst Cookies verwenden.<\/li><li><strong>Flash Cookies.<\/strong> Bestimmte Funktionen unseres Dienstes k\u00f6nnen lokal gespeicherte Objekte (oder Flash Cookies) verwenden, um Informationen \u00fcber Ihre Pr\u00e4ferenzen oder Ihre Aktivit\u00e4ten in unserem Dienst zu sammeln und zu speichern. Flash-Cookies werden nicht \u00fcber dieselben Browsereinstellungen verwaltet wie die Browser-Cookies. Weitere Informationen dar\u00fcber, wie Sie Flash-Cookies l\u00f6schen k\u00f6nnen, finden Sie unter \"Wo kann ich die Einstellungen f\u00fcr die Deaktivierung oder das L\u00f6schen von lokal gespeicherten Objekten \u00e4ndern? <a href=\"https:\/\/helpx.adobe.com\/flash-player\/kb\/disable-local-shared-objects-flash.html#main_Where_can_I_change_the_settings_for_disabling__or_deleting_local_shared_objects_\" rel=\"noreferrer noopener\" target=\"_blank\">https:\/\/helpx.adobe.com\/flash-player\/kb\/disable-local-shared-objects-flash.html#main_Where_can_I_change_the_settings_for_disabling__or_deleting_local_shared_objects_<\/a><\/li><li><strong>Web Beacons.<\/strong> Bestimmte Bereiche unseres Dienstes und unserer E-Mails k\u00f6nnen kleine elektronische Dateien enthalten, die als Web-Beacons (auch als Clear Gifs, Pixel-Tags und Single-Pixel-Gifs bezeichnet) bekannt sind und es dem Unternehmen beispielsweise erm\u00f6glichen, die Benutzer zu z\u00e4hlen, die diese Seiten besucht oder eine E-Mail ge\u00f6ffnet haben, sowie andere damit verbundene Website-Statistiken zu erstellen (z. B. die Popularit\u00e4t eines bestimmten Bereichs zu erfassen und die System- und Serverintegrit\u00e4t zu \u00fcberpr\u00fcfen).<\/li><\/ul>\n\n\n\n<p>Cookies k\u00f6nnen \"dauerhafte\" oder \"Sitzungs-Cookies\" sein. Dauerhafte Cookies verbleiben auf Ihrem Computer oder Mobilger\u00e4t, wenn Sie offline gehen, w\u00e4hrend Sitzungscookies gel\u00f6scht werden, sobald Sie Ihren Webbrowser schlie\u00dfen. Mehr \u00fcber Cookies erfahren Sie hier: <a href=\"https:\/\/www.termsfeed.com\/blog\/cookies\/\" target=\"_blank\" rel=\"noreferrer noopener\">Alles \u00fcber Cookies von TermsFeed<\/a>.<\/p>\n\n\n\n<p>Wir verwenden sowohl Sitzungscookies als auch dauerhafte Cookies f\u00fcr die unten aufgef\u00fchrten Zwecke:<\/p>\n\n\n\n<ul class=\"wp-block-list\"><li><strong>Notwendige \/ essentielle Cookies<\/strong> Typ: Session Cookies Verwaltet von: Uns Zweck: Diese Cookies sind unerl\u00e4sslich, um Ihnen die \u00fcber die Website verf\u00fcgbaren Dienste zur Verf\u00fcgung zu stellen und Ihnen die Nutzung einiger ihrer Funktionen zu erm\u00f6glichen. Sie helfen bei der Authentifizierung von Benutzern und verhindern die betr\u00fcgerische Nutzung von Benutzerkonten. Ohne diese Cookies k\u00f6nnen die von Ihnen angeforderten Dienste nicht bereitgestellt werden, und wir verwenden diese Cookies nur, um Ihnen diese Dienste zur Verf\u00fcgung zu stellen.<\/li><li><strong>Cookies Richtlinie \/ Hinweis Akzeptanz Cookies<\/strong> Typ: Dauerhafte Cookies Verwaltet von: Uns Zweck: Diese Cookies identifizieren, ob Benutzer die Verwendung von Cookies auf der Website akzeptiert haben.<\/li><li><strong>Funktionalit\u00e4t Cookies<\/strong> Typ: Dauerhafte Cookies Verwaltet von: Uns Zweck: Diese Cookies erm\u00f6glichen es uns, die von Ihnen bei der Nutzung der Website getroffenen Entscheidungen zu speichern, z. B. Ihre Anmeldedaten oder Ihre Spracheinstellung. Der Zweck dieser Cookies ist es, Ihnen eine pers\u00f6nlichere Erfahrung zu bieten und zu vermeiden, dass Sie Ihre Einstellungen jedes Mal neu eingeben m\u00fcssen, wenn Sie die Website nutzen.<\/li><\/ul>\n\n\n\n<p>Weitere Informationen \u00fcber die von uns verwendeten Cookies und Ihre Wahlm\u00f6glichkeiten in Bezug auf Cookies finden Sie in unserer Cookie-Richtlinie oder im Abschnitt Cookies unserer Datenschutzrichtlinie.<\/p>\n\n\n\n<h2 class=\"wp-block-heading\">Verwendung Ihrer pers\u00f6nlichen Daten<\/h2>\n\n\n\n<p>Das Unternehmen kann personenbezogene Daten f\u00fcr die folgenden Zwecke verwenden:<\/p>\n\n\n\n<ul class=\"wp-block-list\"><li><strong>Zur Bereitstellung und Pflege unseres Service<\/strong>, einschlie\u00dflich der \u00dcberwachung der Nutzung unseres Service.<\/li><li><strong>Um Ihr Konto zu verwalten:<\/strong> um Ihre Registrierung als Nutzer des Dienstes zu verwalten. Die von Ihnen angegebenen pers\u00f6nlichen Daten k\u00f6nnen Ihnen Zugang zu verschiedenen Funktionen des Dienstes verschaffen, die Ihnen als registriertem Nutzer zur Verf\u00fcgung stehen.<\/li><li><strong>F\u00fcr die Erf\u00fcllung eines Vertrags:<\/strong> die Entwicklung, Einhaltung und Durchf\u00fchrung des Kaufvertrags f\u00fcr die Produkte, Artikel oder Dienstleistungen, die Sie gekauft haben, oder eines anderen Vertrags mit uns \u00fcber den Service.<\/li><li><strong>Um Sie zu kontaktieren:<\/strong> Um Sie per E-Mail, Telefonanrufe, SMS oder andere gleichwertige Formen der elektronischen Kommunikation zu kontaktieren, wie z.B. Push-Benachrichtigungen einer mobilen Anwendung in Bezug auf Aktualisierungen oder informative Mitteilungen im Zusammenhang mit den Funktionen, Produkten oder vertraglich vereinbarten Diensten, einschlie\u00dflich der Sicherheitsupdates, wenn dies f\u00fcr deren Umsetzung notwendig oder sinnvoll ist.<\/li><li><strong>Um Sie zu versorgen<\/strong> mit Neuigkeiten, Sonderangeboten und allgemeinen Informationen \u00fcber andere Waren, Dienstleistungen und Veranstaltungen, die wir anbieten und die denen \u00e4hnlich sind, die Sie bereits gekauft oder angefragt haben, es sei denn, Sie haben sich gegen den Erhalt solcher Informationen entschieden.<\/li><li><strong>Um Ihre Anfragen zu verwalten:<\/strong> Um Ihre Anfragen an uns zu bearbeiten und zu verwalten.<\/li><li><strong>F\u00fcr gesch\u00e4ftliche \u00dcberweisungen:<\/strong> Wir k\u00f6nnen Ihre Daten verwenden, um eine Fusion, Ver\u00e4u\u00dferung, Umstrukturierung, Reorganisation, Aufl\u00f6sung oder einen anderen Verkauf oder eine \u00dcbertragung einiger oder aller unserer Verm\u00f6genswerte zu bewerten oder durchzuf\u00fchren, sei es als laufender Betrieb oder als Teil eines Konkurses, einer Liquidation oder eines \u00e4hnlichen Verfahrens, bei dem pers\u00f6nliche Daten, die wir \u00fcber unsere Dienstnutzer besitzen, zu den \u00fcbertragenen Verm\u00f6genswerten geh\u00f6ren.<\/li><li><strong>F\u00fcr andere Zwecke<\/strong>: Wir k\u00f6nnen Ihre Daten f\u00fcr andere Zwecke verwenden, z.B. zur Datenanalyse, zur Ermittlung von Nutzungstrends, zur Bestimmung der Effektivit\u00e4t unserer Werbekampagnen und zur Bewertung und Verbesserung unseres Service, unserer Produkte, Dienstleistungen, unseres Marketings und Ihrer Erfahrungen.<\/li><\/ul>\n\n\n\n<p>Wir k\u00f6nnen Ihre pers\u00f6nlichen Daten in den folgenden Situationen weitergeben:<\/p>\n\n\n\n<ul class=\"wp-block-list\"><li><strong>Mit Dienstanbietern:<\/strong> Wir k\u00f6nnen Ihre pers\u00f6nlichen Daten an Dienstanbieter weitergeben, um die Nutzung unseres Dienstes zu \u00fcberwachen und zu analysieren und um Sie zu kontaktieren.<\/li><li><strong>F\u00fcr gesch\u00e4ftliche \u00dcberweisungen:<\/strong> Wir k\u00f6nnen Ihre pers\u00f6nlichen Daten in Verbindung mit oder w\u00e4hrend der Verhandlungen \u00fcber eine Fusion, den Verkauf von Unternehmensverm\u00f6gen, eine Finanzierung oder die \u00dcbernahme unseres gesamten oder eines Teils unseres Unternehmens durch ein anderes Unternehmen weitergeben oder \u00fcbertragen.<\/li><li><strong>Mit Affiliates:<\/strong> Wir k\u00f6nnen Ihre Daten an unsere verbundenen Unternehmen weitergeben. In diesem Fall verpflichten wir diese verbundenen Unternehmen, diese Datenschutzrichtlinie einzuhalten. Zu den verbundenen Unternehmen geh\u00f6ren unsere Muttergesellschaft und alle anderen Tochtergesellschaften, Joint-Venture-Partner oder andere Unternehmen, die wir kontrollieren oder die unter gemeinsamer Kontrolle mit uns stehen.<\/li><li><strong>Mit Gesch\u00e4ftspartnern:<\/strong> Wir k\u00f6nnen Ihre Informationen an unsere Gesch\u00e4ftspartner weitergeben, um Ihnen bestimmte Produkte, Dienstleistungen oder Werbeaktionen anzubieten.<\/li><li><strong>Mit anderen Benutzern:<\/strong> Wenn Sie pers\u00f6nliche Informationen weitergeben oder anderweitig in den \u00f6ffentlichen Bereichen mit anderen Nutzern interagieren, k\u00f6nnen diese Informationen von allen Nutzern eingesehen und \u00f6ffentlich nach au\u00dfen verbreitet werden. Wenn Sie mit anderen Nutzern interagieren oder sich \u00fcber einen Social-Media-Dienst eines Drittanbieters registrieren, k\u00f6nnen Ihre Kontakte im Social-Media-Dienst des Drittanbieters Ihren Namen, Ihr Profil, Ihre Bilder und die Beschreibung Ihrer Aktivit\u00e4ten sehen. Ebenso k\u00f6nnen andere Benutzer Beschreibungen Ihrer Aktivit\u00e4ten einsehen, mit Ihnen kommunizieren und Ihr Profil einsehen.<\/li><li><strong>Mit Ihrer Zustimmung<\/strong>: Wir k\u00f6nnen Ihre pers\u00f6nlichen Daten mit Ihrer Zustimmung f\u00fcr jeden anderen Zweck weitergeben.<\/li><\/ul>\n\n\n\n<h2 class=\"wp-block-heading\">Aufbewahrung Ihrer pers\u00f6nlichen Daten<\/h2>\n\n\n\n<p>Das Unternehmen wird Ihre pers\u00f6nlichen Daten nur so lange aufbewahren, wie es f\u00fcr die in dieser Datenschutzrichtlinie genannten Zwecke erforderlich ist. Wir werden Ihre pers\u00f6nlichen Daten in dem Umfang aufbewahren und verwenden, der erforderlich ist, um unseren rechtlichen Verpflichtungen nachzukommen (z.B. wenn wir Ihre Daten aufbewahren m\u00fcssen, um geltende Gesetze einzuhalten), um Streitigkeiten beizulegen und um unsere rechtlichen Vereinbarungen und Richtlinien durchzusetzen.<\/p>\n\n\n\n<p>Das Unternehmen wird Nutzungsdaten auch f\u00fcr interne Analysezwecke aufbewahren. Nutzungsdaten werden im Allgemeinen f\u00fcr einen k\u00fcrzeren Zeitraum aufbewahrt, es sei denn, diese Daten werden verwendet, um die Sicherheit oder die Funktionalit\u00e4t unseres Dienstes zu verbessern, oder wir sind gesetzlich verpflichtet, diese Daten f\u00fcr l\u00e4ngere Zeitr\u00e4ume aufzubewahren.<\/p>\n\n\n\n<h2 class=\"wp-block-heading\">\u00dcbertragung Ihrer pers\u00f6nlichen Daten<\/h2>\n\n\n\n<p>Ihre Informationen, einschlie\u00dflich personenbezogener Daten, werden in den Betriebsb\u00fcros des Unternehmens und an allen anderen Orten verarbeitet, an denen die an der Verarbeitung beteiligten Parteien ans\u00e4ssig sind. Das bedeutet, dass diese Daten an Computer au\u00dferhalb Ihres Staates, Ihrer Provinz, Ihres Landes oder einer anderen staatlichen Gerichtsbarkeit, in der andere Datenschutzgesetze als in Ihrer Gerichtsbarkeit gelten, \u00fcbertragen und dort gespeichert werden k\u00f6nnen.<\/p>\n\n\n\n<p>Mit Ihrer Zustimmung zu dieser Datenschutzerkl\u00e4rung und der anschlie\u00dfenden \u00dcbermittlung dieser Informationen erkl\u00e4ren Sie sich mit dieser \u00dcbertragung einverstanden.<\/p>\n\n\n\n<p>Das Unternehmen wird alle angemessenen Ma\u00dfnahmen ergreifen, um sicherzustellen, dass Ihre Daten sicher und in \u00dcbereinstimmung mit dieser Datenschutzrichtlinie behandelt werden, und es wird keine \u00dcbermittlung Ihrer pers\u00f6nlichen Daten an eine Organisation oder ein Land stattfinden, wenn nicht angemessene Kontrollen vorhanden sind, die die Sicherheit Ihrer Daten und anderer pers\u00f6nlicher Informationen einschlie\u00dfen.<\/p>\n\n\n\n<h2 class=\"wp-block-heading\">Offenlegung Ihrer pers\u00f6nlichen Daten<\/h2>\n\n\n\n<h3 class=\"wp-block-heading\">Gesch\u00e4ftstransaktionen<\/h3>\n\n\n\n<p>Wenn das Unternehmen an einer Fusion, einer \u00dcbernahme oder einem Verkauf von Verm\u00f6genswerten beteiligt ist, k\u00f6nnen Ihre pers\u00f6nlichen Daten \u00fcbertragen werden. Wir werden Sie benachrichtigen, bevor Ihre pers\u00f6nlichen Daten \u00fcbertragen werden und einer anderen Datenschutzrichtlinie unterworfen werden.<\/p>\n\n\n\n<h3 class=\"wp-block-heading\">Strafverfolgung<\/h3>\n\n\n\n<p>Unter bestimmten Umst\u00e4nden kann das Unternehmen verpflichtet sein, Ihre pers\u00f6nlichen Daten offenzulegen, wenn dies gesetzlich vorgeschrieben ist oder als Antwort auf berechtigte Anfragen von Beh\u00f6rden (z.B. einem Gericht oder einer Regierungsbeh\u00f6rde).<\/p>\n\n\n\n<h3 class=\"wp-block-heading\">Andere gesetzliche Anforderungen<\/h3>\n\n\n\n<p>Das Unternehmen kann Ihre pers\u00f6nlichen Daten in dem guten Glauben offenlegen, dass eine solche Ma\u00dfnahme notwendig ist, um:<\/p>\n\n\n\n<ul class=\"wp-block-list\"><li>Erf\u00fcllen Sie eine gesetzliche Verpflichtung<\/li><li>Schutz und Verteidigung der Rechte oder des Eigentums des Unternehmens<\/li><li>M\u00f6gliches Fehlverhalten im Zusammenhang mit dem Service zu verhindern oder zu untersuchen<\/li><li>die pers\u00f6nliche Sicherheit von Nutzern des Dienstes oder der \u00d6ffentlichkeit zu sch\u00fctzen<\/li><li>Sch\u00fctzen Sie sich vor rechtlicher Haftung<\/li><\/ul>\n\n\n\n<h2 class=\"wp-block-heading\">Sicherheit Ihrer pers\u00f6nlichen Daten<\/h2>\n\n\n\n<p>Die Sicherheit Ihrer pers\u00f6nlichen Daten ist uns wichtig, aber denken Sie daran, dass keine Methode der \u00dcbertragung \u00fcber das Internet oder der elektronischen Speicherung 100% sicher ist. Obwohl wir uns bem\u00fchen, Ihre pers\u00f6nlichen Daten mit kommerziell akzeptablen Mitteln zu sch\u00fctzen, k\u00f6nnen wir ihre absolute Sicherheit nicht garantieren.<\/p>\n\n\n\n<h1 class=\"wp-block-heading\">Links zu anderen Websites<\/h1>\n\n\n\n<p>Unser Service kann Links zu anderen Websites enthalten, die nicht von uns betrieben werden. Wenn Sie auf einen Link einer dritten Partei klicken, werden Sie auf die Website dieser dritten Partei weitergeleitet. Wir empfehlen Ihnen dringend, die Datenschutzrichtlinien jeder Website, die Sie besuchen, zu lesen.<\/p>\n\n\n\n<p>Wir haben keine Kontrolle \u00fcber und \u00fcbernehmen keine Verantwortung f\u00fcr den Inhalt, die Datenschutzrichtlinien oder die Praktiken von Websites oder Diensten Dritter.<\/p>\n\n\n\n<h1 class=\"wp-block-heading\">\u00c4nderungen an dieser Datenschutzrichtlinie<\/h1>\n\n\n\n<p>Wir k\u00f6nnen unsere Datenschutzrichtlinie von Zeit zu Zeit aktualisieren. Wir werden Sie \u00fcber alle \u00c4nderungen informieren, indem wir die neue Datenschutzrichtlinie auf dieser Seite ver\u00f6ffentlichen.<\/p>\n\n\n\n<p>Wir werden Sie per E-Mail und\/oder durch einen auff\u00e4lligen Hinweis in unserem Service informieren, bevor die \u00c4nderung in Kraft tritt, und das Datum der letzten Aktualisierung oben in dieser Datenschutzrichtlinie aktualisieren.<\/p>\n\n\n\n<p>Wir empfehlen Ihnen, diese Datenschutzrichtlinie regelm\u00e4\u00dfig auf \u00c4nderungen zu \u00fcberpr\u00fcfen. \u00c4nderungen an dieser Datenschutzerkl\u00e4rung werden wirksam, wenn sie auf dieser Seite ver\u00f6ffentlicht werden.<\/p>\n\n\n\n<h1 class=\"wp-block-heading\">Kontaktieren Sie uns<\/h1>\n\n\n\n<p>Wenn Sie Fragen zu dieser Datenschutzrichtlinie haben, k\u00f6nnen Sie uns kontaktieren:<\/p>\n\n\n\n<ul class=\"wp-block-list\"><li>Per E-Mail: scott@scottkanacher.com<\/li><\/ul>","protected":false},"excerpt":{"rendered":"<p>Privacy Policy Last updated: February 01, 2021 This Privacy Policy describes Our policies and procedures on the collection, use and disclosure of Your information when You use the Service and tells You about Your privacy rights and how the law protects You. We use Your Personal data to provide and improve the Service. By using&#8230;<\/p>","protected":false},"author":1,"featured_media":0,"parent":0,"menu_order":0,"comment_status":"closed","ping_status":"closed","template":"","meta":{"inline_featured_image":false,"_kad_blocks_custom_css":"","_kad_blocks_head_custom_js":"","_kad_blocks_body_custom_js":"","_kad_blocks_footer_custom_js":"","_kadence_starter_templates_imported_post":false,"_kad_post_transparent":"","_kad_post_title":"","_kad_post_layout":"","_kad_post_sidebar_id":"","_kad_post_content_style":"","_kad_post_vertical_padding":"","_kad_post_feature":"","_kad_post_feature_position":"","_kad_post_header":false,"_kad_post_footer":false,"footnotes":""},"class_list":["post-991","page","type-page","status-publish","hentry"],"taxonomy_info":[],"featured_image_src_large":false,"author_info":{"display_name":"Scott Max","author_link":"https:\/\/scottmax.com\/de\/author\/scott\/"},"comment_info":0,"_links":{"self":[{"href":"https:\/\/scottmax.com\/de\/wp-json\/wp\/v2\/pages\/991","targetHints":{"allow":["GET"]}}],"collection":[{"href":"https:\/\/scottmax.com\/de\/wp-json\/wp\/v2\/pages"}],"about":[{"href":"https:\/\/scottmax.com\/de\/wp-json\/wp\/v2\/types\/page"}],"author":[{"embeddable":true,"href":"https:\/\/scottmax.com\/de\/wp-json\/wp\/v2\/users\/1"}],"replies":[{"embeddable":true,"href":"https:\/\/scottmax.com\/de\/wp-json\/wp\/v2\/comments?post=991"}],"version-history":[{"count":1,"href":"https:\/\/scottmax.com\/de\/wp-json\/wp\/v2\/pages\/991\/revisions"}],"predecessor-version":[{"id":992,"href":"https:\/\/scottmax.com\/de\/wp-json\/wp\/v2\/pages\/991\/revisions\/992"}],"wp:attachment":[{"href":"https:\/\/scottmax.com\/de\/wp-json\/wp\/v2\/media?parent=991"}],"curies":[{"name":"wp","href":"https:\/\/api.w.org\/{rel}","templated":true}]}}