{"id":1030,"date":"2021-03-17T14:53:22","date_gmt":"2021-03-17T14:53:22","guid":{"rendered":"https:\/\/scottmax.com\/?page_id=1030"},"modified":"2023-07-21T16:08:35","modified_gmt":"2023-07-21T16:08:35","slug":"max-escuela-de-negocios","status":"publish","type":"page","link":"https:\/\/scottmax.com\/es\/max-escuela-de-negocios\/","title":{"rendered":"Max Business School"},"content":{"rendered":"<h1 class=\"wp-block-heading has-text-align-center\">Max Business School\u2122<\/h1>\n\n\n<style>.kb-row-layout-id_950e8c-1a > .kt-row-column-wrap{align-content:start;}:where(.kb-row-layout-id_950e8c-1a > .kt-row-column-wrap) > .wp-block-kadence-column{justify-content:start;}.kb-row-layout-id_950e8c-1a > .kt-row-column-wrap{column-gap:var(--global-kb-gap-md, 2rem);row-gap:var(--global-kb-gap-md, 2rem);padding-top:var(--global-kb-spacing-sm, 1.5rem);padding-bottom:var(--global-kb-spacing-sm, 1.5rem);grid-template-columns:repeat(2, minmax(0, 1fr));}.kb-row-layout-id_950e8c-1a > .kt-row-layout-overlay{opacity:0.30;}@media all and (max-width: 1024px){.kb-row-layout-id_950e8c-1a > .kt-row-column-wrap{grid-template-columns:repeat(2, minmax(0, 1fr));}}@media all and (max-width: 767px){.kb-row-layout-id_950e8c-1a > .kt-row-column-wrap{grid-template-columns:minmax(0, 1fr);}}<\/style><div class=\"kb-row-layout-wrap kb-row-layout-id_950e8c-1a alignnone wp-block-kadence-rowlayout\"><div class=\"kt-row-column-wrap kt-has-2-columns kt-row-layout-equal kt-tab-layout-inherit kt-mobile-layout-row kt-row-valign-top\">\n<style>.kadence-column_3baf52-5d > .kt-inside-inner-col,.kadence-column_3baf52-5d > .kt-inside-inner-col:before{border-top-left-radius:0px;border-top-right-radius:0px;border-bottom-right-radius:0px;border-bottom-left-radius:0px;}.kadence-column_3baf52-5d > .kt-inside-inner-col{column-gap:var(--global-kb-gap-sm, 1rem);}.kadence-column_3baf52-5d > .kt-inside-inner-col{flex-direction:column;}.kadence-column_3baf52-5d > .kt-inside-inner-col > .aligncenter{width:100%;}.kadence-column_3baf52-5d > .kt-inside-inner-col:before{opacity:0.3;}.kadence-column_3baf52-5d{position:relative;}@media all and (max-width: 1024px){.kadence-column_3baf52-5d > .kt-inside-inner-col{flex-direction:column;justify-content:center;}}@media all and (max-width: 767px){.kadence-column_3baf52-5d > .kt-inside-inner-col{flex-direction:column;justify-content:center;}}<\/style>\n<div class=\"wp-block-kadence-column kadence-column_3baf52-5d\"><div class=\"kt-inside-inner-col\"><style>.kb-image_56f569-49 .kb-image-has-overlay:after{opacity:0.3;border-top-left-radius:20px;border-top-right-radius:20px;border-bottom-right-radius:20px;border-bottom-left-radius:20px;}.kb-image_56f569-49 img.kb-img, .kb-image_56f569-49 .kb-img img{border-top-left-radius:20px;border-top-right-radius:20px;border-bottom-right-radius:20px;border-bottom-left-radius:20px;}<\/style>\n<figure class=\"wp-block-kadence-image kb-image_56f569-49 size-large\"><img decoding=\"async\" width=\"1024\" height=\"544\" src=\"https:\/\/scottmax.com\/wp-content\/uploads\/2023\/02\/Max-Business-School-2-1024x544.png\" alt=\"\" class=\"kb-img wp-image-25814\" srcset=\"https:\/\/scottmax.com\/wp-content\/uploads\/2023\/02\/Max-Business-School-2-1024x544.png 1024w, https:\/\/scottmax.com\/wp-content\/uploads\/2023\/02\/Max-Business-School-2-300x159.png 300w, https:\/\/scottmax.com\/wp-content\/uploads\/2023\/02\/Max-Business-School-2-768x408.png 768w, https:\/\/scottmax.com\/wp-content\/uploads\/2023\/02\/Max-Business-School-2.png 1084w\" sizes=\"(max-width: 1024px) 100vw, 1024px\" \/><\/figure>\n\n\n\n<p>100% Gratis - 100% Online - Totalmente Flexible - Con Certificaci\u00f3n Gratuita - \u00danase a m\u00e1s de 300.000 Estudiantes<\/p>\n<\/div><\/div>\n\n\n<style>.kadence-column_623ad5-1c > .kt-inside-inner-col,.kadence-column_623ad5-1c > .kt-inside-inner-col:before{border-top-left-radius:0px;border-top-right-radius:0px;border-bottom-right-radius:0px;border-bottom-left-radius:0px;}.kadence-column_623ad5-1c > .kt-inside-inner-col{column-gap:var(--global-kb-gap-sm, 1rem);}.kadence-column_623ad5-1c > .kt-inside-inner-col{flex-direction:column;}.kadence-column_623ad5-1c > .kt-inside-inner-col > .aligncenter{width:100%;}.kadence-column_623ad5-1c > .kt-inside-inner-col:before{opacity:0.3;}.kadence-column_623ad5-1c{position:relative;}@media all and (max-width: 1024px){.kadence-column_623ad5-1c > .kt-inside-inner-col{flex-direction:column;justify-content:center;}}@media all and (max-width: 767px){.kadence-column_623ad5-1c > .kt-inside-inner-col{flex-direction:column;justify-content:center;}}<\/style>\n<div class=\"wp-block-kadence-column kadence-column_623ad5-1c\"><div class=\"kt-inside-inner-col\">\n<h2 class=\"wp-block-heading\" id=\"headline-4-1030\"><strong>Master Marketing Digital y Negocios<\/strong><\/h2>\n\n\n\n<p>Nuestro programa de m\u00e1ster altamente pr\u00e1ctico le convertir\u00e1 en un profesional del marketing digital capaz de:<\/p>\n\n\n\n<p>\u2714\ufe0f Comenzar y dirigir su propio negocio en l\u00ednea<br>\u2714\ufe0f Conseguir el trabajo de marketing digital que desea.<\/p>\n\n\n<style>.wp-block-kadence-advancedbtn.kb-btns_eaab93-16{gap:var(--global-kb-gap-xs, 0.5rem );justify-content:flex-start;align-items:center;}.kt-btns_eaab93-16 .kt-button{font-weight:normal;font-style:normal;}.kt-btns_eaab93-16 .kt-btn-wrap-0{margin-right:5px;}.wp-block-kadence-advancedbtn.kt-btns_eaab93-16 .kt-btn-wrap-0 .kt-button{color:#555555;border-color:#555555;}.wp-block-kadence-advancedbtn.kt-btns_eaab93-16 .kt-btn-wrap-0 .kt-button:hover, .wp-block-kadence-advancedbtn.kt-btns_eaab93-16 .kt-btn-wrap-0 .kt-button:focus{color:#ffffff;border-color:#444444;}.wp-block-kadence-advancedbtn.kt-btns_eaab93-16 .kt-btn-wrap-0 .kt-button::before{display:none;}.wp-block-kadence-advancedbtn.kt-btns_eaab93-16 .kt-btn-wrap-0 .kt-button:hover, .wp-block-kadence-advancedbtn.kt-btns_eaab93-16 .kt-btn-wrap-0 .kt-button:focus{background:#444444;}<\/style>\n<div class=\"wp-block-kadence-advancedbtn kb-buttons-wrap kb-btns_eaab93-16\"><style>ul.menu .wp-block-kadence-advancedbtn .kb-btn_f4bf34-ce.kb-button{width:initial;}<\/style><a class=\"kb-button kt-button button kb-btn_f4bf34-ce kt-btn-size-large kt-btn-width-type-auto kb-btn-global-fill  kt-btn-has-text-true kt-btn-has-svg-false  wp-block-kadence-singlebtn\" href=\"https:\/\/scottmax.com\/master-in-digital-marketing-business\/\"><span class=\"kt-btn-inner-text\">Iniciar el curso<\/span><\/a><\/div>\n<\/div><\/div>\n\n<\/div><\/div>\n\n<style>.kt-accordion-id_e4801f-40 .kt-accordion-inner-wrap{column-gap:var(--global-kb-gap-md, 2rem);row-gap:10px;}.kt-accordion-id_e4801f-40 .kt-accordion-panel-inner{border-top:0px solid transparent;border-right:1px solid transparent;border-bottom:1px solid transparent;border-left:1px solid transparent;background:#ffffff;padding-top:var(--global-kb-spacing-sm, 1.5rem);padding-right:var(--global-kb-spacing-sm, 1.5rem);padding-bottom:var(--global-kb-spacing-sm, 1.5rem);padding-left:var(--global-kb-spacing-sm, 1.5rem);}.kt-accordion-id_e4801f-40 > .kt-accordion-inner-wrap > .wp-block-kadence-pane > .kt-accordion-header-wrap > .kt-blocks-accordion-header{border-top:1px solid #eeeeee;border-right:1px solid #eeeeee;border-bottom:1px solid #eeeeee;border-left:2px solid #eeeeee;border-top-left-radius:0px;border-top-right-radius:0px;border-bottom-right-radius:0px;border-bottom-left-radius:0px;background:#ffffff;color:#444444;padding-top:14px;padding-right:16px;padding-bottom:14px;padding-left:16px;}.kt-accordion-id_e4801f-40:not( .kt-accodion-icon-style-basiccircle ):not( .kt-accodion-icon-style-xclosecircle ):not( .kt-accodion-icon-style-arrowcircle )  > .kt-accordion-inner-wrap > .wp-block-kadence-pane > .kt-accordion-header-wrap .kt-blocks-accordion-icon-trigger:after, .kt-accordion-id_e4801f-40:not( .kt-accodion-icon-style-basiccircle ):not( .kt-accodion-icon-style-xclosecircle ):not( .kt-accodion-icon-style-arrowcircle )  > .kt-accordion-inner-wrap > .wp-block-kadence-pane > .kt-accordion-header-wrap .kt-blocks-accordion-icon-trigger:before{background:#444444;}.kt-accordion-id_e4801f-40:not( .kt-accodion-icon-style-basic ):not( .kt-accodion-icon-style-xclose ):not( .kt-accodion-icon-style-arrow ) .kt-blocks-accordion-icon-trigger{background:#444444;}.kt-accordion-id_e4801f-40:not( .kt-accodion-icon-style-basic ):not( .kt-accodion-icon-style-xclose ):not( .kt-accodion-icon-style-arrow ) .kt-blocks-accordion-icon-trigger:after, .kt-accordion-id_e4801f-40:not( .kt-accodion-icon-style-basic ):not( .kt-accodion-icon-style-xclose ):not( .kt-accodion-icon-style-arrow ) .kt-blocks-accordion-icon-trigger:before{background:#ffffff;}.kt-accordion-id_e4801f-40 > .kt-accordion-inner-wrap > .wp-block-kadence-pane > .kt-accordion-header-wrap > .kt-blocks-accordion-header:hover, \n\t\t\t\tbody:not(.hide-focus-outline) .kt-accordion-id_e4801f-40 .kt-blocks-accordion-header:focus-visible{color:#444444;background:#ffffff;border-top-color:#d4d4d4;border-top-style:solid;border-right-color:#d4d4d4;border-right-style:solid;border-bottom-color:#d4d4d4;border-bottom-style:solid;border-left-color:#d4d4d4;border-left-style:solid;}.kt-accordion-id_e4801f-40:not( .kt-accodion-icon-style-basiccircle ):not( .kt-accodion-icon-style-xclosecircle ):not( .kt-accodion-icon-style-arrowcircle ) .kt-accordion-header-wrap .kt-blocks-accordion-header:hover .kt-blocks-accordion-icon-trigger:after, .kt-accordion-id_e4801f-40:not( .kt-accodion-icon-style-basiccircle ):not( .kt-accodion-icon-style-xclosecircle ):not( .kt-accodion-icon-style-arrowcircle ) .kt-accordion-header-wrap .kt-blocks-accordion-header:hover .kt-blocks-accordion-icon-trigger:before, body:not(.hide-focus-outline) .kt-accordion-id_e4801f-40:not( .kt-accodion-icon-style-basiccircle ):not( .kt-accodion-icon-style-xclosecircle ):not( .kt-accodion-icon-style-arrowcircle ) .kt-blocks-accordion--visible .kt-blocks-accordion-icon-trigger:after, body:not(.hide-focus-outline) .kt-accordion-id_e4801f-40:not( .kt-accodion-icon-style-basiccircle ):not( .kt-accodion-icon-style-xclosecircle ):not( .kt-accodion-icon-style-arrowcircle ) .kt-blocks-accordion-header:focus-visible .kt-blocks-accordion-icon-trigger:before{background:#444444;}.kt-accordion-id_e4801f-40:not( .kt-accodion-icon-style-basic ):not( .kt-accodion-icon-style-xclose ):not( .kt-accodion-icon-style-arrow ) .kt-accordion-header-wrap .kt-blocks-accordion-header:hover .kt-blocks-accordion-icon-trigger, body:not(.hide-focus-outline) .kt-accordion-id_e4801f-40:not( .kt-accodion-icon-style-basic ):not( .kt-accodion-icon-style-xclose ):not( .kt-accodion-icon-style-arrow ) .kt-accordion-header-wrap .kt-blocks-accordion-header:focus-visible .kt-blocks-accordion-icon-trigger{background:#444444;}.kt-accordion-id_e4801f-40:not( .kt-accodion-icon-style-basic ):not( .kt-accodion-icon-style-xclose ):not( .kt-accodion-icon-style-arrow ) .kt-accordion-header-wrap .kt-blocks-accordion-header:hover .kt-blocks-accordion-icon-trigger:after, .kt-accordion-id_e4801f-40:not( .kt-accodion-icon-style-basic ):not( .kt-accodion-icon-style-xclose ):not( .kt-accodion-icon-style-arrow ) .kt-accordion-header-wrap .kt-blocks-accordion-header:hover .kt-blocks-accordion-icon-trigger:before, body:not(.hide-focus-outline) .kt-accordion-id_e4801f-40:not( .kt-accodion-icon-style-basic ):not( .kt-accodion-icon-style-xclose ):not( .kt-accodion-icon-style-arrow ) .kt-accordion-header-wrap .kt-blocks-accordion-header:focus-visible .kt-blocks-accordion-icon-trigger:after, body:not(.hide-focus-outline) .kt-accordion-id_e4801f-40:not( .kt-accodion-icon-style-basic ):not( .kt-accodion-icon-style-xclose ):not( .kt-accodion-icon-style-arrow ) .kt-accordion-header-wrap .kt-blocks-accordion-header:focus-visible .kt-blocks-accordion-icon-trigger:before{background:#ffffff;}.kt-accordion-id_e4801f-40 .kt-accordion-header-wrap .kt-blocks-accordion-header:focus-visible,\n\t\t\t\t.kt-accordion-id_e4801f-40 > .kt-accordion-inner-wrap > .wp-block-kadence-pane > .kt-accordion-header-wrap > .kt-blocks-accordion-header.kt-accordion-panel-active{color:#444444;background:#ffffff;border-top-color:#eeeeee;border-top-style:solid;border-right-color:#eeeeee;border-right-style:solid;border-bottom-color:#eeeeee;border-bottom-style:solid;border-left-color:#0e9cd1;border-left-style:solid;}.kt-accordion-id_e4801f-40:not( .kt-accodion-icon-style-basiccircle ):not( .kt-accodion-icon-style-xclosecircle ):not( .kt-accodion-icon-style-arrowcircle )  > .kt-accordion-inner-wrap > .wp-block-kadence-pane > .kt-accordion-header-wrap > .kt-blocks-accordion-header.kt-accordion-panel-active .kt-blocks-accordion-icon-trigger:after, .kt-accordion-id_e4801f-40:not( .kt-accodion-icon-style-basiccircle ):not( .kt-accodion-icon-style-xclosecircle ):not( .kt-accodion-icon-style-arrowcircle )  > .kt-accordion-inner-wrap > .wp-block-kadence-pane > .kt-accordion-header-wrap > .kt-blocks-accordion-header.kt-accordion-panel-active .kt-blocks-accordion-icon-trigger:before{background:#444444;}.kt-accordion-id_e4801f-40:not( .kt-accodion-icon-style-basic ):not( .kt-accodion-icon-style-xclose ):not( .kt-accodion-icon-style-arrow ) .kt-blocks-accordion-header.kt-accordion-panel-active .kt-blocks-accordion-icon-trigger{background:#444444;}.kt-accordion-id_e4801f-40:not( .kt-accodion-icon-style-basic ):not( .kt-accodion-icon-style-xclose ):not( .kt-accodion-icon-style-arrow ) .kt-blocks-accordion-header.kt-accordion-panel-active .kt-blocks-accordion-icon-trigger:after, .kt-accordion-id_e4801f-40:not( .kt-accodion-icon-style-basic ):not( .kt-accodion-icon-style-xclose ):not( .kt-accodion-icon-style-arrow ) .kt-blocks-accordion-header.kt-accordion-panel-active .kt-blocks-accordion-icon-trigger:before{background:#ffffff;}@media all and (max-width: 1024px){.kt-accordion-id_e4801f-40 .kt-accordion-panel-inner{border-top:0px solid transparent;border-right:1px solid transparent;border-bottom:1px solid transparent;border-left:1px solid transparent;}}@media all and (max-width: 1024px){.kt-accordion-id_e4801f-40 > .kt-accordion-inner-wrap > .wp-block-kadence-pane > .kt-accordion-header-wrap > .kt-blocks-accordion-header{border-top:1px solid #eeeeee;border-right:1px solid #eeeeee;border-bottom:1px solid #eeeeee;border-left:2px solid #eeeeee;}}@media all and (max-width: 1024px){.kt-accordion-id_e4801f-40 > .kt-accordion-inner-wrap > .wp-block-kadence-pane > .kt-accordion-header-wrap > .kt-blocks-accordion-header:hover, \n\t\t\t\tbody:not(.hide-focus-outline) .kt-accordion-id_e4801f-40 .kt-blocks-accordion-header:focus-visible{border-top-color:#d4d4d4;border-top-style:solid;border-right-color:#d4d4d4;border-right-style:solid;border-bottom-color:#d4d4d4;border-bottom-style:solid;border-left-color:#d4d4d4;border-left-style:solid;}}@media all and (max-width: 1024px){.kt-accordion-id_e4801f-40 .kt-accordion-header-wrap .kt-blocks-accordion-header:focus-visible,\n\t\t\t\t.kt-accordion-id_e4801f-40 > .kt-accordion-inner-wrap > .wp-block-kadence-pane > .kt-accordion-header-wrap > .kt-blocks-accordion-header.kt-accordion-panel-active{border-top-color:#eeeeee;border-top-style:solid;border-right-color:#eeeeee;border-right-style:solid;border-bottom-color:#eeeeee;border-bottom-style:solid;border-left-color:#0e9cd1;border-left-style:solid;}}@media all and (max-width: 767px){.kt-accordion-id_e4801f-40 .kt-accordion-inner-wrap{display:block;}.kt-accordion-id_e4801f-40 .kt-accordion-inner-wrap .kt-accordion-pane:not(:first-child){margin-top:10px;}.kt-accordion-id_e4801f-40 .kt-accordion-panel-inner{border-top:0px solid transparent;border-right:1px solid transparent;border-bottom:1px solid transparent;border-left:1px solid transparent;}.kt-accordion-id_e4801f-40 > .kt-accordion-inner-wrap > .wp-block-kadence-pane > .kt-accordion-header-wrap > .kt-blocks-accordion-header{border-top:1px solid #eeeeee;border-right:1px solid #eeeeee;border-bottom:1px solid #eeeeee;border-left:2px solid #eeeeee;}.kt-accordion-id_e4801f-40 > .kt-accordion-inner-wrap > .wp-block-kadence-pane > .kt-accordion-header-wrap > .kt-blocks-accordion-header:hover, \n\t\t\t\tbody:not(.hide-focus-outline) .kt-accordion-id_e4801f-40 .kt-blocks-accordion-header:focus-visible{border-top-color:#d4d4d4;border-top-style:solid;border-right-color:#d4d4d4;border-right-style:solid;border-bottom-color:#d4d4d4;border-bottom-style:solid;border-left-color:#d4d4d4;border-left-style:solid;}.kt-accordion-id_e4801f-40 .kt-accordion-header-wrap .kt-blocks-accordion-header:focus-visible,\n\t\t\t\t.kt-accordion-id_e4801f-40 > .kt-accordion-inner-wrap > .wp-block-kadence-pane > .kt-accordion-header-wrap > .kt-blocks-accordion-header.kt-accordion-panel-active{border-top-color:#eeeeee;border-top-style:solid;border-right-color:#eeeeee;border-right-style:solid;border-bottom-color:#eeeeee;border-bottom-style:solid;border-left-color:#0e9cd1;border-left-style:solid;}}<\/style>\n<div class=\"wp-block-kadence-accordion alignnone\"><div class=\"kt-accordion-wrap kt-accordion-id_e4801f-40 kt-accordion-has-4-panes kt-active-pane-0 kt-accordion-block kt-pane-header-alignment-left kt-accodion-icon-style-arrow kt-accodion-icon-side-right\" style=\"max-width:none\"><div class=\"kt-accordion-inner-wrap\" data-allow-multiple-open=\"false\" data-start-open=\"0\">\n<div class=\"wp-block-kadence-pane kt-accordion-pane kt-accordion-pane-1 kt-pane_2f96f1-b4\"><div class=\"kt-accordion-header-wrap\"><button class=\"kt-blocks-accordion-header kt-acccordion-button-label-show\"><span class=\"kt-blocks-accordion-title-wrap\"><span class=\"kt-blocks-accordion-title\"><strong>Aprenda a su propio ritmo<\/strong><\/span><\/span><span class=\"kt-blocks-accordion-icon-trigger\"><\/span><\/button><\/div><div class=\"kt-accordion-panel kt-accordion-panel-hidden\"><div class=\"kt-accordion-panel-inner\">\n<p>En Max Business School, usted fija su propio horario. Puede realizar los cursos y las certificaciones a su propio ritmo.<\/p>\n<\/div><\/div><\/div>\n\n\n\n<div class=\"wp-block-kadence-pane kt-accordion-pane kt-accordion-pane-2 kt-pane_92b578-e6\"><div class=\"kt-accordion-header-wrap\"><button class=\"kt-blocks-accordion-header kt-acccordion-button-label-show\"><span class=\"kt-blocks-accordion-title-wrap\"><span class=\"kt-blocks-accordion-title\"><strong>Un curso para cualquier nivel<\/strong><\/span><\/span><span class=\"kt-blocks-accordion-icon-trigger\"><\/span><\/button><\/div><div class=\"kt-accordion-panel kt-accordion-panel-hidden\"><div class=\"kt-accordion-panel-inner\">\n<p>Tanto si es un principiante absoluto como un estudiante avanzado de marketing, encontrar\u00e1 contenidos que ampliar\u00e1n sus conocimientos.<\/p>\n<\/div><\/div><\/div>\n\n\n\n<div class=\"wp-block-kadence-pane kt-accordion-pane kt-accordion-pane-4 kt-pane_036271-9c\"><div class=\"kt-accordion-header-wrap\"><button class=\"kt-blocks-accordion-header kt-acccordion-button-label-show\"><span class=\"kt-blocks-accordion-title-wrap\"><span class=\"kt-blocks-accordion-title\"><strong>Impartido por profesionales del sector<\/strong><\/span><\/span><span class=\"kt-blocks-accordion-icon-trigger\"><\/span><\/button><\/div><div class=\"kt-accordion-panel kt-accordion-panel-hidden\"><div class=\"kt-accordion-panel-inner\">\n<p>Nuestros profesores proceden de la industria y trabajan en ella. Por eso respondemos a lo que la industria quiere y necesita creando cursos y certificaciones mejores y m\u00e1s relevantes.<\/p>\n<\/div><\/div><\/div>\n\n\n\n<div class=\"wp-block-kadence-pane kt-accordion-pane kt-accordion-pane-3 kt-pane_eb2247-1c\"><div class=\"kt-accordion-header-wrap\"><button class=\"kt-blocks-accordion-header kt-acccordion-button-label-show\"><span class=\"kt-blocks-accordion-title-wrap\"><span class=\"kt-blocks-accordion-title\"><strong>Misi\u00f3n: Causar impacto<\/strong><\/span><\/span><span class=\"kt-blocks-accordion-icon-trigger\"><\/span><\/button><\/div><div class=\"kt-accordion-panel kt-accordion-panel-hidden\"><div class=\"kt-accordion-panel-inner\">\n<p>Nuestra misi\u00f3n \u00fanica nos permite ofrecer una educaci\u00f3n de la m\u00e1xima calidad de forma gratuita. Nuestro objetivo es hacer accesible el conocimiento para que el mayor n\u00famero posible de personas encuentre la libertad y la capacitaci\u00f3n.<\/p>\n<\/div><\/div><\/div>\n<\/div><\/div><\/div>\n\n\n\n<h2 class=\"wp-block-heading\" id=\"headline-13-1030\">Bienvenido a MAX Business School<\/h2>\n\n\n\n<p>MAX Business School es una instituci\u00f3n privada especializada en Marketing Digital y Negocios.<\/p>\n\n\n\n<p>Ofrecemos la formaci\u00f3n m\u00e1s completa y actualizada con una metodolog\u00eda avanzada orientada por el \"aprender haciendo\".<\/p>\n\n\n\n<p>Nuestro objetivo es que durante el curso los estudiantes desarrollen un negocio digital rentable, escalable y automatizado o las habilidades necesarias para conseguir un trabajo lucrativo, satisfactorio y muy demandado.<\/p>\n\n\n\n<p>Somos la primera Escuela de Negocios Digitales que ofrece un Master en Marketing y negocios Digitales completamente GRATIS.<\/p>\n\n\n\n<p class=\"has-theme-palette-8-background-color has-background\"><a href=\"https:\/\/scottmax.com\/master-in-digital-marketing-business\/\"><strong>Empiece en Max Business School\ud83d\udd25<\/strong><\/a><\/p>\n\n\n\n<h3 class=\"wp-block-heading\" id=\"headline-37-1030\">M\u00f3dulo 1: Creaci\u00f3n de su sitio web<\/h3>\n\n\n\n<p>En este m\u00f3dulo, iremos paso a paso a la construcci\u00f3n de su sitio web profesional y totalmente funcional.<\/p>\n\n\n\n<p>Vamos a aprender acerca de wordpress y conseguir que todo configurado con su propio dominio y alojamiento que es suyo para mantener.<\/p>\n\n\n\n<h3 class=\"wp-block-heading\" id=\"headline-47-1030\">M\u00f3dulo 2: Optimizaci\u00f3n para motores de b\u00fasqueda (SEO)<\/h3>\n\n\n\n<p>En este m\u00f3dulo, cubriremos todos los aspectos b\u00e1sicos de SEO.<\/p>\n\n\n\n<p>Los conocimientos que necesita saber para posicionar su sitio web en google.&nbsp;<\/p>\n\n\n\n<p>Y pasaremos a implementarlo todo en su nuevo sitio web.<\/p>\n\n\n\n<h3 class=\"wp-block-heading\" id=\"headline-57-1030\">M\u00f3dulo 3: Anal\u00edtica web<\/h3>\n\n\n\n<p>En este m\u00f3dulo, cubriremos c\u00f3mo configurar y analizar google analytics.&nbsp;<\/p>\n\n\n\n<p>Podr\u00e1 optimizar todos sus esfuerzos de marketing despu\u00e9s de comprender y empezar a ejecutar los datos que le proporcionar\u00e1 google analytics.<\/p>\n\n\n\n<h3 class=\"wp-block-heading\" id=\"headline-67-1030\">M\u00f3dulo 4: Marketing por correo electr\u00f3nico<\/h3>\n\n\n\n<p>En este m\u00f3dulo, cubrimos el por qu\u00e9 y el c\u00f3mo del marketing por correo electr\u00f3nico.<\/p>\n\n\n\n<p>Analizaremos las estrategias, as\u00ed como la creaci\u00f3n de una cuenta de marketing por correo electr\u00f3nico para su sitio web.&nbsp;<\/p>\n\n\n\n<p>A continuaci\u00f3n, pasaremos a c\u00f3mo empezar a hacer crecer su lista de correo electr\u00f3nico y qu\u00e9 hacer con esa lista.<\/p>\n\n\n\n<h3 class=\"wp-block-heading\" id=\"headline-79-1030\">M\u00f3dulo 5: Publicidad en buscadores (SEM)<\/h3>\n\n\n\n<p>En este m\u00f3dulo examinaremos los motores de b\u00fasqueda de que disponemos y c\u00f3mo comercializar con ellos.&nbsp;<\/p>\n\n\n\n<p>Bueno cubrir los fundamentos de la comercializaci\u00f3n de PPC, as\u00ed como algunas t\u00e1cticas b\u00e1sicas para conseguir que vencer a su competencia desde el primer d\u00eda.<\/p>\n\n\n\n<h3 class=\"wp-block-heading\" id=\"headline-90-1030\">M\u00f3dulo 6: Marketing en redes sociales<\/h3>\n\n\n\n<p>Los aspectos b\u00e1sicos sobre la creaci\u00f3n de sus cuentas en los medios sociales, c\u00f3mo utilizarlas y qu\u00e9 casos empresariales se aplican a determinadas plataformas de medios sociales y por qu\u00e9.<\/p>\n\n\n\n<h3 class=\"wp-block-heading\" id=\"headline-101-1030\">M\u00f3dulo 7: Anuncios en Facebook\/Instagram<\/h3>\n\n\n\n<p>En este m\u00f3dulo, cubriremos la plataforma de anuncios de Facebook e Instagram y aprenderemos a ejecutar, escalar y optimizar anuncios en estas plataformas.<\/p>","protected":false},"excerpt":{"rendered":"<p>Max Business School\u2122 100% Gratis - 100% Online - Totalmente Flexible - Con Certificaci\u00f3n Gratuita - \u00danase a m\u00e1s de 300.000 Estudiantes Master en Marketing Digital y Negocios Nuestro programa de m\u00e1ster altamente pr\u00e1ctico le convertir\u00e1 en un profesional del marketing digital capaz de: \u2714\ufe0f Empezar y dirigir su propia p\u00e1gina web business\u2714\ufe0f Conseguir el trabajo de marketing digital que desea. Bienvenido a MAX...<\/p>","protected":false},"author":1,"featured_media":1028,"parent":0,"menu_order":0,"comment_status":"closed","ping_status":"closed","template":"","meta":{"inline_featured_image":false,"_kad_blocks_custom_css":"","_kad_blocks_head_custom_js":"","_kad_blocks_body_custom_js":"","_kad_blocks_footer_custom_js":"","_kadence_starter_templates_imported_post":false,"_kad_post_transparent":"","_kad_post_title":"","_kad_post_layout":"","_kad_post_sidebar_id":"","_kad_post_content_style":"","_kad_post_vertical_padding":"","_kad_post_feature":"","_kad_post_feature_position":"","_kad_post_header":false,"_kad_post_footer":false,"footnotes":""},"class_list":["post-1030","page","type-page","status-publish","has-post-thumbnail","hentry"],"taxonomy_info":[],"featured_image_src_large":["https:\/\/scottmax.com\/wp-content\/uploads\/2020\/09\/logomaxbusinessschoolcropped.png",403,148,false],"author_info":{"display_name":"Scott Max","author_link":"https:\/\/scottmax.com\/es\/author\/scott\/"},"comment_info":0,"_links":{"self":[{"href":"https:\/\/scottmax.com\/es\/wp-json\/wp\/v2\/pages\/1030","targetHints":{"allow":["GET"]}}],"collection":[{"href":"https:\/\/scottmax.com\/es\/wp-json\/wp\/v2\/pages"}],"about":[{"href":"https:\/\/scottmax.com\/es\/wp-json\/wp\/v2\/types\/page"}],"author":[{"embeddable":true,"href":"https:\/\/scottmax.com\/es\/wp-json\/wp\/v2\/users\/1"}],"replies":[{"embeddable":true,"href":"https:\/\/scottmax.com\/es\/wp-json\/wp\/v2\/comments?post=1030"}],"version-history":[{"count":4,"href":"https:\/\/scottmax.com\/es\/wp-json\/wp\/v2\/pages\/1030\/revisions"}],"predecessor-version":[{"id":56591,"href":"https:\/\/scottmax.com\/es\/wp-json\/wp\/v2\/pages\/1030\/revisions\/56591"}],"wp:featuredmedia":[{"embeddable":true,"href":"https:\/\/scottmax.com\/es\/wp-json\/wp\/v2\/media\/1028"}],"wp:attachment":[{"href":"https:\/\/scottmax.com\/es\/wp-json\/wp\/v2\/media?parent=1030"}],"curies":[{"name":"wp","href":"https:\/\/api.w.org\/{rel}","templated":true}]}}