{"id":71662,"date":"2025-06-10T13:01:16","date_gmt":"2025-06-10T13:01:16","guid":{"rendered":"https:\/\/scottmax.com\/?page_id=71662"},"modified":"2025-06-20T15:30:10","modified_gmt":"2025-06-20T15:30:10","slug":"beca","status":"publish","type":"page","link":"https:\/\/scottmax.com\/es\/beca\/","title":{"rendered":"Becas en Max Business School"},"content":{"rendered":"<h1 class=\"wp-block-heading has-text-align-center\">Becas Max Business School<\/h1>\n\n\n<style>.kb-row-layout-id71662_2afa45-d5 > .kt-row-column-wrap{align-content:start;}:where(.kb-row-layout-id71662_2afa45-d5 > .kt-row-column-wrap) > .wp-block-kadence-column{justify-content:start;}.kb-row-layout-id71662_2afa45-d5 > .kt-row-column-wrap{column-gap:var(--global-kb-gap-md, 2rem);row-gap:var(--global-kb-gap-md, 2rem);padding-top:var(--global-kb-spacing-sm, 1.5rem);padding-bottom:var(--global-kb-spacing-sm, 1.5rem);grid-template-columns:minmax(0, calc(50% - ((var(--global-kb-gap-md, 2rem) * 1 )\/2)))minmax(0, calc(50% - ((var(--global-kb-gap-md, 2rem) * 1 )\/2)));}.kb-row-layout-id71662_2afa45-d5 > .kt-row-layout-overlay{opacity:0.30;}@media all and (max-width: 1024px){.kb-row-layout-id71662_2afa45-d5 > .kt-row-column-wrap{grid-template-columns:repeat(2, minmax(0, 1fr));}}@media all and (max-width: 767px){.kb-row-layout-id71662_2afa45-d5 > .kt-row-column-wrap{grid-template-columns:minmax(0, 1fr);}}<\/style><div class=\"kb-row-layout-wrap kb-row-layout-id71662_2afa45-d5 alignnone wp-block-kadence-rowlayout\"><div class=\"kt-row-column-wrap kt-has-2-columns kt-row-layout-equal kt-tab-layout-inherit kt-mobile-layout-row kt-row-valign-top\">\n<style>.kadence-column71662_efd69e-b8 > .kt-inside-inner-col,.kadence-column71662_efd69e-b8 > .kt-inside-inner-col:before{border-top-left-radius:0px;border-top-right-radius:0px;border-bottom-right-radius:0px;border-bottom-left-radius:0px;}.kadence-column71662_efd69e-b8 > .kt-inside-inner-col{column-gap:var(--global-kb-gap-sm, 1rem);}.kadence-column71662_efd69e-b8 > .kt-inside-inner-col{flex-direction:column;}.kadence-column71662_efd69e-b8 > .kt-inside-inner-col > .aligncenter{width:100%;}.kadence-column71662_efd69e-b8 > .kt-inside-inner-col:before{opacity:0.3;}.kadence-column71662_efd69e-b8{position:relative;}@media all and (max-width: 1024px){.kadence-column71662_efd69e-b8 > .kt-inside-inner-col{flex-direction:column;justify-content:center;}}@media all and (max-width: 767px){.kadence-column71662_efd69e-b8 > .kt-inside-inner-col{flex-direction:column;justify-content:center;}}<\/style>\n<div class=\"wp-block-kadence-column kadence-column71662_efd69e-b8\"><div class=\"kt-inside-inner-col\"><style>.kb-image71662_077258-b5 .kb-image-has-overlay:after{opacity:0.3;border-top-left-radius:20px;border-top-right-radius:20px;border-bottom-right-radius:20px;border-bottom-left-radius:20px;}.kb-image71662_077258-b5 img.kb-img, .kb-image71662_077258-b5 .kb-img img{border-top-left-radius:20px;border-top-right-radius:20px;border-bottom-right-radius:20px;border-bottom-left-radius:20px;}<\/style>\n<figure class=\"wp-block-kadence-image kb-image71662_077258-b5 size-large\"><img decoding=\"async\" width=\"1024\" height=\"544\" src=\"https:\/\/scottmax.com\/wp-content\/uploads\/2025\/06\/Max-Business-School-1024x544.png\" alt=\"\" class=\"kb-img wp-image-71666\" srcset=\"https:\/\/scottmax.com\/wp-content\/uploads\/2025\/06\/Max-Business-School-1024x544.png 1024w, https:\/\/scottmax.com\/wp-content\/uploads\/2025\/06\/Max-Business-School-300x159.png 300w, https:\/\/scottmax.com\/wp-content\/uploads\/2025\/06\/Max-Business-School-768x408.png 768w, https:\/\/scottmax.com\/wp-content\/uploads\/2025\/06\/Max-Business-School-18x10.png 18w, https:\/\/scottmax.com\/wp-content\/uploads\/2025\/06\/Max-Business-School.png 1084w\" sizes=\"(max-width: 1024px) 100vw, 1024px\" \/><\/figure>\n<\/div><\/div>\n\n\n<style>.kadence-column71662_980f07-ad > .kt-inside-inner-col,.kadence-column71662_980f07-ad > .kt-inside-inner-col:before{border-top-left-radius:0px;border-top-right-radius:0px;border-bottom-right-radius:0px;border-bottom-left-radius:0px;}.kadence-column71662_980f07-ad > .kt-inside-inner-col{column-gap:var(--global-kb-gap-sm, 1rem);}.kadence-column71662_980f07-ad > .kt-inside-inner-col{flex-direction:column;}.kadence-column71662_980f07-ad > .kt-inside-inner-col > .aligncenter{width:100%;}.kadence-column71662_980f07-ad > .kt-inside-inner-col:before{opacity:0.3;}.kadence-column71662_980f07-ad{position:relative;}@media all and (max-width: 1024px){.kadence-column71662_980f07-ad > .kt-inside-inner-col{flex-direction:column;justify-content:center;}}@media all and (max-width: 767px){.kadence-column71662_980f07-ad > .kt-inside-inner-col{flex-direction:column;justify-content:center;}}<\/style>\n<div class=\"wp-block-kadence-column kadence-column71662_980f07-ad\"><div class=\"kt-inside-inner-col\">\n<p>En Max Business School, creemos que el talento excepcional no deber\u00eda estar limitado por barreras financieras. A trav\u00e9s de nuestras alianzas estrat\u00e9gicas con instituciones y corporaciones con visi\u00f3n de futuro, estamos orgullosos de ofrecer becas espec\u00edficas que hacen que nuestro M\u00e1ster en Marketing Digital sea accesible a comunidades subrepresentadas y mercados emergentes de todo el mundo.<\/p>\n<\/div><\/div>\n\n<\/div><\/div>\n\n<style>.wp-block-kadence-advancedbtn.kb-btns71662_c047c0-a1{gap:var(--global-kb-gap-xs, 0.5rem );justify-content:center;align-items:center;}.kt-btns71662_c047c0-a1 .kt-button{font-weight:normal;font-style:normal;}.kt-btns71662_c047c0-a1 .kt-btn-wrap-0{margin-right:5px;}.wp-block-kadence-advancedbtn.kt-btns71662_c047c0-a1 .kt-btn-wrap-0 .kt-button{color:#555555;border-color:#555555;}.wp-block-kadence-advancedbtn.kt-btns71662_c047c0-a1 .kt-btn-wrap-0 .kt-button:hover, .wp-block-kadence-advancedbtn.kt-btns71662_c047c0-a1 .kt-btn-wrap-0 .kt-button:focus{color:#ffffff;border-color:#444444;}.wp-block-kadence-advancedbtn.kt-btns71662_c047c0-a1 .kt-btn-wrap-0 .kt-button::before{display:none;}.wp-block-kadence-advancedbtn.kt-btns71662_c047c0-a1 .kt-btn-wrap-0 .kt-button:hover, .wp-block-kadence-advancedbtn.kt-btns71662_c047c0-a1 .kt-btn-wrap-0 .kt-button:focus{background:#444444;}<\/style>\n<div class=\"wp-block-kadence-advancedbtn kb-buttons-wrap kb-btns71662_c047c0-a1\"><style>ul.menu .wp-block-kadence-advancedbtn .kb-btn71662_41f40a-21.kb-button{width:initial;}<\/style><a class=\"kb-button kt-button button kb-btn71662_41f40a-21 kt-btn-size-standard kt-btn-width-type-auto kb-btn-global-fill  kt-btn-has-text-true kt-btn-has-svg-false  wp-block-kadence-singlebtn\" href=\"#apply\"><span class=\"kt-btn-inner-text\">Solicitar una beca<\/span><\/a>\n\n<style>ul.menu .wp-block-kadence-advancedbtn .kb-btn71662_baa4a5-a2.kb-button{width:initial;}<\/style><span class=\"kb-button kt-button button kb-btn71662_baa4a5-a2 kt-btn-size-standard kt-btn-width-type-auto kb-btn-global-outline  kt-btn-has-text-true kt-btn-has-svg-false  wp-block-kadence-singlebtn\"><span class=\"kt-btn-inner-text\">As\u00f3ciese con nosotros<\/span><\/span><\/div>\n\n\n\n<hr class=\"wp-block-separator has-alpha-channel-opacity\"\/>\n\n\n<style>.kb-row-layout-id71662_eec342-48 > .kt-row-column-wrap{align-content:start;}:where(.kb-row-layout-id71662_eec342-48 > .kt-row-column-wrap) > .wp-block-kadence-column{justify-content:start;}.kb-row-layout-id71662_eec342-48 > .kt-row-column-wrap{column-gap:var(--global-kb-gap-md, 2rem);row-gap:var(--global-kb-gap-md, 2rem);padding-top:var(--global-kb-spacing-sm, 1.5rem);padding-bottom:var(--global-kb-spacing-sm, 1.5rem);grid-template-columns:minmax(0, 1fr);}.kb-row-layout-id71662_eec342-48 > .kt-row-layout-overlay{opacity:0.30;}@media all and (max-width: 1024px){.kb-row-layout-id71662_eec342-48 > .kt-row-column-wrap{grid-template-columns:minmax(0, 1fr);}}@media all and (max-width: 767px){.kb-row-layout-id71662_eec342-48 > .kt-row-column-wrap{grid-template-columns:minmax(0, 1fr);}}<\/style><div class=\"kb-row-layout-wrap kb-row-layout-id71662_eec342-48 alignnone wp-block-kadence-rowlayout\"><div class=\"kt-row-column-wrap kt-has-1-columns kt-row-layout-equal kt-tab-layout-inherit kt-mobile-layout-row kt-row-valign-top\">\n<style>.kadence-column71662_25bf0c-ca > .kt-inside-inner-col,.kadence-column71662_25bf0c-ca > .kt-inside-inner-col:before{border-top-left-radius:0px;border-top-right-radius:0px;border-bottom-right-radius:0px;border-bottom-left-radius:0px;}.kadence-column71662_25bf0c-ca > .kt-inside-inner-col{column-gap:var(--global-kb-gap-sm, 1rem);}.kadence-column71662_25bf0c-ca > .kt-inside-inner-col{flex-direction:column;}.kadence-column71662_25bf0c-ca > .kt-inside-inner-col > .aligncenter{width:100%;}.kadence-column71662_25bf0c-ca > .kt-inside-inner-col:before{opacity:0.3;}.kadence-column71662_25bf0c-ca{position:relative;}@media all and (max-width: 1024px){.kadence-column71662_25bf0c-ca > .kt-inside-inner-col{flex-direction:column;justify-content:center;}}@media all and (max-width: 767px){.kadence-column71662_25bf0c-ca > .kt-inside-inner-col{flex-direction:column;justify-content:center;}}<\/style>\n<div class=\"wp-block-kadence-column kadence-column71662_25bf0c-ca\" id=\"apply\"><div class=\"kt-inside-inner-col\">\n<h2 class=\"wp-block-heading has-text-align-center\">Oportunidades de becas destacadas<\/h2>\n\n\n\n<p class=\"has-text-align-center\">Actualmente se aceptan solicitudes:<\/p>\n\n\n<style>.kb-posts-id-71662_1b66ef-00 .kb-post-list-item{display:grid;}<\/style><ul class=\"wp-block-kadence-posts kb-posts kadence-posts-list kb-posts-id-71662_1b66ef-00 content-wrap grid-cols kb-posts-style-boxed grid-sm-col-1 grid-lg-col-1 item-image-style-beside\"><li class=\"kb-post-list-item\">\n\t<article class=\"entry content-bg loop-entry kb-post-no-image post-71822 scholarship type-scholarship status-publish has-post-thumbnail hentry\">\n\t\t\t\t<div class=\"entry-content-wrap\">\n\t\t\t<header class=\"entry-header\">\n\t<h4 class=\"entry-title\"><a href=\"https:\/\/scottmax.com\/es\/beca\/tengo-una-beca-de-ensueno\/\" rel=\"bookmark\">\"Beca \"Tengo un sue\u00f1o<\/a><\/h4>\t<div class=\"entry-meta entry-meta-divider-dot\">\n\t\t<\/div><!-- .entry-meta -->\n\t<\/header><!-- .entry-header -->\n\t<div class=\"entry-summary\">\n\t\t<p>Patrocinada por Scott Max Descripci\u00f3n general de la beca La beca \"Tengo un sue\u00f1o\" celebra a los visionarios audaces que quieren construir algo significativo y ayudar a otros a trav\u00e9s de su viaje empresarial. Patrocinada personalmente por Scott Max, fundador de Max Business School, esta beca est\u00e1 dise\u00f1ada para so\u00f1adores que est\u00e1n listos para convertir su visi\u00f3n en realidad. Valor de la beca...<\/p>\n\t<\/div><!-- .entry-summary -->\n\t<footer class=\"entry-footer\">\n\t\t\t<div class=\"entry-actions\">\n\t\t\t<p class=\"more-link-wrap\">\n\t\t\t\t<a href=\"https:\/\/scottmax.com\/es\/beca\/tengo-una-beca-de-ensueno\/\" class=\"post-more-link\">\n\t\t\t\t\tExplorar las becas<span class=\"screen-reader-text\"> \"Beca \"Tengo un sue\u00f1o<\/span><span class=\"kadence-svg-iconset svg-baseline\"><svg aria-hidden=\"true\" class=\"kadence-svg-icon kadence-arrow-right-alt-svg\" fill=\"currentColor\" version=\"1.1\" xmlns=\"http:\/\/www.w3.org\/2000\/svg\" width=\"27\" height=\"28\" viewbox=\"0 0 27 28\"><title>Continuar<\/title><path d=\"M27 13.953c0 0.141-0.063 0.281-0.156 0.375l-6 5.531c-0.156 0.141-0.359 0.172-0.547 0.094-0.172-0.078-0.297-0.25-0.297-0.453v-3.5h-19.5c-0.281 0-0.5-0.219-0.5-0.5v-3c0-0.281 0.219-0.5 0.5-0.5h19.5v-3.5c0-0.203 0.109-0.375 0.297-0.453s0.391-0.047 0.547 0.078l6 5.469c0.094 0.094 0.156 0.219 0.156 0.359v0z\"><\/path>\n\t\t\t<\/svg><\/span>\t\t\t\t<\/a>\n\t\t\t<\/p>\n\t\t<\/div><!-- .entry-actions -->\n\t\t<\/footer><!-- .entry-footer -->\t\t<\/div>\n\t<\/article>\n<\/li>\n<li class=\"kb-post-list-item\">\n\t<article class=\"entry content-bg loop-entry kb-post-no-image post-71678 scholarship type-scholarship status-publish has-post-thumbnail hentry\">\n\t\t\t\t<div class=\"entry-content-wrap\">\n\t\t\t<header class=\"entry-header\">\n\t<h4 class=\"entry-title\"><a href=\"https:\/\/scottmax.com\/es\/beca\/beca-women-in-tech-kenya\/\" rel=\"bookmark\">Beca Women in Tech Kenia<\/a><\/h4>\t<div class=\"entry-meta entry-meta-divider-dot\">\n\t\t<\/div><!-- .entry-meta -->\n\t<\/header><!-- .entry-header -->\n\t<div class=\"entry-summary\">\n\t\t<p>Asociaci\u00f3n con la Iniciativa Mujeres en Tecnolog\u00eda de Kenia Visi\u00f3n general de la beca La beca Mujeres en Tecnolog\u00eda de Kenia est\u00e1 dise\u00f1ada para empoderar a las mujeres empresarias y profesionales de todo el pa\u00eds eliminando las barreras iniciales para establecer su presencia digital. Aunque el programa de m\u00e1ster en marketing digital de Max Business School es totalmente gratuito para todos los estudiantes, esta beca...<\/p>\n\t<\/div><!-- .entry-summary -->\n\t<footer class=\"entry-footer\">\n\t\t\t<div class=\"entry-actions\">\n\t\t\t<p class=\"more-link-wrap\">\n\t\t\t\t<a href=\"https:\/\/scottmax.com\/es\/beca\/beca-women-in-tech-kenya\/\" class=\"post-more-link\">\n\t\t\t\t\tExplorar las becas<span class=\"screen-reader-text\"> Beca Women in Tech Kenia<\/span><span class=\"kadence-svg-iconset svg-baseline\"><svg aria-hidden=\"true\" class=\"kadence-svg-icon kadence-arrow-right-alt-svg\" fill=\"currentColor\" version=\"1.1\" xmlns=\"http:\/\/www.w3.org\/2000\/svg\" width=\"27\" height=\"28\" viewbox=\"0 0 27 28\"><title>Continuar<\/title><path d=\"M27 13.953c0 0.141-0.063 0.281-0.156 0.375l-6 5.531c-0.156 0.141-0.359 0.172-0.547 0.094-0.172-0.078-0.297-0.25-0.297-0.453v-3.5h-19.5c-0.281 0-0.5-0.219-0.5-0.5v-3c0-0.281 0.219-0.5 0.5-0.5h19.5v-3.5c0-0.203 0.109-0.375 0.297-0.453s0.391-0.047 0.547 0.078l6 5.469c0.094 0.094 0.156 0.219 0.156 0.359v0z\"><\/path>\n\t\t\t<\/svg><\/span>\t\t\t\t<\/a>\n\t\t\t<\/p>\n\t\t<\/div><!-- .entry-actions -->\n\t\t<\/footer><!-- .entry-footer -->\t\t<\/div>\n\t<\/article>\n<\/li>\n<\/ul><\/div><\/div>\n\n<\/div><\/div>\n\n\n<hr class=\"wp-block-separator has-alpha-channel-opacity\"\/>\n\n\n\n<h2 class=\"wp-block-heading\">Por qu\u00e9 es importante nuestro programa de becas<\/h2>\n\n\n\n<p><strong>Rompiendo barreras:<\/strong> Nos comprometemos a garantizar que la geograf\u00eda, el sexo o la situaci\u00f3n econ\u00f3mica nunca impidan a las personas con talento acceder a una educaci\u00f3n de calidad.<\/p>\n\n\n\n<p><strong>Crear impacto:<\/strong> Nuestros becarios se convierten en embajadores del marketing digital en sus comunidades, multiplicando el impacto de su educaci\u00f3n.<\/p>\n\n\n\n<p><strong>Construir redes:<\/strong> Los becarios se unen a una exclusiva red mundial de antiguos alumnos de la Max Business School, fomentando la colaboraci\u00f3n internacional y el intercambio de conocimientos.<\/p>\n\n\n\n<p><strong>Impulsar la innovaci\u00f3n:<\/strong> Al apoyar perspectivas diversas, estamos cultivando la pr\u00f3xima generaci\u00f3n de innovadores del marketing digital que entienden los retos \u00fanicos del mercado.<\/p>\n\n\n\n<hr class=\"wp-block-separator has-alpha-channel-opacity\"\/>\n\n\n\n<h2 class=\"wp-block-heading\">Acerca de nuestro programa de m\u00e1ster en marketing digital<\/h2>\n\n\n\n<p>Nuestro amplio programa cubre:<\/p>\n\n\n\n<ul class=\"wp-block-list\">\n<li>Desarrollo y dise\u00f1o de p\u00e1ginas web<\/li>\n\n\n\n<li>Fundamentos del marketing digital<\/li>\n\n\n\n<li>Estrategia y gesti\u00f3n de los medios sociales<\/li>\n\n\n\n<li>Marketing de contenidos y SEO<\/li>\n\n\n\n<li>An\u00e1lisis y toma de decisiones basada en datos<\/li>\n\n\n\n<li>Comercio electr\u00f3nico y optimizaci\u00f3n de la conversi\u00f3n<\/li>\n\n\n\n<li>Marca personal y esp\u00edritu empresarial<\/li>\n<\/ul>\n\n\n\n<p><strong>Puntos destacados del programa:<\/strong><\/p>\n\n\n\n<ul class=\"wp-block-list\">\n<li>Proyectos pr\u00e1cticos con empresas reales<\/li>\n\n\n\n<li>Certificaci\u00f3n reconocida por la industria<\/li>\n\n\n\n<li>Acceso de por vida a los materiales del curso<\/li>\n\n\n\n<li>Comunidad mundial de profesionales<\/li>\n\n\n\n<li>Tutor\u00eda y apoyo continuos<\/li>\n<\/ul>\n\n\n\n<hr class=\"wp-block-separator has-alpha-channel-opacity\"\/>\n\n\n\n<h2 class=\"wp-block-heading\">C\u00f3mo solicitar una beca<\/h2>\n\n\n\n<h3 class=\"wp-block-heading\">Paso 1: Elija su beca<\/h3>\n\n\n\n<p>Revise nuestras becas disponibles y seleccione la que mejor se adapte a su formaci\u00f3n y objetivos.<\/p>\n\n\n\n<h3 class=\"wp-block-heading\">Paso 2: Complete su solicitud<\/h3>\n\n\n\n<p>Env\u00ede su solicitud incluyendo:<\/p>\n\n\n\n<ul class=\"wp-block-list\">\n<li>Declaraci\u00f3n personal explicando sus objetivos y c\u00f3mo esta beca repercutir\u00e1 en su comunidad<\/li>\n\n\n\n<li>Verificaci\u00f3n satisfactoria de la elegibilidad para la beca elegida<\/li>\n\n\n\n<li>Experiencia profesional y proyectos actuales<\/li>\n\n\n\n<li>Dos referencias profesionales<\/li>\n\n\n\n<li>Portafolio de cualquier trabajo digital existente (opcional)<\/li>\n\n\n\n<li>Plan de negocio detallado con su impacto deseado<\/li>\n\n\n\n<li>Documento de identidad v\u00e1lido con fotograf\u00eda<\/li>\n\n\n\n<li>Prueba de una cuenta paypal verificada a su nombre para enviar y recibir los pagos de la beca<\/li>\n<\/ul>\n\n\n\n<h3 class=\"wp-block-heading\">Paso 3: Proceso de entrevista<\/h3>\n\n\n\n<p>Los candidatos seleccionados participar\u00e1n en una breve entrevista en v\u00eddeo para hablar de su visi\u00f3n y compromiso.<\/p>\n\n\n\n<h3 class=\"wp-block-heading\">Paso 4: Comience su viaje<\/h3>\n\n\n\n<p>Los candidatos seleccionados recibir\u00e1n acceso inmediato a nuestro programa de m\u00e1ster en marketing digital y se unir\u00e1n a nuestra comunidad de becarios.<\/p>\n\n\n\n<hr class=\"wp-block-separator has-alpha-channel-opacity\"\/>\n\n\n\n<h2 class=\"wp-block-heading\">As\u00f3ciese con nosotros y cree su propia beca<\/h2>\n\n\n\n<p><strong>\u00bfEs usted una organizaci\u00f3n o entidad gubernamental que busca invertir en el desarrollo del talento digital?<\/strong><\/p>\n\n\n\n<p>Buscamos activamente asociaciones con:<\/p>\n\n\n\n<ul class=\"wp-block-list\">\n<li><strong>Corporaciones<\/strong> que buscan apoyar la transformaci\u00f3n digital en sus industrias<\/li>\n\n\n\n<li><strong>Sin \u00e1nimo de lucro<\/strong> centrado en la educaci\u00f3n y el desarrollo econ\u00f3mico<\/li>\n\n\n\n<li><strong>Agencias gubernamentales<\/strong> promover la alfabetizaci\u00f3n digital y el esp\u00edritu empresarial<\/li>\n\n\n\n<li><strong>Asociaciones comerciales<\/strong> que desean modernizar las empresas de sus miembros<\/li>\n<\/ul>\n\n\n\n<p><strong>Beneficios de la asociaci\u00f3n:<\/strong><\/p>\n\n\n\n<ul class=\"wp-block-list\">\n<li>Visibilidad de la marca ante nuestra comunidad mundial de estudiantes<\/li>\n\n\n\n<li>Acceso a talentos formados en marketing digital<\/li>\n\n\n\n<li>Informes de impacto detallados que muestren los resultados de las becas<\/li>\n\n\n\n<li>Oportunidades para conferencias de invitados y colaboraci\u00f3n con la industria<\/li>\n<\/ul>\n\n\n\n<p><strong><a href=\"https:\/\/scottmax.com\/about-me\/\" data-type=\"page\" data-id=\"87\">Contacte con nosotros<\/a><\/strong> en <strong>partner@scottmax.com<\/strong> para discutir c\u00f3mo podemos crear un programa de becas que se alinee con la misi\u00f3n y los valores de su organizaci\u00f3n.<\/p>\n\n\n\n<hr class=\"wp-block-separator has-alpha-channel-opacity\"\/>\n\n\n\n<h2 class=\"wp-block-heading\">Historias de \u00e9xito<\/h2>\n\n\n\n<p><em>\"La beca no s\u00f3lo cambi\u00f3 mi negocio: transform\u00f3 a toda mi comunidad. Ahora ayudo a otras empresarias de Nairobi a construir su presencia digital.\"<\/em><br><strong>- Sarah M., becaria de Women in Tech Kenya<\/strong><\/p>\n\n\n\n<p><em>\"Desde la venta de aceitunas en el mercado local hasta la exportaci\u00f3n a toda Europa, el marketing digital dio a mi granja familiar un alcance global que nunca imaginamos posible\".<\/em><br><strong>- Dimitris K., beneficiario de la beca Tengo un sue\u00f1o<\/strong><\/p>\n\n\n\n<hr class=\"wp-block-separator has-alpha-channel-opacity\"\/>\n\n\n\n<h2 class=\"wp-block-heading\">\u00bfListo para solicitarlo?<\/h2>\n\n\n\n<p><strong>Las solicitudes se revisan de forma continua.<\/strong> No espere: inicie su solicitud hoy mismo y d\u00e9 el primer paso hacia la transformaci\u00f3n de su carrera y su comunidad a trav\u00e9s de la excelencia en marketing digital.<\/p>\n\n\n\n<p><\/p>\n\n\n\n<hr class=\"wp-block-separator has-alpha-channel-opacity\"\/>\n\n\n\n<p><em>Max Business School est\u00e1 comprometida con la educaci\u00f3n en igualdad de oportunidades y con la construcci\u00f3n de una comunidad diversa y global de profesionales del marketing digital.<\/em><\/p>","protected":false},"excerpt":{"rendered":"<p>Becas Max Business School En Max Business School, creemos que el talento excepcional no deber\u00eda estar limitado por barreras financieras. A trav\u00e9s de nuestras asociaciones estrat\u00e9gicas con instituciones y corporaciones con visi\u00f3n de futuro, estamos orgullosos de ofrecer becas espec\u00edficas que hacen que nuestro M\u00e1ster en Marketing Digital sea accesible a las comunidades subrepresentadas y a los mercados emergentes de todo el mundo. Oportunidades de becas destacadas Actualmente se aceptan solicitudes:...<\/p>","protected":false},"author":1,"featured_media":0,"parent":0,"menu_order":0,"comment_status":"closed","ping_status":"closed","template":"","meta":{"inline_featured_image":false,"_kad_blocks_custom_css":"","_kad_blocks_head_custom_js":"","_kad_blocks_body_custom_js":"","_kad_blocks_footer_custom_js":"","_kadence_starter_templates_imported_post":false,"_kad_post_transparent":"","_kad_post_title":"","_kad_post_layout":"","_kad_post_sidebar_id":"","_kad_post_content_style":"","_kad_post_vertical_padding":"","_kad_post_feature":"","_kad_post_feature_position":"","_kad_post_header":false,"_kad_post_footer":false,"footnotes":""},"class_list":["post-71662","page","type-page","status-publish","hentry"],"taxonomy_info":[],"featured_image_src_large":false,"author_info":{"display_name":"Scott Max","author_link":"https:\/\/scottmax.com\/es\/author\/scott\/"},"comment_info":0,"_links":{"self":[{"href":"https:\/\/scottmax.com\/es\/wp-json\/wp\/v2\/pages\/71662","targetHints":{"allow":["GET"]}}],"collection":[{"href":"https:\/\/scottmax.com\/es\/wp-json\/wp\/v2\/pages"}],"about":[{"href":"https:\/\/scottmax.com\/es\/wp-json\/wp\/v2\/types\/page"}],"author":[{"embeddable":true,"href":"https:\/\/scottmax.com\/es\/wp-json\/wp\/v2\/users\/1"}],"replies":[{"embeddable":true,"href":"https:\/\/scottmax.com\/es\/wp-json\/wp\/v2\/comments?post=71662"}],"version-history":[{"count":13,"href":"https:\/\/scottmax.com\/es\/wp-json\/wp\/v2\/pages\/71662\/revisions"}],"predecessor-version":[{"id":71849,"href":"https:\/\/scottmax.com\/es\/wp-json\/wp\/v2\/pages\/71662\/revisions\/71849"}],"wp:attachment":[{"href":"https:\/\/scottmax.com\/es\/wp-json\/wp\/v2\/media?parent=71662"}],"curies":[{"name":"wp","href":"https:\/\/api.w.org\/{rel}","templated":true}]}}