{"id":87,"date":"2018-05-01T04:15:28","date_gmt":"2018-05-01T04:15:28","guid":{"rendered":"http:\/\/atomic.oxy.host\/?page_id=231"},"modified":"2025-01-25T12:59:37","modified_gmt":"2025-01-25T12:59:37","slug":"sobre-mi","status":"publish","type":"page","link":"https:\/\/scottmax.com\/es\/sobre-mi\/","title":{"rendered":"Sobre m\u00ed"},"content":{"rendered":"<h2 class=\"wp-block-heading has-text-align-center\">\u00bfQui\u00e9n es Scott Max?<\/h2>\n\n\n\n<div class=\"wp-block-columns is-layout-flex wp-container-core-columns-is-layout-9d6595d7 wp-block-columns-is-layout-flex\">\n<div class=\"wp-block-column is-layout-flow wp-block-column-is-layout-flow\"><style>.kb-image87_a31d05-bb .kb-image-has-overlay:after{opacity:0.3;border-top-left-radius:20px;border-top-right-radius:20px;border-bottom-right-radius:20px;border-bottom-left-radius:20px;}.kb-image87_a31d05-bb img.kb-img, .kb-image87_a31d05-bb .kb-img img{border-top-left-radius:20px;border-top-right-radius:20px;border-bottom-right-radius:20px;border-bottom-left-radius:20px;}<\/style>\n<figure class=\"wp-block-kadence-image kb-image87_a31d05-bb size-large\"><img decoding=\"async\" width=\"683\" height=\"1024\" src=\"https:\/\/scottmax.com\/wp-content\/uploads\/2020\/10\/scottprofile-683x1024.jpg\" alt=\"\" class=\"kb-img wp-image-592\" srcset=\"https:\/\/scottmax.com\/wp-content\/uploads\/2020\/10\/scottprofile-683x1024.jpg 683w, https:\/\/scottmax.com\/wp-content\/uploads\/2020\/10\/scottprofile-200x300.jpg 200w, https:\/\/scottmax.com\/wp-content\/uploads\/2020\/10\/scottprofile-768x1152.jpg 768w, https:\/\/scottmax.com\/wp-content\/uploads\/2020\/10\/scottprofile-1024x1536.jpg 1024w, https:\/\/scottmax.com\/wp-content\/uploads\/2020\/10\/scottprofile-1365x2048.jpg 1365w, https:\/\/scottmax.com\/wp-content\/uploads\/2020\/10\/scottprofile-scaled.jpg 1707w\" sizes=\"(max-width: 683px) 100vw, 683px\" \/><\/figure>\n<\/div>\n\n\n\n<div class=\"wp-block-column is-layout-flow wp-block-column-is-layout-flow\">\n<h3 class=\"wp-block-heading\" id=\"headline-7-231\">&lt;-Este tipo \ud83d\ude0e<\/h3>\n\n\n\n<p>En la vida real mi nombre completo es Scott Maximilan Kanacher.&nbsp;<\/p>\n\n\n\n<p>Pero como es un nombre terrible a efectos de marketing (nadie lo deletrea bien a la primera), yo lo llamo Scott Max por simplicidad.<\/p>\n\n\n\n<p>Escribo art\u00edculos \u00fatiles para ayudarle con su negocio en l\u00ednea.<\/p>\n\n\n\n<p>Ense\u00f1o a&nbsp;<a href=\"https:\/\/scottmax.com\/courses\/free-master-in-digital-marketing-business\/\">M\u00e1ster en Marketing y Negocios Digitales<\/a>&nbsp;de forma gratuita para que cualquiera pueda iniciar una carrera en este espacio, con un empleo o con su propio negocio en l\u00ednea.<\/p>\n\n\n\n<p>Justo lo que hubiera necesitado cuando empec\u00e9 en 2014.<\/p>\n\n\n\n<p>Si quiere ponerse en contacto, env\u00edeme un DM a\u00a0<a href=\"https:\/\/www.instagram.com\/scottmaximal\" target=\"_blank\" rel=\"noopener\">@scottmaximal<\/a><strong>.<\/strong><\/p>\n\n\n\n<p>Si est\u00e1 interesado en una posible asociaci\u00f3n con nosotros aqu\u00ed en scottmax.com por favor env\u00ede un correo electr\u00f3nico a <strong>partners@scottmax.com<\/strong><\/p>\n\n\n\n<p>Y por \u00faltimo, gracias por interesarse lo suficiente por mi trabajo como para llegar hasta esta p\u00e1gina \u2764\ufe0f.<\/p>\n\n\n\n<p>Ciao,<\/p>\n\n\n\n<p>Scott Max<\/p>\n<\/div>\n<\/div>","protected":false},"excerpt":{"rendered":"<p>\u00bfQui\u00e9n es Scott Max? &lt;-This Guy \ud83d\ude0e En la vida real mi nombre completo es Scott Maximilan Kanacher.  Pero como ese es un nombre terrible para prop\u00f3sitos de marketing (nadie lo deletrea bien la primera vez) me hago llamar Scott Max por simplicidad. Escribo art\u00edculos \u00fatiles para ayudarle con su negocio en l\u00ednea. Imparto un m\u00e1ster...<\/p>","protected":false},"author":1,"featured_media":0,"parent":0,"menu_order":0,"comment_status":"closed","ping_status":"closed","template":"","meta":{"inline_featured_image":false,"_kad_blocks_custom_css":"","_kad_blocks_head_custom_js":"","_kad_blocks_body_custom_js":"","_kad_blocks_footer_custom_js":"","_kadence_starter_templates_imported_post":false,"_kad_post_transparent":"","_kad_post_title":"","_kad_post_layout":"","_kad_post_sidebar_id":"","_kad_post_content_style":"","_kad_post_vertical_padding":"","_kad_post_feature":"","_kad_post_feature_position":"","_kad_post_header":false,"_kad_post_footer":false,"footnotes":""},"class_list":["post-87","page","type-page","status-publish","hentry"],"taxonomy_info":[],"featured_image_src_large":false,"author_info":{"display_name":"Scott Max","author_link":"https:\/\/scottmax.com\/es\/author\/scott\/"},"comment_info":0,"_links":{"self":[{"href":"https:\/\/scottmax.com\/es\/wp-json\/wp\/v2\/pages\/87","targetHints":{"allow":["GET"]}}],"collection":[{"href":"https:\/\/scottmax.com\/es\/wp-json\/wp\/v2\/pages"}],"about":[{"href":"https:\/\/scottmax.com\/es\/wp-json\/wp\/v2\/types\/page"}],"author":[{"embeddable":true,"href":"https:\/\/scottmax.com\/es\/wp-json\/wp\/v2\/users\/1"}],"replies":[{"embeddable":true,"href":"https:\/\/scottmax.com\/es\/wp-json\/wp\/v2\/comments?post=87"}],"version-history":[{"count":5,"href":"https:\/\/scottmax.com\/es\/wp-json\/wp\/v2\/pages\/87\/revisions"}],"predecessor-version":[{"id":67527,"href":"https:\/\/scottmax.com\/es\/wp-json\/wp\/v2\/pages\/87\/revisions\/67527"}],"wp:attachment":[{"href":"https:\/\/scottmax.com\/es\/wp-json\/wp\/v2\/media?parent=87"}],"curies":[{"name":"wp","href":"https:\/\/api.w.org\/{rel}","templated":true}]}}